{"id":6235,"date":"2025-12-07T23:59:48","date_gmt":"2025-12-07T22:59:48","guid":{"rendered":"https:\/\/trece-store.com\/?post_type=product&#038;p=6235"},"modified":"2026-04-16T12:05:10","modified_gmt":"2026-04-16T10:05:10","slug":"top-brownie-recyflex","status":"publish","type":"product","link":"https:\/\/trece-store.com\/en\/produkt\/top-brownie-recyflex\/","title":{"rendered":"TOP BROWNIE RECYFLEX\u2122"},"content":{"rendered":"<section class=\"l-section wpb_row height_custom\"><div class=\"l-section-h i-cf\"><div class=\"g-cols vc_row via_flex valign_top type_default stacking_default\"><div class=\"vc_col-sm-12 wpb_column vc_column_container\"><div class=\"vc_column-inner\"><div class=\"wpb_wrapper\"><div class=\"wpb_text_column\"><div class=\"wpb_wrapper\"><p data-start=\"151\" data-end=\"334\">Wprowadzamy nasz\u0105 pierwsz\u0105 lini\u0119 odzie\u017cy &#8211; projekt, kt\u00f3ry jest dla nas jednocze\u015bnie <strong data-start=\"256\" data-end=\"292\">testem jako\u015bci, designu i odwagi<\/strong>. Chcemy, \u017ceby\u015b by\u0142a cz\u0119\u015bci\u0105 tej ewolucji.<\/p>\n<p data-start=\"151\" data-end=\"334\"><strong data-start=\"340\" data-end=\"367\">TEST-DRIVE THE QUALITY<\/strong><\/p>\n<p data-start=\"370\" data-end=\"639\">Zakup <strong>dropu 001<\/strong> to co\u015b wi\u0119cej ni\u017c nowy element garderoby.<br data-start=\"427\" data-end=\"430\" \/>To zaproszenie do wsp\u00f3\u0142tworzenia. Ka\u017cda osoba, kt\u00f3ra zam\u00f3wi nasz str\u00f3j, otrzyma pro\u015bb\u0119 o szczer\u0105 recenzj\u0119. Tw\u00f3j g\u0142os naprawd\u0119 kszta\u0142tuje nasz\u0105 przysz\u0142o\u015b\u0107 &#8211; razem tworzymy standardy, kt\u00f3rych jeszcze nie ma.<\/p>\n<p data-start=\"682\" data-end=\"794\">\ud83c\udf3f Stawiamy na <strong data-start=\"694\" data-end=\"726\">innowacj\u0119 i odpowiedzialno\u015b\u0107<\/strong>.<br data-start=\"727\" data-end=\"730\" \/>Nasz materia\u0142 powstaje w 73% z nylonu pochodz\u0105cego z recyklingu i 27% z spandexu.<\/p>\n<p data-start=\"682\" data-end=\"794\">To nie tylko nowoczesna technologia: to zr\u00f3wnowa\u017cona alternatywa dla tradycyjnego nylonu, a r\u00f3\u017cnicy nie poczujesz!<\/p>\n<h2 data-start=\"1077\" data-end=\"1107\"><strong data-start=\"1080\" data-end=\"1107\">PERFEKCYJNE WYKO\u0143CZENIE<\/strong><\/h2>\n<p data-start=\"1392\" data-end=\"1458\">Nasz top zosta\u0142 zaprojektowany tak, aby \u0142\u0105czy\u0107 <strong data-start=\"159\" data-end=\"209\">komfort, podtrzymanie i minimalistyczny design<\/strong>.<\/p>\n<ul data-start=\"214\" data-end=\"587\">\n<li data-start=\"214\" data-end=\"317\">\n<p data-start=\"216\" data-end=\"317\"><strong data-start=\"216\" data-end=\"237\">Wyjmowane wk\u0142adki<\/strong> zapewniaj\u0105 naturalny kszta\u0142t i mo\u017cliwo\u015b\u0107 dopasowania do w\u0142asnych preferencji.<\/p>\n<\/li>\n<li data-start=\"318\" data-end=\"455\">\n<p data-start=\"320\" data-end=\"455\"><strong data-start=\"320\" data-end=\"352\">Szerokie, stabilne rami\u0105czka<\/strong> r\u00f3wnomiernie rozk\u0142adaj\u0105 ci\u0119\u017car, nie wbijaj\u0105 si\u0119 w sk\u00f3r\u0119 i gwarantuj\u0105 pe\u0142en komfort przez ca\u0142y dzie\u0144.<\/p>\n<\/li>\n<li data-start=\"456\" data-end=\"587\">\n<p data-start=\"458\" data-end=\"587\"><strong data-start=\"458\" data-end=\"487\">Pewne podtrzymanie biustu<\/strong> sprawia, \u017ce stanik pozostaje na miejscu zar\u00f3wno podczas aktywno\u015bci, jak i w codziennym u\u017cytkowaniu.<\/p>\n<\/li>\n<\/ul>\n<h2 data-start=\"1077\" data-end=\"1107\"><\/h2>\n<\/div><\/div><\/div><\/div><\/div><\/div><\/div><\/section><section class=\"l-section wpb_row height_custom\"><div class=\"l-section-h i-cf\"><div class=\"g-cols vc_row via_flex valign_top type_default stacking_default\"><div class=\"vc_col-sm-12 wpb_column vc_column_container\"><div class=\"vc_column-inner\"><div class=\"wpb_wrapper\"><div class=\"wpb_text_column\"><div class=\"wpb_wrapper\"><h2 data-start=\"1077\" data-end=\"1107\"><strong data-start=\"1080\" data-end=\"1107\">ROZMIAR:<\/strong><\/h2>\n<p><strong data-start=\"47\" data-end=\"101\">Sugerowany zakres miseczek ma charakter pogl\u0105dowy.<\/strong><br data-start=\"101\" data-end=\"104\" \/><span>Top jest elastyczny i dopasowuje si\u0119 do kszta\u0142tu biustu, dlatego ka\u017cdy rozmiar mo\u017ce obejmowa\u0107 kilka wariant\u00f3w miseczek &#8211; wybierz ten, kt\u00f3ry najlepiej odpowiada Twoim preferencjom dotycz\u0105cym podtrzymania i komfortu.<\/span><\/p>\n<p>Zuzia ma rozmiar 65E i wybra\u0142a rozmiar M.<\/p>\n<table class=\"w-fit min-w-(--thread-content-width)\" data-start=\"161\" data-end=\"538\">\n<thead data-start=\"161\" data-end=\"214\">\n<tr data-start=\"161\" data-end=\"214\">\n<th data-start=\"161\" data-end=\"180\" data-col-size=\"sm\"><strong data-start=\"163\" data-end=\"179\">Rozmiar topu<\/strong><\/th>\n<th data-start=\"180\" data-end=\"214\" data-col-size=\"sm\"><strong data-start=\"182\" data-end=\"212\">Sugerowany zakres miseczek<\/strong><\/th>\n<\/tr>\n<\/thead>\n<tbody data-start=\"269\" data-end=\"538\">\n<tr data-start=\"269\" data-end=\"322\">\n<td data-start=\"269\" data-end=\"288\" data-col-size=\"sm\"><strong data-start=\"271\" data-end=\"277\">XXS\/XS<\/strong><\/td>\n<td data-col-size=\"sm\" data-start=\"288\" data-end=\"322\">60A-E, 65A\u2013D,<\/td>\n<\/tr>\n<tr data-start=\"323\" data-end=\"376\">\n<td data-start=\"323\" data-end=\"342\" data-col-size=\"sm\"><strong data-start=\"325\" data-end=\"330\">S<\/strong><\/td>\n<td data-col-size=\"sm\" data-start=\"342\" data-end=\"376\">65A-E, 70A\u2013D,<\/td>\n<\/tr>\n<tr data-start=\"377\" data-end=\"430\">\n<td data-start=\"377\" data-end=\"396\" data-col-size=\"sm\"><strong data-start=\"379\" data-end=\"384\">M<\/strong><\/td>\n<td data-col-size=\"sm\" data-start=\"396\" data-end=\"430\">65A-F, 70 A-E, 75A\u2013D<\/td>\n<\/tr>\n<tr data-start=\"431\" data-end=\"484\">\n<td data-start=\"431\" data-end=\"450\" data-col-size=\"sm\"><strong data-start=\"433\" data-end=\"438\">L<\/strong><\/td>\n<td data-col-size=\"sm\" data-start=\"450\" data-end=\"484\">80C\u2013E, 85B\u2013D<\/td>\n<\/tr>\n<tr data-start=\"485\" data-end=\"538\">\n<td data-start=\"485\" data-end=\"504\" data-col-size=\"sm\"><strong data-start=\"487\" data-end=\"493\">XL<\/strong><\/td>\n<td data-col-size=\"sm\" data-start=\"504\" data-end=\"538\">85C\u2013F, 90B\u2013D<\/td>\n<\/tr>\n<\/tbody>\n<\/table>\n<\/div><\/div><\/div><\/div><\/div><\/div><\/div><\/section>\n","protected":false},"excerpt":{"rendered":"Wprowadzamy nasz\u0105 pierwsz\u0105 lini\u0119 odzie\u017cy &#8211; projekt, kt\u00f3ry jest dla nas jednocze\u015bnie testem jako\u015bci, designu i odwagi. Chcemy, \u017ceby\u015b by\u0142a cz\u0119\u015bci\u0105 tej ewolucji. TEST-DRIVE THE QUALITY Zakup dropu 001 to co\u015b wi\u0119cej ni\u017c nowy element garderoby.To zaproszenie do wsp\u00f3\u0142tworzenia. Ka\u017cda osoba, kt\u00f3ra zam\u00f3wi nasz str\u00f3j, otrzyma pro\u015bb\u0119 o szczer\u0105 recenzj\u0119. Tw\u00f3j g\u0142os naprawd\u0119 kszta\u0142tuje nasz\u0105...","protected":false},"featured_media":6236,"template":"","meta":[],"product_brand":[],"product_cat":[166,168,161],"product_tag":[],"class_list":{"0":"post-6235","1":"product","2":"type-product","3":"status-publish","4":"has-post-thumbnail","6":"product_cat-odziez","7":"product_cat-sale","8":"product_cat-wszystkie","9":"pa_size-l","10":"pa_size-m","11":"pa_size-s","12":"pa_size-xl","13":"pa_size-xxs-xs","15":"first","16":"instock","17":"sale","18":"taxable","19":"shipping-taxable","20":"purchasable","21":"product-type-variable"},"yoast_head":"<!-- This site is optimized with the Yoast SEO plugin v27.3 - https:\/\/yoast.com\/product\/yoast-seo-wordpress\/ -->\n<title>TOP BROWNIE RECYFLEX\u2122 - TR\u00c9CE<\/title>\n<meta name=\"robots\" content=\"index, follow, max-snippet:-1, max-image-preview:large, max-video-preview:-1\" \/>\n<link rel=\"canonical\" href=\"https:\/\/trece-store.com\/en\/produkt\/top-brownie-recyflex\/\" \/>\n<meta property=\"og:locale\" content=\"en_US\" \/>\n<meta property=\"og:type\" content=\"article\" \/>\n<meta property=\"og:title\" content=\"TOP BROWNIE RECYFLEX\u2122 - TR\u00c9CE\" \/>\n<meta property=\"og:url\" content=\"https:\/\/trece-store.com\/en\/produkt\/top-brownie-recyflex\/\" \/>\n<meta property=\"og:site_name\" content=\"TR\u00c9CE\" \/>\n<meta property=\"article:modified_time\" content=\"2026-04-16T10:05:10+00:00\" \/>\n<meta property=\"og:image\" content=\"https:\/\/trece-store.com\/wp-content\/uploads\/2025\/12\/IMG_2918-1-scaled.jpg\" \/>\n\t<meta property=\"og:image:width\" content=\"1707\" \/>\n\t<meta property=\"og:image:height\" content=\"2560\" \/>\n\t<meta property=\"og:image:type\" content=\"image\/jpeg\" \/>\n<meta name=\"twitter:card\" content=\"summary_large_image\" \/>\n<meta name=\"twitter:label1\" content=\"Est. reading time\" \/>\n\t<meta name=\"twitter:data1\" content=\"2 minutes\" \/>\n<script type=\"application\/ld+json\" class=\"yoast-schema-graph\">{\"@context\":\"https:\\\/\\\/schema.org\",\"@graph\":[{\"@type\":\"WebPage\",\"@id\":\"https:\\\/\\\/trece-store.com\\\/en\\\/produkt\\\/top-brownie-recyflex\\\/\",\"url\":\"https:\\\/\\\/trece-store.com\\\/en\\\/produkt\\\/top-brownie-recyflex\\\/\",\"name\":\"TOP BROWNIE RECYFLEX\u2122 - TR\u00c9CE\",\"isPartOf\":{\"@id\":\"https:\\\/\\\/trece-store.com\\\/en\\\/#website\"},\"primaryImageOfPage\":{\"@id\":\"https:\\\/\\\/trece-store.com\\\/en\\\/produkt\\\/top-brownie-recyflex\\\/#primaryimage\"},\"image\":{\"@id\":\"https:\\\/\\\/trece-store.com\\\/en\\\/produkt\\\/top-brownie-recyflex\\\/#primaryimage\"},\"thumbnailUrl\":\"https:\\\/\\\/trece-store.com\\\/wp-content\\\/uploads\\\/2025\\\/12\\\/IMG_2918-1-scaled.jpg\",\"datePublished\":\"2025-12-07T22:59:48+00:00\",\"dateModified\":\"2026-04-16T10:05:10+00:00\",\"breadcrumb\":{\"@id\":\"https:\\\/\\\/trece-store.com\\\/en\\\/produkt\\\/top-brownie-recyflex\\\/#breadcrumb\"},\"inLanguage\":\"en-US\",\"potentialAction\":[{\"@type\":\"ReadAction\",\"target\":[\"https:\\\/\\\/trece-store.com\\\/en\\\/produkt\\\/top-brownie-recyflex\\\/\"]}]},{\"@type\":\"ImageObject\",\"inLanguage\":\"en-US\",\"@id\":\"https:\\\/\\\/trece-store.com\\\/en\\\/produkt\\\/top-brownie-recyflex\\\/#primaryimage\",\"url\":\"https:\\\/\\\/trece-store.com\\\/wp-content\\\/uploads\\\/2025\\\/12\\\/IMG_2918-1-scaled.jpg\",\"contentUrl\":\"https:\\\/\\\/trece-store.com\\\/wp-content\\\/uploads\\\/2025\\\/12\\\/IMG_2918-1-scaled.jpg\",\"width\":1707,\"height\":2560},{\"@type\":\"BreadcrumbList\",\"@id\":\"https:\\\/\\\/trece-store.com\\\/en\\\/produkt\\\/top-brownie-recyflex\\\/#breadcrumb\",\"itemListElement\":[{\"@type\":\"ListItem\",\"position\":1,\"name\":\"Strona g\u0142\u00f3wna\",\"item\":\"https:\\\/\\\/trece-store.com\\\/en\\\/\"},{\"@type\":\"ListItem\",\"position\":2,\"name\":\"Shop\",\"item\":\"https:\\\/\\\/trece-store.com\\\/en\\\/shop\\\/\"},{\"@type\":\"ListItem\",\"position\":3,\"name\":\"TOP BROWNIE RECYFLEX\u2122\"}]},{\"@type\":\"WebSite\",\"@id\":\"https:\\\/\\\/trece-store.com\\\/en\\\/#website\",\"url\":\"https:\\\/\\\/trece-store.com\\\/en\\\/\",\"name\":\"TR\u00c9CE\",\"description\":\"Nasz\u0105 misj\u0105 jest dostarczanie najwy\u017cszej jako\u015bci produkt\u00f3w, dzi\u0119ki kt\u00f3rym pozostaniesz w strefie komfortu, wyra\u017caj\u0105c przy tym sw\u00f3j styl i osobowo\u015b\u0107.\",\"publisher\":{\"@id\":\"https:\\\/\\\/trece-store.com\\\/en\\\/#organization\"},\"potentialAction\":[{\"@type\":\"SearchAction\",\"target\":{\"@type\":\"EntryPoint\",\"urlTemplate\":\"https:\\\/\\\/trece-store.com\\\/en\\\/?s={search_term_string}\"},\"query-input\":{\"@type\":\"PropertyValueSpecification\",\"valueRequired\":true,\"valueName\":\"search_term_string\"}}],\"inLanguage\":\"en-US\"},{\"@type\":\"Organization\",\"@id\":\"https:\\\/\\\/trece-store.com\\\/en\\\/#organization\",\"name\":\"Nasz\u0105 misj\u0105 jest dostarczanie najwy\u017cszej jako\u015bci produkt\u00f3w, dzi\u0119ki kt\u00f3rym pozostaniesz w strefie komfortu, wyra\u017caj\u0105c przy tym sw\u00f3j styl i osobowo\u015b\u0107.\",\"url\":\"https:\\\/\\\/trece-store.com\\\/en\\\/\",\"logo\":{\"@type\":\"ImageObject\",\"inLanguage\":\"en-US\",\"@id\":\"https:\\\/\\\/trece-store.com\\\/en\\\/#\\\/schema\\\/logo\\\/image\\\/\",\"url\":\"https:\\\/\\\/trece-store.com\\\/wp-content\\\/uploads\\\/2024\\\/05\\\/favicon.png\",\"contentUrl\":\"https:\\\/\\\/trece-store.com\\\/wp-content\\\/uploads\\\/2024\\\/05\\\/favicon.png\",\"width\":1024,\"height\":1024,\"caption\":\"Nasz\u0105 misj\u0105 jest dostarczanie najwy\u017cszej jako\u015bci produkt\u00f3w, dzi\u0119ki kt\u00f3rym pozostaniesz w strefie komfortu, wyra\u017caj\u0105c przy tym sw\u00f3j styl i osobowo\u015b\u0107.\"},\"image\":{\"@id\":\"https:\\\/\\\/trece-store.com\\\/en\\\/#\\\/schema\\\/logo\\\/image\\\/\"},\"sameAs\":[\"https:\\\/\\\/www.instagram.com\\\/trece.pl?igsh=anphbGVhdTJ2NzJ1&utm_source=qr\",\"https:\\\/\\\/pin.it\\\/4zE4LLDCh\",\"https:\\\/\\\/www.tiktok.com\\\/@trece_pl?_t=8mEyJAfSYYi&_r=1\"]}]}<\/script>\n<!-- \/ Yoast SEO plugin. -->","yoast_head_json":{"title":"TOP BROWNIE RECYFLEX\u2122 - TR\u00c9CE","robots":{"index":"index","follow":"follow","max-snippet":"max-snippet:-1","max-image-preview":"max-image-preview:large","max-video-preview":"max-video-preview:-1"},"canonical":"https:\/\/trece-store.com\/en\/produkt\/top-brownie-recyflex\/","og_locale":"en_US","og_type":"article","og_title":"TOP BROWNIE RECYFLEX\u2122 - TR\u00c9CE","og_url":"https:\/\/trece-store.com\/en\/produkt\/top-brownie-recyflex\/","og_site_name":"TR\u00c9CE","article_modified_time":"2026-04-16T10:05:10+00:00","og_image":[{"width":1707,"height":2560,"url":"https:\/\/trece-store.com\/wp-content\/uploads\/2025\/12\/IMG_2918-1-scaled.jpg","type":"image\/jpeg"}],"twitter_card":"summary_large_image","twitter_misc":{"Est. reading time":"2 minutes"},"schema":{"@context":"https:\/\/schema.org","@graph":[{"@type":"WebPage","@id":"https:\/\/trece-store.com\/en\/produkt\/top-brownie-recyflex\/","url":"https:\/\/trece-store.com\/en\/produkt\/top-brownie-recyflex\/","name":"TOP BROWNIE RECYFLEX\u2122 - TR\u00c9CE","isPartOf":{"@id":"https:\/\/trece-store.com\/en\/#website"},"primaryImageOfPage":{"@id":"https:\/\/trece-store.com\/en\/produkt\/top-brownie-recyflex\/#primaryimage"},"image":{"@id":"https:\/\/trece-store.com\/en\/produkt\/top-brownie-recyflex\/#primaryimage"},"thumbnailUrl":"https:\/\/trece-store.com\/wp-content\/uploads\/2025\/12\/IMG_2918-1-scaled.jpg","datePublished":"2025-12-07T22:59:48+00:00","dateModified":"2026-04-16T10:05:10+00:00","breadcrumb":{"@id":"https:\/\/trece-store.com\/en\/produkt\/top-brownie-recyflex\/#breadcrumb"},"inLanguage":"en-US","potentialAction":[{"@type":"ReadAction","target":["https:\/\/trece-store.com\/en\/produkt\/top-brownie-recyflex\/"]}]},{"@type":"ImageObject","inLanguage":"en-US","@id":"https:\/\/trece-store.com\/en\/produkt\/top-brownie-recyflex\/#primaryimage","url":"https:\/\/trece-store.com\/wp-content\/uploads\/2025\/12\/IMG_2918-1-scaled.jpg","contentUrl":"https:\/\/trece-store.com\/wp-content\/uploads\/2025\/12\/IMG_2918-1-scaled.jpg","width":1707,"height":2560},{"@type":"BreadcrumbList","@id":"https:\/\/trece-store.com\/en\/produkt\/top-brownie-recyflex\/#breadcrumb","itemListElement":[{"@type":"ListItem","position":1,"name":"Strona g\u0142\u00f3wna","item":"https:\/\/trece-store.com\/en\/"},{"@type":"ListItem","position":2,"name":"Shop","item":"https:\/\/trece-store.com\/en\/shop\/"},{"@type":"ListItem","position":3,"name":"TOP BROWNIE RECYFLEX\u2122"}]},{"@type":"WebSite","@id":"https:\/\/trece-store.com\/en\/#website","url":"https:\/\/trece-store.com\/en\/","name":"TR\u00c9CE","description":"Nasz\u0105 misj\u0105 jest dostarczanie najwy\u017cszej jako\u015bci produkt\u00f3w, dzi\u0119ki kt\u00f3rym pozostaniesz w strefie komfortu, wyra\u017caj\u0105c przy tym sw\u00f3j styl i osobowo\u015b\u0107.","publisher":{"@id":"https:\/\/trece-store.com\/en\/#organization"},"potentialAction":[{"@type":"SearchAction","target":{"@type":"EntryPoint","urlTemplate":"https:\/\/trece-store.com\/en\/?s={search_term_string}"},"query-input":{"@type":"PropertyValueSpecification","valueRequired":true,"valueName":"search_term_string"}}],"inLanguage":"en-US"},{"@type":"Organization","@id":"https:\/\/trece-store.com\/en\/#organization","name":"Nasz\u0105 misj\u0105 jest dostarczanie najwy\u017cszej jako\u015bci produkt\u00f3w, dzi\u0119ki kt\u00f3rym pozostaniesz w strefie komfortu, wyra\u017caj\u0105c przy tym sw\u00f3j styl i osobowo\u015b\u0107.","url":"https:\/\/trece-store.com\/en\/","logo":{"@type":"ImageObject","inLanguage":"en-US","@id":"https:\/\/trece-store.com\/en\/#\/schema\/logo\/image\/","url":"https:\/\/trece-store.com\/wp-content\/uploads\/2024\/05\/favicon.png","contentUrl":"https:\/\/trece-store.com\/wp-content\/uploads\/2024\/05\/favicon.png","width":1024,"height":1024,"caption":"Nasz\u0105 misj\u0105 jest dostarczanie najwy\u017cszej jako\u015bci produkt\u00f3w, dzi\u0119ki kt\u00f3rym pozostaniesz w strefie komfortu, wyra\u017caj\u0105c przy tym sw\u00f3j styl i osobowo\u015b\u0107."},"image":{"@id":"https:\/\/trece-store.com\/en\/#\/schema\/logo\/image\/"},"sameAs":["https:\/\/www.instagram.com\/trece.pl?igsh=anphbGVhdTJ2NzJ1&utm_source=qr","https:\/\/pin.it\/4zE4LLDCh","https:\/\/www.tiktok.com\/@trece_pl?_t=8mEyJAfSYYi&_r=1"]}]}},"_links":{"self":[{"href":"https:\/\/trece-store.com\/en\/wp-json\/wp\/v2\/product\/6235","targetHints":{"allow":["GET"]}}],"collection":[{"href":"https:\/\/trece-store.com\/en\/wp-json\/wp\/v2\/product"}],"about":[{"href":"https:\/\/trece-store.com\/en\/wp-json\/wp\/v2\/types\/product"}],"wp:featuredmedia":[{"embeddable":true,"href":"https:\/\/trece-store.com\/en\/wp-json\/wp\/v2\/media\/6236"}],"wp:attachment":[{"href":"https:\/\/trece-store.com\/en\/wp-json\/wp\/v2\/media?parent=6235"}],"wp:term":[{"taxonomy":"product_brand","embeddable":true,"href":"https:\/\/trece-store.com\/en\/wp-json\/wp\/v2\/product_brand?post=6235"},{"taxonomy":"product_cat","embeddable":true,"href":"https:\/\/trece-store.com\/en\/wp-json\/wp\/v2\/product_cat?post=6235"},{"taxonomy":"product_tag","embeddable":true,"href":"https:\/\/trece-store.com\/en\/wp-json\/wp\/v2\/product_tag?post=6235"}],"curies":[{"name":"wp","href":"https:\/\/api.w.org\/{rel}","templated":true}]}}