{"id":6212,"date":"2025-12-07T22:44:15","date_gmt":"2025-12-07T21:44:15","guid":{"rendered":"https:\/\/trece-store.com\/?post_type=product&#038;p=6212"},"modified":"2026-04-16T12:05:10","modified_gmt":"2026-04-16T10:05:10","slug":"legginsy-brownie-recyflex","status":"publish","type":"product","link":"https:\/\/trece-store.com\/en\/produkt\/legginsy-brownie-recyflex\/","title":{"rendered":"LEGGINSY BROWNIE RecyFlex\u2122"},"content":{"rendered":"<section class=\"l-section wpb_row height_custom\"><div class=\"l-section-h i-cf\"><div class=\"g-cols vc_row via_flex valign_top type_default stacking_default\"><div class=\"vc_col-sm-12 wpb_column vc_column_container\"><div class=\"vc_column-inner\"><div class=\"wpb_wrapper\"><div class=\"wpb_text_column\"><div class=\"wpb_wrapper\"><p data-start=\"682\" data-end=\"794\">Stawiamy na <strong data-start=\"694\" data-end=\"726\">innowacj\u0119 i odpowiedzialno\u015b\u0107<\/strong>.<br data-start=\"727\" data-end=\"730\" \/>Nasz materia\u0142 powstaje w 73% z nylonu pochodz\u0105cego z recyklingu i 27% z spandexu.<\/p>\n<p data-start=\"682\" data-end=\"794\">To nie tylko nowoczesna technologia: to zr\u00f3wnowa\u017cona alternatywa dla tradycyjnego nylonu &#8211; a r\u00f3\u017cnicy nie poczujesz! \ud83c\udf3f<\/p>\n<h2 data-start=\"1077\" data-end=\"1107\"><strong data-start=\"1080\" data-end=\"1107\">PERFEKCYJNE WYKO\u0143CZENIE<\/strong><\/h2>\n<p data-start=\"1109\" data-end=\"1239\">Projektujemy dok\u0142adnie to, co same chcemy nosi\u0107.<br data-start=\"1157\" data-end=\"1160\" \/>Tutaj <strong data-start=\"1166\" data-end=\"1200\">wysoka jako\u015b\u0107 i funkcjonalno\u015b\u0107<\/strong> spotykaj\u0105 si\u0119 z wyrafinowan\u0105 estetyk\u0105.<\/p>\n<ul data-start=\"1241\" data-end=\"1533\">\n<li data-start=\"1241\" data-end=\"1322\">\n<p data-start=\"1243\" data-end=\"1322\"><strong data-start=\"1243\" data-end=\"1265\">Second Skin Effect<\/strong> &#8211; idealne dopasowanie, kt\u00f3re porusza si\u0119 razem z Tob\u0105.<\/p>\n<\/li>\n<li data-start=\"1323\" data-end=\"1389\">\n<p data-start=\"1325\" data-end=\"1389\"><strong data-start=\"1325\" data-end=\"1346\">Invisible Push Up<\/strong> &#8211; subtelny efekt podkre\u015blaj\u0105cy kszta\u0142ty, bez widocznych marszcze\u0144.<\/p>\n<\/li>\n<li data-start=\"1390\" data-end=\"1458\">\n<p data-start=\"1392\" data-end=\"1458\"><strong data-start=\"1392\" data-end=\"1415\">Maximum Support Bra<\/strong> &#8211; stabilizacja i komfort w ka\u017cdym ruchu.<\/p>\n<\/li>\n<li data-start=\"1390\" data-end=\"1458\">\n<p data-start=\"1392\" data-end=\"1458\"><strong data-start=\"1461\" data-end=\"1485\">Eco-Conscious Fabric<\/strong><\/p>\n<\/li>\n<\/ul>\n<\/div><\/div><div class=\"g-cols wpb_row via_flex valign_top type_default stacking_default\"><div class=\"vc_col-sm-12 wpb_column vc_column_container\"><div class=\"vc_column-inner\"><div class=\"wpb_wrapper\"><div class=\"wpb_text_column\"><div class=\"wpb_wrapper\"><h2 data-start=\"1077\" data-end=\"1107\"><strong data-start=\"1080\" data-end=\"1107\">ROZMIARY:<\/strong><\/h2>\n<p data-start=\"123\" data-end=\"256\">Nasze legginsy s\u0105 elastyczne i dopasowuj\u0105 si\u0119 do sylwetki, dlatego zalecamy wyb\u00f3r rozmiaru w oparciu o noszon\u0105 na co dzie\u0144 numeracj\u0119:<\/p>\n<ul data-start=\"258\" data-end=\"440\">\n<li data-start=\"258\" data-end=\"321\">\n<p data-start=\"260\" data-end=\"321\">Je\u015bli zazwyczaj nosisz <strong data-start=\"283\" data-end=\"301\">XXS\/XS (32\u201334)<\/strong> \u2013 wybierz <strong data-start=\"312\" data-end=\"318\">XS<\/strong>.<\/p>\n<\/li>\n<li data-start=\"322\" data-end=\"382\">\n<p data-start=\"324\" data-end=\"382\">Je\u015bli zazwyczaj nosisz <strong data-start=\"347\" data-end=\"363\">XS\/S (34\u201336)<\/strong> \u2013 wybierz <strong data-start=\"374\" data-end=\"379\">S<\/strong>.<\/p>\n<\/li>\n<li data-start=\"383\" data-end=\"440\">\n<p data-start=\"385\" data-end=\"440\">Je\u015bli zazwyczaj nosisz <strong data-start=\"408\" data-end=\"423\">S\/M (36\u201338) <\/strong>b\u0105d\u017a masz <strong>powy\u017cej 173 cm\u00a0<\/strong>\u2013 wybierz <strong data-start=\"434\" data-end=\"439\">M\u00a0<\/strong><\/p>\n<\/li>\n<li data-start=\"88\" data-end=\"147\">\n<p data-start=\"90\" data-end=\"147\">Je\u015bli zazwyczaj nosisz <strong data-start=\"113\" data-end=\"128\">M\/L (38\u201340)<\/strong> \u2013 wybierz <strong data-start=\"139\" data-end=\"144\">L<\/strong>.<\/p>\n<\/li>\n<li data-start=\"148\" data-end=\"207\">\n<p data-start=\"150\" data-end=\"207\">Je\u015bli zazwyczaj nosisz <strong data-start=\"173\" data-end=\"189\">L\/XL (40\u201342)<\/strong> \u2013 wybierz <strong data-start=\"200\" data-end=\"206\">XL<\/strong>.<span><\/span><\/p>\n<\/li>\n<\/ul>\n<p data-start=\"150\" data-end=\"207\"><span>Legginsy maj\u0105 efekt <\/span><strong data-start=\"462\" data-end=\"477\">Second Skin<\/strong><span>, dlatego powinny przylega\u0107 do cia\u0142a, ale nie uciska\u0107.<\/span><span>Je\u015bli wahasz si\u0119 mi\u0119dzy dwoma rozmiarami &#8211; wybierz <\/span><strong data-start=\"585\" data-end=\"596\">wi\u0119kszy<\/strong><span> dla komfortu lub <\/span><strong data-start=\"614\" data-end=\"626\">mniejszy<\/strong><span> dla mocniejszego efektu modelowania.<\/span><\/p>\n<p class=\"p1\"><span class=\"s1\">D\u0142ugo\u015b\u0107 leggins\u00f3w zale\u017cy od wybranego rozmiaru i wynosi:<\/span><span class=\"s1\"> XS \u2013 88,5 cm, S \u2013 89 cm, M \u2013 89,5 cm, L \u2013 90 cm oraz XL \u2013 90,5 cm.<\/span><\/p>\n<\/div><\/div><\/div><\/div><\/div><\/div><\/div><\/div><\/div><\/div><\/div><\/section>\n","protected":false},"excerpt":{"rendered":"Stawiamy na innowacj\u0119 i odpowiedzialno\u015b\u0107.Nasz materia\u0142 powstaje w 73% z nylonu pochodz\u0105cego z recyklingu i 27% z spandexu. To nie tylko nowoczesna technologia: to zr\u00f3wnowa\u017cona alternatywa dla tradycyjnego nylonu &#8211; a r\u00f3\u017cnicy nie poczujesz! \ud83c\udf3f PERFEKCYJNE WYKO\u0143CZENIE Projektujemy dok\u0142adnie to, co same chcemy nosi\u0107.Tutaj wysoka jako\u015b\u0107 i funkcjonalno\u015b\u0107 spotykaj\u0105 si\u0119 z wyrafinowan\u0105 estetyk\u0105. Second Skin...","protected":false},"featured_media":6218,"template":"","meta":[],"product_brand":[],"product_cat":[166,160,168,161],"product_tag":[167],"class_list":{"0":"post-6212","1":"product","2":"type-product","3":"status-publish","4":"has-post-thumbnail","6":"product_cat-odziez","7":"product_cat-produkty","8":"product_cat-sale","9":"product_cat-wszystkie","10":"product_tag-odziez","11":"pa_size-l","12":"pa_size-m","13":"pa_size-s","14":"pa_size-xl","15":"pa_size-xxs-xs","17":"first","18":"instock","19":"sale","20":"taxable","21":"shipping-taxable","22":"purchasable","23":"product-type-variable"},"yoast_head":"<!-- This site is optimized with the Yoast SEO plugin v27.3 - https:\/\/yoast.com\/product\/yoast-seo-wordpress\/ -->\n<title>LEGGINSY BROWNIE RecyFlex\u2122 - TR\u00c9CE<\/title>\n<meta name=\"description\" content=\"Legginsy RecyFlex\u2122 \u2013 premium druga sk\u00f3ra z recyklingowanego nylonu. Modeluj\u0105ce, elastyczne, z efektem Invisible Push Up. Komfort, jako\u015b\u0107 i \u015bwiadoma moda w jednym.\" \/>\n<meta name=\"robots\" content=\"index, follow, max-snippet:-1, max-image-preview:large, max-video-preview:-1\" \/>\n<link rel=\"canonical\" href=\"https:\/\/trece-store.com\/en\/produkt\/legginsy-brownie-recyflex\/\" \/>\n<meta property=\"og:locale\" content=\"en_US\" \/>\n<meta property=\"og:type\" content=\"article\" \/>\n<meta property=\"og:title\" content=\"LEGGINSY BROWNIE RecyFlex\u2122 - TR\u00c9CE\" \/>\n<meta property=\"og:description\" content=\"Legginsy RecyFlex\u2122 \u2013 premium druga sk\u00f3ra z recyklingowanego nylonu. Modeluj\u0105ce, elastyczne, z efektem Invisible Push Up. Komfort, jako\u015b\u0107 i \u015bwiadoma moda w jednym.\" \/>\n<meta property=\"og:url\" content=\"https:\/\/trece-store.com\/en\/produkt\/legginsy-brownie-recyflex\/\" \/>\n<meta property=\"og:site_name\" content=\"TR\u00c9CE\" \/>\n<meta property=\"article:modified_time\" content=\"2026-04-16T10:05:10+00:00\" \/>\n<meta property=\"og:image\" content=\"https:\/\/trece-store.com\/wp-content\/uploads\/2025\/12\/IMG_2920-scaled.jpg\" \/>\n\t<meta property=\"og:image:width\" content=\"1707\" \/>\n\t<meta property=\"og:image:height\" content=\"2560\" \/>\n\t<meta property=\"og:image:type\" content=\"image\/jpeg\" \/>\n<meta name=\"twitter:card\" content=\"summary_large_image\" \/>\n<meta name=\"twitter:label1\" content=\"Est. reading time\" \/>\n\t<meta name=\"twitter:data1\" content=\"2 minutes\" \/>\n<script type=\"application\/ld+json\" class=\"yoast-schema-graph\">{\"@context\":\"https:\\\/\\\/schema.org\",\"@graph\":[{\"@type\":\"WebPage\",\"@id\":\"https:\\\/\\\/trece-store.com\\\/en\\\/produkt\\\/legginsy-brownie-recyflex\\\/\",\"url\":\"https:\\\/\\\/trece-store.com\\\/en\\\/produkt\\\/legginsy-brownie-recyflex\\\/\",\"name\":\"LEGGINSY BROWNIE RecyFlex\u2122 - TR\u00c9CE\",\"isPartOf\":{\"@id\":\"https:\\\/\\\/trece-store.com\\\/en\\\/#website\"},\"primaryImageOfPage\":{\"@id\":\"https:\\\/\\\/trece-store.com\\\/en\\\/produkt\\\/legginsy-brownie-recyflex\\\/#primaryimage\"},\"image\":{\"@id\":\"https:\\\/\\\/trece-store.com\\\/en\\\/produkt\\\/legginsy-brownie-recyflex\\\/#primaryimage\"},\"thumbnailUrl\":\"https:\\\/\\\/trece-store.com\\\/wp-content\\\/uploads\\\/2025\\\/12\\\/IMG_2920-scaled.jpg\",\"datePublished\":\"2025-12-07T21:44:15+00:00\",\"dateModified\":\"2026-04-16T10:05:10+00:00\",\"description\":\"Legginsy RecyFlex\u2122 \u2013 premium druga sk\u00f3ra z recyklingowanego nylonu. Modeluj\u0105ce, elastyczne, z efektem Invisible Push Up. Komfort, jako\u015b\u0107 i \u015bwiadoma moda w jednym.\",\"breadcrumb\":{\"@id\":\"https:\\\/\\\/trece-store.com\\\/en\\\/produkt\\\/legginsy-brownie-recyflex\\\/#breadcrumb\"},\"inLanguage\":\"en-US\",\"potentialAction\":[{\"@type\":\"ReadAction\",\"target\":[\"https:\\\/\\\/trece-store.com\\\/en\\\/produkt\\\/legginsy-brownie-recyflex\\\/\"]}]},{\"@type\":\"ImageObject\",\"inLanguage\":\"en-US\",\"@id\":\"https:\\\/\\\/trece-store.com\\\/en\\\/produkt\\\/legginsy-brownie-recyflex\\\/#primaryimage\",\"url\":\"https:\\\/\\\/trece-store.com\\\/wp-content\\\/uploads\\\/2025\\\/12\\\/IMG_2920-scaled.jpg\",\"contentUrl\":\"https:\\\/\\\/trece-store.com\\\/wp-content\\\/uploads\\\/2025\\\/12\\\/IMG_2920-scaled.jpg\",\"width\":1707,\"height\":2560},{\"@type\":\"BreadcrumbList\",\"@id\":\"https:\\\/\\\/trece-store.com\\\/en\\\/produkt\\\/legginsy-brownie-recyflex\\\/#breadcrumb\",\"itemListElement\":[{\"@type\":\"ListItem\",\"position\":1,\"name\":\"Strona g\u0142\u00f3wna\",\"item\":\"https:\\\/\\\/trece-store.com\\\/en\\\/\"},{\"@type\":\"ListItem\",\"position\":2,\"name\":\"Shop\",\"item\":\"https:\\\/\\\/trece-store.com\\\/en\\\/shop\\\/\"},{\"@type\":\"ListItem\",\"position\":3,\"name\":\"LEGGINSY BROWNIE RecyFlex\u2122\"}]},{\"@type\":\"WebSite\",\"@id\":\"https:\\\/\\\/trece-store.com\\\/en\\\/#website\",\"url\":\"https:\\\/\\\/trece-store.com\\\/en\\\/\",\"name\":\"TR\u00c9CE\",\"description\":\"Nasz\u0105 misj\u0105 jest dostarczanie najwy\u017cszej jako\u015bci produkt\u00f3w, dzi\u0119ki kt\u00f3rym pozostaniesz w strefie komfortu, wyra\u017caj\u0105c przy tym sw\u00f3j styl i osobowo\u015b\u0107.\",\"publisher\":{\"@id\":\"https:\\\/\\\/trece-store.com\\\/en\\\/#organization\"},\"potentialAction\":[{\"@type\":\"SearchAction\",\"target\":{\"@type\":\"EntryPoint\",\"urlTemplate\":\"https:\\\/\\\/trece-store.com\\\/en\\\/?s={search_term_string}\"},\"query-input\":{\"@type\":\"PropertyValueSpecification\",\"valueRequired\":true,\"valueName\":\"search_term_string\"}}],\"inLanguage\":\"en-US\"},{\"@type\":\"Organization\",\"@id\":\"https:\\\/\\\/trece-store.com\\\/en\\\/#organization\",\"name\":\"Nasz\u0105 misj\u0105 jest dostarczanie najwy\u017cszej jako\u015bci produkt\u00f3w, dzi\u0119ki kt\u00f3rym pozostaniesz w strefie komfortu, wyra\u017caj\u0105c przy tym sw\u00f3j styl i osobowo\u015b\u0107.\",\"url\":\"https:\\\/\\\/trece-store.com\\\/en\\\/\",\"logo\":{\"@type\":\"ImageObject\",\"inLanguage\":\"en-US\",\"@id\":\"https:\\\/\\\/trece-store.com\\\/en\\\/#\\\/schema\\\/logo\\\/image\\\/\",\"url\":\"https:\\\/\\\/trece-store.com\\\/wp-content\\\/uploads\\\/2024\\\/05\\\/favicon.png\",\"contentUrl\":\"https:\\\/\\\/trece-store.com\\\/wp-content\\\/uploads\\\/2024\\\/05\\\/favicon.png\",\"width\":1024,\"height\":1024,\"caption\":\"Nasz\u0105 misj\u0105 jest dostarczanie najwy\u017cszej jako\u015bci produkt\u00f3w, dzi\u0119ki kt\u00f3rym pozostaniesz w strefie komfortu, wyra\u017caj\u0105c przy tym sw\u00f3j styl i osobowo\u015b\u0107.\"},\"image\":{\"@id\":\"https:\\\/\\\/trece-store.com\\\/en\\\/#\\\/schema\\\/logo\\\/image\\\/\"},\"sameAs\":[\"https:\\\/\\\/www.instagram.com\\\/trece.pl?igsh=anphbGVhdTJ2NzJ1&utm_source=qr\",\"https:\\\/\\\/pin.it\\\/4zE4LLDCh\",\"https:\\\/\\\/www.tiktok.com\\\/@trece_pl?_t=8mEyJAfSYYi&_r=1\"]}]}<\/script>\n<!-- \/ Yoast SEO plugin. -->","yoast_head_json":{"title":"LEGGINSY BROWNIE RecyFlex\u2122 - TR\u00c9CE","description":"Legginsy RecyFlex\u2122 \u2013 premium druga sk\u00f3ra z recyklingowanego nylonu. Modeluj\u0105ce, elastyczne, z efektem Invisible Push Up. Komfort, jako\u015b\u0107 i \u015bwiadoma moda w jednym.","robots":{"index":"index","follow":"follow","max-snippet":"max-snippet:-1","max-image-preview":"max-image-preview:large","max-video-preview":"max-video-preview:-1"},"canonical":"https:\/\/trece-store.com\/en\/produkt\/legginsy-brownie-recyflex\/","og_locale":"en_US","og_type":"article","og_title":"LEGGINSY BROWNIE RecyFlex\u2122 - TR\u00c9CE","og_description":"Legginsy RecyFlex\u2122 \u2013 premium druga sk\u00f3ra z recyklingowanego nylonu. Modeluj\u0105ce, elastyczne, z efektem Invisible Push Up. Komfort, jako\u015b\u0107 i \u015bwiadoma moda w jednym.","og_url":"https:\/\/trece-store.com\/en\/produkt\/legginsy-brownie-recyflex\/","og_site_name":"TR\u00c9CE","article_modified_time":"2026-04-16T10:05:10+00:00","og_image":[{"width":1707,"height":2560,"url":"https:\/\/trece-store.com\/wp-content\/uploads\/2025\/12\/IMG_2920-scaled.jpg","type":"image\/jpeg"}],"twitter_card":"summary_large_image","twitter_misc":{"Est. reading time":"2 minutes"},"schema":{"@context":"https:\/\/schema.org","@graph":[{"@type":"WebPage","@id":"https:\/\/trece-store.com\/en\/produkt\/legginsy-brownie-recyflex\/","url":"https:\/\/trece-store.com\/en\/produkt\/legginsy-brownie-recyflex\/","name":"LEGGINSY BROWNIE RecyFlex\u2122 - TR\u00c9CE","isPartOf":{"@id":"https:\/\/trece-store.com\/en\/#website"},"primaryImageOfPage":{"@id":"https:\/\/trece-store.com\/en\/produkt\/legginsy-brownie-recyflex\/#primaryimage"},"image":{"@id":"https:\/\/trece-store.com\/en\/produkt\/legginsy-brownie-recyflex\/#primaryimage"},"thumbnailUrl":"https:\/\/trece-store.com\/wp-content\/uploads\/2025\/12\/IMG_2920-scaled.jpg","datePublished":"2025-12-07T21:44:15+00:00","dateModified":"2026-04-16T10:05:10+00:00","description":"Legginsy RecyFlex\u2122 \u2013 premium druga sk\u00f3ra z recyklingowanego nylonu. Modeluj\u0105ce, elastyczne, z efektem Invisible Push Up. Komfort, jako\u015b\u0107 i \u015bwiadoma moda w jednym.","breadcrumb":{"@id":"https:\/\/trece-store.com\/en\/produkt\/legginsy-brownie-recyflex\/#breadcrumb"},"inLanguage":"en-US","potentialAction":[{"@type":"ReadAction","target":["https:\/\/trece-store.com\/en\/produkt\/legginsy-brownie-recyflex\/"]}]},{"@type":"ImageObject","inLanguage":"en-US","@id":"https:\/\/trece-store.com\/en\/produkt\/legginsy-brownie-recyflex\/#primaryimage","url":"https:\/\/trece-store.com\/wp-content\/uploads\/2025\/12\/IMG_2920-scaled.jpg","contentUrl":"https:\/\/trece-store.com\/wp-content\/uploads\/2025\/12\/IMG_2920-scaled.jpg","width":1707,"height":2560},{"@type":"BreadcrumbList","@id":"https:\/\/trece-store.com\/en\/produkt\/legginsy-brownie-recyflex\/#breadcrumb","itemListElement":[{"@type":"ListItem","position":1,"name":"Strona g\u0142\u00f3wna","item":"https:\/\/trece-store.com\/en\/"},{"@type":"ListItem","position":2,"name":"Shop","item":"https:\/\/trece-store.com\/en\/shop\/"},{"@type":"ListItem","position":3,"name":"LEGGINSY BROWNIE RecyFlex\u2122"}]},{"@type":"WebSite","@id":"https:\/\/trece-store.com\/en\/#website","url":"https:\/\/trece-store.com\/en\/","name":"TR\u00c9CE","description":"Nasz\u0105 misj\u0105 jest dostarczanie najwy\u017cszej jako\u015bci produkt\u00f3w, dzi\u0119ki kt\u00f3rym pozostaniesz w strefie komfortu, wyra\u017caj\u0105c przy tym sw\u00f3j styl i osobowo\u015b\u0107.","publisher":{"@id":"https:\/\/trece-store.com\/en\/#organization"},"potentialAction":[{"@type":"SearchAction","target":{"@type":"EntryPoint","urlTemplate":"https:\/\/trece-store.com\/en\/?s={search_term_string}"},"query-input":{"@type":"PropertyValueSpecification","valueRequired":true,"valueName":"search_term_string"}}],"inLanguage":"en-US"},{"@type":"Organization","@id":"https:\/\/trece-store.com\/en\/#organization","name":"Nasz\u0105 misj\u0105 jest dostarczanie najwy\u017cszej jako\u015bci produkt\u00f3w, dzi\u0119ki kt\u00f3rym pozostaniesz w strefie komfortu, wyra\u017caj\u0105c przy tym sw\u00f3j styl i osobowo\u015b\u0107.","url":"https:\/\/trece-store.com\/en\/","logo":{"@type":"ImageObject","inLanguage":"en-US","@id":"https:\/\/trece-store.com\/en\/#\/schema\/logo\/image\/","url":"https:\/\/trece-store.com\/wp-content\/uploads\/2024\/05\/favicon.png","contentUrl":"https:\/\/trece-store.com\/wp-content\/uploads\/2024\/05\/favicon.png","width":1024,"height":1024,"caption":"Nasz\u0105 misj\u0105 jest dostarczanie najwy\u017cszej jako\u015bci produkt\u00f3w, dzi\u0119ki kt\u00f3rym pozostaniesz w strefie komfortu, wyra\u017caj\u0105c przy tym sw\u00f3j styl i osobowo\u015b\u0107."},"image":{"@id":"https:\/\/trece-store.com\/en\/#\/schema\/logo\/image\/"},"sameAs":["https:\/\/www.instagram.com\/trece.pl?igsh=anphbGVhdTJ2NzJ1&utm_source=qr","https:\/\/pin.it\/4zE4LLDCh","https:\/\/www.tiktok.com\/@trece_pl?_t=8mEyJAfSYYi&_r=1"]}]}},"_links":{"self":[{"href":"https:\/\/trece-store.com\/en\/wp-json\/wp\/v2\/product\/6212","targetHints":{"allow":["GET"]}}],"collection":[{"href":"https:\/\/trece-store.com\/en\/wp-json\/wp\/v2\/product"}],"about":[{"href":"https:\/\/trece-store.com\/en\/wp-json\/wp\/v2\/types\/product"}],"wp:featuredmedia":[{"embeddable":true,"href":"https:\/\/trece-store.com\/en\/wp-json\/wp\/v2\/media\/6218"}],"wp:attachment":[{"href":"https:\/\/trece-store.com\/en\/wp-json\/wp\/v2\/media?parent=6212"}],"wp:term":[{"taxonomy":"product_brand","embeddable":true,"href":"https:\/\/trece-store.com\/en\/wp-json\/wp\/v2\/product_brand?post=6212"},{"taxonomy":"product_cat","embeddable":true,"href":"https:\/\/trece-store.com\/en\/wp-json\/wp\/v2\/product_cat?post=6212"},{"taxonomy":"product_tag","embeddable":true,"href":"https:\/\/trece-store.com\/en\/wp-json\/wp\/v2\/product_tag?post=6212"}],"curies":[{"name":"wp","href":"https:\/\/api.w.org\/{rel}","templated":true}]}}