{"id":6178,"date":"2025-12-04T20:55:58","date_gmt":"2025-12-04T19:55:58","guid":{"rendered":"https:\/\/trece-store.com\/?post_type=product&#038;p=6178"},"modified":"2026-05-09T00:36:46","modified_gmt":"2026-05-08T22:36:46","slug":"trece-bands-matcha-blend","status":"publish","type":"product","link":"https:\/\/trece-store.com\/en\/produkt\/trece-bands-matcha-blend\/","title":{"rendered":"TR\u00c9CE BANDS MATCHA BLEND"},"content":{"rendered":"<section class=\"l-section wpb_row height_custom\"><div class=\"l-section-h i-cf\"><div class=\"g-cols vc_row via_flex valign_top type_default stacking_default\"><div class=\"vc_col-sm-12 wpb_column vc_column_container\"><div class=\"vc_column-inner\"><div class=\"wpb_wrapper\"><div class=\"wpb_text_column\"><div class=\"wpb_wrapper\"><p class=\"\" data-start=\"193\" data-end=\"266\"><strong data-start=\"193\" data-end=\"220\">Bestsellerowe ta\u015bmy wr\u00f3ci\u0142y w udoskonalonej wersji i nowym kolorze: matcha blend!<\/strong><\/p>\n<p class=\"\" data-start=\"193\" data-end=\"266\"><strong data-start=\"193\" data-end=\"220\">Zestaw 3 ta\u015bm oporowych<\/strong><br data-start=\"220\" data-end=\"223\" \/>Trening ca\u0142ego cia\u0142a, gdziekolwiek jeste\u015b.<\/p>\n<h3 class=\"\" data-start=\"273\" data-end=\"316\">TRENUJ SKUTECZNIE, BEZ KOMPROMIS\u00d3W<\/h3>\n<p class=\"\" data-start=\"317\" data-end=\"441\">W domu, w studio, na si\u0142owni &#8211; TR\u00c9CE BANDS to Tw\u00f3j mobilny trener.<br data-start=\"383\" data-end=\"386\" \/><strong data-start=\"386\" data-end=\"441\">Aktywuj mi\u0119\u015bnie. Zwi\u0119ksz si\u0142\u0119. Popraw stabilizacj\u0119.<\/strong><\/p>\n<h3 class=\"\" data-start=\"448\" data-end=\"473\">?\ufe0f 3 POZIOMY OPORU<\/h3>\n<p class=\"\" data-start=\"474\" data-end=\"613\"><strong data-start=\"476\" data-end=\"487\">5\u201310 kg<\/strong> \u2013 start &amp; rehabilitacja<br data-start=\"511\" data-end=\"514\" \/><strong data-start=\"516\" data-end=\"528\">10\u201315 kg<\/strong> \u2013 dla regularnych \u0107wicz\u0105cych<br data-start=\"557\" data-end=\"560\" \/><strong data-start=\"562\" data-end=\"574\">15\u201320 kg<\/strong> \u2013 dla zaawansowanych<\/p>\n<h3 class=\"\" data-start=\"620\" data-end=\"636\">5\u201310 KG<\/h3>\n<p class=\"\" data-start=\"637\" data-end=\"775\">Idealna na pocz\u0105tek ?\u200d\u2640\ufe0f<br data-start=\"662\" data-end=\"665\" \/>Doskona\u0142a do:<br data-start=\"678\" data-end=\"681\" \/>\u2714\ufe0f\u00a0rehabilitacji<br data-start=\"697\" data-end=\"700\" \/>\u2714\ufe0frozgrzewek<br data-start=\"713\" data-end=\"716\" \/>\u2714\ufe0fbudowania podstawowej si\u0142y<br data-start=\"745\" data-end=\"748\" \/>\u2714\ufe0fmobilno\u015bci &amp; koordynacji<\/p>\n<h3 class=\"\" data-start=\"782\" data-end=\"799\">\u00a010\u201315 KG<\/h3>\n<p class=\"\" data-start=\"800\" data-end=\"925\">Czas na wyzwania\u00a0<br data-start=\"819\" data-end=\"822\" \/>Stworzona do:<br data-start=\"835\" data-end=\"838\" \/>\u2714\ufe0f n\u00f3g, bioder, po\u015bladk\u00f3w<br data-start=\"863\" data-end=\"866\" \/>\u2714\ufe0f wzmocnienia core<br data-start=\"885\" data-end=\"888\" \/>\u2714\ufe0f poprawy postawy i kontroli ruchu<\/p>\n<h3 class=\"\" data-start=\"932\" data-end=\"949\">15\u201320 KG<\/h3>\n<p class=\"\" data-start=\"950\" data-end=\"1112\">Dla tych, kt\u00f3rzy id\u0105 na ca\u0142o\u015b\u0107!<br data-start=\"983\" data-end=\"986\" \/>\u015awietna do:<br data-start=\"997\" data-end=\"1000\" \/>\u2714\ufe0f przysiad\u00f3w, wykrok\u00f3w, martwego ci\u0105gu<br data-start=\"1039\" data-end=\"1042\" \/>\u2714\ufe0f crossfitu i dynamicznych trening\u00f3w<\/p>\n<h3 class=\"\" data-start=\"1119\" data-end=\"1158\">\u00a0JAKO\u015a\u0106, KT\u00d3RA CZUJE SI\u0118 DOBRZE<\/h3>\n<p class=\"\" data-start=\"1159\" data-end=\"1477\"><strong data-start=\"1162\" data-end=\"1183\">Wyj\u0105tkowy komfort<\/strong> &#8211; mi\u0119kka tkanina (nylon, poliester, jedwab lateksowy)<br data-start=\"1237\" data-end=\"1240\" \/><strong data-start=\"1243\" data-end=\"1257\">Stabilno\u015b\u0107<\/strong> &#8211; silikonowa warstwa od spodu = zero przesuwania<br data-start=\"1306\" data-end=\"1309\" \/><strong data-start=\"1312\" data-end=\"1332\">Dba\u0142o\u015b\u0107 o detale<\/strong> &#8211; \u00a0eleganckie kolory + t\u0142oczone logo<br data-start=\"1368\" data-end=\"1371\" \/><strong data-start=\"1374\" data-end=\"1386\">Trwa\u0142o\u015b\u0107<\/strong> &#8211; nie traci kszta\u0142tu, nie roluje si\u0119<br data-start=\"1423\" data-end=\"1426\" \/><strong data-start=\"1429\" data-end=\"1450\">Woreczek ochronny<\/strong> &#8211; zabierz je wsz\u0119dzie ?<\/p>\n<h3 class=\"\" data-start=\"1484\" data-end=\"1514\">? WYMIARY KA\u017bDEJ TA\u015aMY:<\/h3>\n<p class=\"\" data-start=\"1515\" data-end=\"1538\">38.1 cm x 8.2 cm x 2 mm<\/p>\n<\/div><\/div><\/div><\/div><\/div><\/div><\/div><\/section>\n","protected":false},"excerpt":{"rendered":"Bestsellerowe ta\u015bmy wr\u00f3ci\u0142y w udoskonalonej wersji i nowym kolorze: matcha blend! Zestaw 3 ta\u015bm oporowychTrening ca\u0142ego cia\u0142a, gdziekolwiek jeste\u015b. TRENUJ SKUTECZNIE, BEZ KOMPROMIS\u00d3W W domu, w studio, na si\u0142owni &#8211; TR\u00c9CE BANDS to Tw\u00f3j mobilny trener.Aktywuj mi\u0119\u015bnie. Zwi\u0119ksz si\u0142\u0119. Popraw stabilizacj\u0119. ?\ufe0f 3 POZIOMY OPORU 5\u201310 kg \u2013 start &amp; rehabilitacja10\u201315 kg \u2013 dla regularnych...","protected":false},"featured_media":6179,"template":"","meta":[],"product_brand":[],"product_cat":[157,165,160,142],"product_tag":[],"class_list":{"0":"post-6178","1":"product","2":"type-product","3":"status-publish","4":"has-post-thumbnail","6":"product_cat-kolekcje","7":"product_cat-matcha-green","8":"product_cat-produkty","9":"product_cat-tasmy-oporowe","11":"first","12":"instock","13":"taxable","14":"shipping-taxable","15":"purchasable","16":"product-type-simple"},"yoast_head":"<!-- This site is optimized with the Yoast SEO plugin v27.3 - https:\/\/yoast.com\/product\/yoast-seo-wordpress\/ -->\n<title>TR\u00c9CE BANDS MATCHA BLEND - TR\u00c9CE<\/title>\n<meta name=\"description\" content=\"Zestaw udoskonalonych ta\u015bm oporowych TR\u00c9CE BANDS w nowym kolorze matcha blend. Trzy poziomy oporu (5\u201320 kg), mi\u0119kka tkanina, silikonowe wyko\u0144czenie i wysoka trwa\u0142o\u015b\u0107. Idealne do treningu ca\u0142ego cia\u0142a w domu, na si\u0142owni i w podr\u00f3\u017cy.\" \/>\n<meta name=\"robots\" content=\"index, follow, max-snippet:-1, max-image-preview:large, max-video-preview:-1\" \/>\n<link rel=\"canonical\" href=\"https:\/\/trece-store.com\/en\/produkt\/trece-bands-matcha-blend\/\" \/>\n<meta property=\"og:locale\" content=\"en_US\" \/>\n<meta property=\"og:type\" content=\"article\" \/>\n<meta property=\"og:title\" content=\"TR\u00c9CE BANDS MATCHA BLEND - TR\u00c9CE\" \/>\n<meta property=\"og:description\" content=\"Zestaw udoskonalonych ta\u015bm oporowych TR\u00c9CE BANDS w nowym kolorze matcha blend. Trzy poziomy oporu (5\u201320 kg), mi\u0119kka tkanina, silikonowe wyko\u0144czenie i wysoka trwa\u0142o\u015b\u0107. Idealne do treningu ca\u0142ego cia\u0142a w domu, na si\u0142owni i w podr\u00f3\u017cy.\" \/>\n<meta property=\"og:url\" content=\"https:\/\/trece-store.com\/en\/produkt\/trece-bands-matcha-blend\/\" \/>\n<meta property=\"og:site_name\" content=\"TR\u00c9CE\" \/>\n<meta property=\"article:modified_time\" content=\"2026-05-08T22:36:46+00:00\" \/>\n<meta property=\"og:image\" content=\"https:\/\/trece-store.com\/wp-content\/uploads\/2025\/12\/DSC02201-scaled.jpeg\" \/>\n\t<meta property=\"og:image:width\" content=\"1707\" \/>\n\t<meta property=\"og:image:height\" content=\"2560\" \/>\n\t<meta property=\"og:image:type\" content=\"image\/jpeg\" \/>\n<meta name=\"twitter:card\" content=\"summary_large_image\" \/>\n<meta name=\"twitter:label1\" content=\"Est. reading time\" \/>\n\t<meta name=\"twitter:data1\" content=\"2 minutes\" \/>\n<script type=\"application\/ld+json\" class=\"yoast-schema-graph\">{\"@context\":\"https:\\\/\\\/schema.org\",\"@graph\":[{\"@type\":\"WebPage\",\"@id\":\"https:\\\/\\\/trece-store.com\\\/en\\\/produkt\\\/trece-bands-matcha-blend\\\/\",\"url\":\"https:\\\/\\\/trece-store.com\\\/en\\\/produkt\\\/trece-bands-matcha-blend\\\/\",\"name\":\"TR\u00c9CE BANDS MATCHA BLEND - TR\u00c9CE\",\"isPartOf\":{\"@id\":\"https:\\\/\\\/trece-store.com\\\/en\\\/#website\"},\"primaryImageOfPage\":{\"@id\":\"https:\\\/\\\/trece-store.com\\\/en\\\/produkt\\\/trece-bands-matcha-blend\\\/#primaryimage\"},\"image\":{\"@id\":\"https:\\\/\\\/trece-store.com\\\/en\\\/produkt\\\/trece-bands-matcha-blend\\\/#primaryimage\"},\"thumbnailUrl\":\"https:\\\/\\\/trece-store.com\\\/wp-content\\\/uploads\\\/2025\\\/12\\\/DSC02201-scaled.jpeg\",\"datePublished\":\"2025-12-04T19:55:58+00:00\",\"dateModified\":\"2026-05-08T22:36:46+00:00\",\"description\":\"Zestaw udoskonalonych ta\u015bm oporowych TR\u00c9CE BANDS w nowym kolorze matcha blend. Trzy poziomy oporu (5\u201320 kg), mi\u0119kka tkanina, silikonowe wyko\u0144czenie i wysoka trwa\u0142o\u015b\u0107. Idealne do treningu ca\u0142ego cia\u0142a w domu, na si\u0142owni i w podr\u00f3\u017cy.\",\"breadcrumb\":{\"@id\":\"https:\\\/\\\/trece-store.com\\\/en\\\/produkt\\\/trece-bands-matcha-blend\\\/#breadcrumb\"},\"inLanguage\":\"en-US\",\"potentialAction\":[{\"@type\":\"ReadAction\",\"target\":[\"https:\\\/\\\/trece-store.com\\\/en\\\/produkt\\\/trece-bands-matcha-blend\\\/\"]}]},{\"@type\":\"ImageObject\",\"inLanguage\":\"en-US\",\"@id\":\"https:\\\/\\\/trece-store.com\\\/en\\\/produkt\\\/trece-bands-matcha-blend\\\/#primaryimage\",\"url\":\"https:\\\/\\\/trece-store.com\\\/wp-content\\\/uploads\\\/2025\\\/12\\\/DSC02201-scaled.jpeg\",\"contentUrl\":\"https:\\\/\\\/trece-store.com\\\/wp-content\\\/uploads\\\/2025\\\/12\\\/DSC02201-scaled.jpeg\",\"width\":1707,\"height\":2560},{\"@type\":\"BreadcrumbList\",\"@id\":\"https:\\\/\\\/trece-store.com\\\/en\\\/produkt\\\/trece-bands-matcha-blend\\\/#breadcrumb\",\"itemListElement\":[{\"@type\":\"ListItem\",\"position\":1,\"name\":\"Strona g\u0142\u00f3wna\",\"item\":\"https:\\\/\\\/trece-store.com\\\/en\\\/\"},{\"@type\":\"ListItem\",\"position\":2,\"name\":\"Shop\",\"item\":\"https:\\\/\\\/trece-store.com\\\/en\\\/shop\\\/\"},{\"@type\":\"ListItem\",\"position\":3,\"name\":\"TR\u00c9CE BANDS MATCHA BLEND\"}]},{\"@type\":\"WebSite\",\"@id\":\"https:\\\/\\\/trece-store.com\\\/en\\\/#website\",\"url\":\"https:\\\/\\\/trece-store.com\\\/en\\\/\",\"name\":\"TR\u00c9CE\",\"description\":\"Nasz\u0105 misj\u0105 jest dostarczanie najwy\u017cszej jako\u015bci produkt\u00f3w, dzi\u0119ki kt\u00f3rym pozostaniesz w strefie komfortu, wyra\u017caj\u0105c przy tym sw\u00f3j styl i osobowo\u015b\u0107.\",\"publisher\":{\"@id\":\"https:\\\/\\\/trece-store.com\\\/en\\\/#organization\"},\"potentialAction\":[{\"@type\":\"SearchAction\",\"target\":{\"@type\":\"EntryPoint\",\"urlTemplate\":\"https:\\\/\\\/trece-store.com\\\/en\\\/?s={search_term_string}\"},\"query-input\":{\"@type\":\"PropertyValueSpecification\",\"valueRequired\":true,\"valueName\":\"search_term_string\"}}],\"inLanguage\":\"en-US\"},{\"@type\":\"Organization\",\"@id\":\"https:\\\/\\\/trece-store.com\\\/en\\\/#organization\",\"name\":\"Nasz\u0105 misj\u0105 jest dostarczanie najwy\u017cszej jako\u015bci produkt\u00f3w, dzi\u0119ki kt\u00f3rym pozostaniesz w strefie komfortu, wyra\u017caj\u0105c przy tym sw\u00f3j styl i osobowo\u015b\u0107.\",\"url\":\"https:\\\/\\\/trece-store.com\\\/en\\\/\",\"logo\":{\"@type\":\"ImageObject\",\"inLanguage\":\"en-US\",\"@id\":\"https:\\\/\\\/trece-store.com\\\/en\\\/#\\\/schema\\\/logo\\\/image\\\/\",\"url\":\"https:\\\/\\\/trece-store.com\\\/wp-content\\\/uploads\\\/2024\\\/05\\\/favicon.png\",\"contentUrl\":\"https:\\\/\\\/trece-store.com\\\/wp-content\\\/uploads\\\/2024\\\/05\\\/favicon.png\",\"width\":1024,\"height\":1024,\"caption\":\"Nasz\u0105 misj\u0105 jest dostarczanie najwy\u017cszej jako\u015bci produkt\u00f3w, dzi\u0119ki kt\u00f3rym pozostaniesz w strefie komfortu, wyra\u017caj\u0105c przy tym sw\u00f3j styl i osobowo\u015b\u0107.\"},\"image\":{\"@id\":\"https:\\\/\\\/trece-store.com\\\/en\\\/#\\\/schema\\\/logo\\\/image\\\/\"},\"sameAs\":[\"https:\\\/\\\/www.instagram.com\\\/trece.pl?igsh=anphbGVhdTJ2NzJ1&utm_source=qr\",\"https:\\\/\\\/pin.it\\\/4zE4LLDCh\",\"https:\\\/\\\/www.tiktok.com\\\/@trece_pl?_t=8mEyJAfSYYi&_r=1\"]}]}<\/script>\n<!-- \/ Yoast SEO plugin. -->","yoast_head_json":{"title":"TR\u00c9CE BANDS MATCHA BLEND - TR\u00c9CE","description":"Zestaw udoskonalonych ta\u015bm oporowych TR\u00c9CE BANDS w nowym kolorze matcha blend. Trzy poziomy oporu (5\u201320 kg), mi\u0119kka tkanina, silikonowe wyko\u0144czenie i wysoka trwa\u0142o\u015b\u0107. Idealne do treningu ca\u0142ego cia\u0142a w domu, na si\u0142owni i w podr\u00f3\u017cy.","robots":{"index":"index","follow":"follow","max-snippet":"max-snippet:-1","max-image-preview":"max-image-preview:large","max-video-preview":"max-video-preview:-1"},"canonical":"https:\/\/trece-store.com\/en\/produkt\/trece-bands-matcha-blend\/","og_locale":"en_US","og_type":"article","og_title":"TR\u00c9CE BANDS MATCHA BLEND - TR\u00c9CE","og_description":"Zestaw udoskonalonych ta\u015bm oporowych TR\u00c9CE BANDS w nowym kolorze matcha blend. Trzy poziomy oporu (5\u201320 kg), mi\u0119kka tkanina, silikonowe wyko\u0144czenie i wysoka trwa\u0142o\u015b\u0107. Idealne do treningu ca\u0142ego cia\u0142a w domu, na si\u0142owni i w podr\u00f3\u017cy.","og_url":"https:\/\/trece-store.com\/en\/produkt\/trece-bands-matcha-blend\/","og_site_name":"TR\u00c9CE","article_modified_time":"2026-05-08T22:36:46+00:00","og_image":[{"width":1707,"height":2560,"url":"https:\/\/trece-store.com\/wp-content\/uploads\/2025\/12\/DSC02201-scaled.jpeg","type":"image\/jpeg"}],"twitter_card":"summary_large_image","twitter_misc":{"Est. reading time":"2 minutes"},"schema":{"@context":"https:\/\/schema.org","@graph":[{"@type":"WebPage","@id":"https:\/\/trece-store.com\/en\/produkt\/trece-bands-matcha-blend\/","url":"https:\/\/trece-store.com\/en\/produkt\/trece-bands-matcha-blend\/","name":"TR\u00c9CE BANDS MATCHA BLEND - TR\u00c9CE","isPartOf":{"@id":"https:\/\/trece-store.com\/en\/#website"},"primaryImageOfPage":{"@id":"https:\/\/trece-store.com\/en\/produkt\/trece-bands-matcha-blend\/#primaryimage"},"image":{"@id":"https:\/\/trece-store.com\/en\/produkt\/trece-bands-matcha-blend\/#primaryimage"},"thumbnailUrl":"https:\/\/trece-store.com\/wp-content\/uploads\/2025\/12\/DSC02201-scaled.jpeg","datePublished":"2025-12-04T19:55:58+00:00","dateModified":"2026-05-08T22:36:46+00:00","description":"Zestaw udoskonalonych ta\u015bm oporowych TR\u00c9CE BANDS w nowym kolorze matcha blend. Trzy poziomy oporu (5\u201320 kg), mi\u0119kka tkanina, silikonowe wyko\u0144czenie i wysoka trwa\u0142o\u015b\u0107. Idealne do treningu ca\u0142ego cia\u0142a w domu, na si\u0142owni i w podr\u00f3\u017cy.","breadcrumb":{"@id":"https:\/\/trece-store.com\/en\/produkt\/trece-bands-matcha-blend\/#breadcrumb"},"inLanguage":"en-US","potentialAction":[{"@type":"ReadAction","target":["https:\/\/trece-store.com\/en\/produkt\/trece-bands-matcha-blend\/"]}]},{"@type":"ImageObject","inLanguage":"en-US","@id":"https:\/\/trece-store.com\/en\/produkt\/trece-bands-matcha-blend\/#primaryimage","url":"https:\/\/trece-store.com\/wp-content\/uploads\/2025\/12\/DSC02201-scaled.jpeg","contentUrl":"https:\/\/trece-store.com\/wp-content\/uploads\/2025\/12\/DSC02201-scaled.jpeg","width":1707,"height":2560},{"@type":"BreadcrumbList","@id":"https:\/\/trece-store.com\/en\/produkt\/trece-bands-matcha-blend\/#breadcrumb","itemListElement":[{"@type":"ListItem","position":1,"name":"Strona g\u0142\u00f3wna","item":"https:\/\/trece-store.com\/en\/"},{"@type":"ListItem","position":2,"name":"Shop","item":"https:\/\/trece-store.com\/en\/shop\/"},{"@type":"ListItem","position":3,"name":"TR\u00c9CE BANDS MATCHA BLEND"}]},{"@type":"WebSite","@id":"https:\/\/trece-store.com\/en\/#website","url":"https:\/\/trece-store.com\/en\/","name":"TR\u00c9CE","description":"Nasz\u0105 misj\u0105 jest dostarczanie najwy\u017cszej jako\u015bci produkt\u00f3w, dzi\u0119ki kt\u00f3rym pozostaniesz w strefie komfortu, wyra\u017caj\u0105c przy tym sw\u00f3j styl i osobowo\u015b\u0107.","publisher":{"@id":"https:\/\/trece-store.com\/en\/#organization"},"potentialAction":[{"@type":"SearchAction","target":{"@type":"EntryPoint","urlTemplate":"https:\/\/trece-store.com\/en\/?s={search_term_string}"},"query-input":{"@type":"PropertyValueSpecification","valueRequired":true,"valueName":"search_term_string"}}],"inLanguage":"en-US"},{"@type":"Organization","@id":"https:\/\/trece-store.com\/en\/#organization","name":"Nasz\u0105 misj\u0105 jest dostarczanie najwy\u017cszej jako\u015bci produkt\u00f3w, dzi\u0119ki kt\u00f3rym pozostaniesz w strefie komfortu, wyra\u017caj\u0105c przy tym sw\u00f3j styl i osobowo\u015b\u0107.","url":"https:\/\/trece-store.com\/en\/","logo":{"@type":"ImageObject","inLanguage":"en-US","@id":"https:\/\/trece-store.com\/en\/#\/schema\/logo\/image\/","url":"https:\/\/trece-store.com\/wp-content\/uploads\/2024\/05\/favicon.png","contentUrl":"https:\/\/trece-store.com\/wp-content\/uploads\/2024\/05\/favicon.png","width":1024,"height":1024,"caption":"Nasz\u0105 misj\u0105 jest dostarczanie najwy\u017cszej jako\u015bci produkt\u00f3w, dzi\u0119ki kt\u00f3rym pozostaniesz w strefie komfortu, wyra\u017caj\u0105c przy tym sw\u00f3j styl i osobowo\u015b\u0107."},"image":{"@id":"https:\/\/trece-store.com\/en\/#\/schema\/logo\/image\/"},"sameAs":["https:\/\/www.instagram.com\/trece.pl?igsh=anphbGVhdTJ2NzJ1&utm_source=qr","https:\/\/pin.it\/4zE4LLDCh","https:\/\/www.tiktok.com\/@trece_pl?_t=8mEyJAfSYYi&_r=1"]}]}},"_links":{"self":[{"href":"https:\/\/trece-store.com\/en\/wp-json\/wp\/v2\/product\/6178","targetHints":{"allow":["GET"]}}],"collection":[{"href":"https:\/\/trece-store.com\/en\/wp-json\/wp\/v2\/product"}],"about":[{"href":"https:\/\/trece-store.com\/en\/wp-json\/wp\/v2\/types\/product"}],"wp:featuredmedia":[{"embeddable":true,"href":"https:\/\/trece-store.com\/en\/wp-json\/wp\/v2\/media\/6179"}],"wp:attachment":[{"href":"https:\/\/trece-store.com\/en\/wp-json\/wp\/v2\/media?parent=6178"}],"wp:term":[{"taxonomy":"product_brand","embeddable":true,"href":"https:\/\/trece-store.com\/en\/wp-json\/wp\/v2\/product_brand?post=6178"},{"taxonomy":"product_cat","embeddable":true,"href":"https:\/\/trece-store.com\/en\/wp-json\/wp\/v2\/product_cat?post=6178"},{"taxonomy":"product_tag","embeddable":true,"href":"https:\/\/trece-store.com\/en\/wp-json\/wp\/v2\/product_tag?post=6178"}],"curies":[{"name":"wp","href":"https:\/\/api.w.org\/{rel}","templated":true}]}}