{"id":6169,"date":"2025-12-04T20:13:10","date_gmt":"2025-12-04T19:13:10","guid":{"rendered":"https:\/\/trece-store.com\/?post_type=product&#038;p=6169"},"modified":"2026-04-13T14:35:50","modified_gmt":"2026-04-13T12:35:50","slug":"2x1-kg-matcha-green","status":"publish","type":"product","link":"https:\/\/trece-store.com\/en\/produkt\/2x1-kg-matcha-green\/","title":{"rendered":"OBCI\u0104\u017bNIKI MATCHA GREEN 1KG"},"content":{"rendered":"<section class=\"l-section wpb_row height_custom\"><div class=\"l-section-h i-cf\"><div class=\"g-cols vc_row via_flex valign_top type_default stacking_default\"><div class=\"vc_col-sm-12 wpb_column vc_column_container\"><div class=\"vc_column-inner\"><div class=\"wpb_wrapper\"><div class=\"wpb_text_column\"><div class=\"wpb_wrapper\"><p><span>Wykonane z <\/span><strong data-start=\"235\" data-end=\"253\">solidnej stali <\/strong><span>pokrytej mi\u0119kkim <\/span><strong data-start=\"271\" data-end=\"291\">\u201ebaby silikonem\u201d<\/strong><span> w pi\u0119ciu odcieniach:<\/span><br data-start=\"312\" data-end=\"315\" \/><span>\ud83e\udd5b\u00a0<\/span><em data-start=\"318\" data-end=\"326\">almond<\/em><span>, \ud83e\udeb5\u00a0<\/span><em data-start=\"331\" data-end=\"340\">natural<\/em><span>, \ud83c\udf6b\u00a0<\/span><em data-start=\"345\" data-end=\"354\">brownie , \ud83d\udc06carbon, \ud83c\udf3fmatcha green<\/em><\/p>\n<p data-start=\"376\" data-end=\"501\">Ka\u017cdy ci\u0119\u017carek zdobi grawerowane logo TR\u00c9CE, podkre\u015blaj\u0105ce minimalistyczny, elegancki styl. W zestawie znajduj\u0105 si\u0119 2 sztuki, ka\u017cda po 1kg.<\/p>\n<p data-start=\"72\" data-end=\"342\">Obci\u0105\u017cniki TR\u00c9CE 2\u00d71 kg to uniwersalne akcesorium, kt\u00f3re zwi\u0119kszy efektywno\u015b\u0107 codziennego ruchu. Mo\u017cna je wygodnie zapi\u0105\u0107 na kostkach lub nadgarstkach, dzi\u0119ki czemu sprawdz\u0105 si\u0119 nie tylko podczas treningu, ale tak\u017ce w trakcie spaceru, sprz\u0105tania czy innych aktywno\u015bci.<\/p>\n<p data-start=\"344\" data-end=\"603\" data-is-last-node=\"\" data-is-only-node=\"\">Mi\u0119kka, przyjemna w dotyku powierzchnia i stabilne zapi\u0119cie gwarantuj\u0105 komfort noszenia, a dba\u0142o\u015b\u0107 o detale i wysok\u0105 jako\u015b\u0107 wykonania sprawiaj\u0105, \u017ce obci\u0105\u017cniki s\u0105 trwa\u0142e i estetyczne. To prosty spos\u00f3b, by doda\u0107 swojemu dniu odrobin\u0119 wi\u0119cej ruchu i wzmocnienia.<\/p>\n<p data-start=\"376\" data-end=\"501\"><span>Minimalistyczny design idealnie wsp\u00f3\u0142gra z innymi produktami marki i podnosi komfort treningu. Prezentowany model dost\u0119pny jest w kolorze matcha green, a w ofercie znajduj\u0105 si\u0119 tak\u017ce inne warianty kolorystyczne oraz wersja 0,5 kg.<\/span><\/p>\n<\/div><\/div><\/div><\/div><\/div><\/div><\/div><\/section>\n","protected":false},"excerpt":{"rendered":"Wykonane z solidnej stali pokrytej mi\u0119kkim \u201ebaby silikonem\u201d w pi\u0119ciu odcieniach:\ud83e\udd5b\u00a0almond, \ud83e\udeb5\u00a0natural, \ud83c\udf6b\u00a0brownie , \ud83d\udc06carbon, \ud83c\udf3fmatcha green Ka\u017cdy ci\u0119\u017carek zdobi grawerowane logo TR\u00c9CE, podkre\u015blaj\u0105ce minimalistyczny, elegancki styl. W zestawie znajduj\u0105 si\u0119 2 sztuki, ka\u017cda po 1kg. Obci\u0105\u017cniki TR\u00c9CE 2\u00d71 kg to uniwersalne akcesorium, kt\u00f3re zwi\u0119kszy efektywno\u015b\u0107 codziennego ruchu. Mo\u017cna je wygodnie zapi\u0105\u0107 na kostkach lub...","protected":false},"featured_media":6170,"template":"","meta":[],"product_brand":[],"product_cat":[157,165,144],"product_tag":[],"class_list":{"0":"post-6169","1":"product","2":"type-product","3":"status-publish","4":"has-post-thumbnail","6":"product_cat-kolekcje","7":"product_cat-matcha-green","8":"product_cat-obciazniki","10":"first","11":"instock","12":"taxable","13":"shipping-taxable","14":"purchasable","15":"product-type-simple"},"yoast_head":"<!-- This site is optimized with the Yoast SEO plugin v27.3 - https:\/\/yoast.com\/product\/yoast-seo-wordpress\/ -->\n<title>OBCI\u0104\u017bNIKI MATCHA GREEN 1KG - TR\u00c9CE<\/title>\n<meta name=\"description\" content=\"Zielone obci\u0105\u017cniki TR\u00c9CE 2\u00d71 kg w kolorze matcha green - stylowe i wygodne. Idealne do treningu, pilates, spacer\u00f3w i codziennych aktywno\u015bci. Zapi\u0119cie na kostki lub nadgarstki, wysoka jako\u015b\u0107 i komfort noszenia.\" \/>\n<meta name=\"robots\" content=\"index, follow, max-snippet:-1, max-image-preview:large, max-video-preview:-1\" \/>\n<link rel=\"canonical\" href=\"https:\/\/trece-store.com\/en\/produkt\/2x1-kg-matcha-green\/\" \/>\n<meta property=\"og:locale\" content=\"en_US\" \/>\n<meta property=\"og:type\" content=\"article\" \/>\n<meta property=\"og:title\" content=\"OBCI\u0104\u017bNIKI MATCHA GREEN 1KG - TR\u00c9CE\" \/>\n<meta property=\"og:description\" content=\"Zielone obci\u0105\u017cniki TR\u00c9CE 2\u00d71 kg w kolorze matcha green - stylowe i wygodne. Idealne do treningu, pilates, spacer\u00f3w i codziennych aktywno\u015bci. Zapi\u0119cie na kostki lub nadgarstki, wysoka jako\u015b\u0107 i komfort noszenia.\" \/>\n<meta property=\"og:url\" content=\"https:\/\/trece-store.com\/en\/produkt\/2x1-kg-matcha-green\/\" \/>\n<meta property=\"og:site_name\" content=\"TR\u00c9CE\" \/>\n<meta property=\"article:modified_time\" content=\"2026-04-13T12:35:50+00:00\" \/>\n<meta property=\"og:image\" content=\"https:\/\/trece-store.com\/wp-content\/uploads\/2025\/12\/DSC02055_VSCO-scaled.jpg\" \/>\n\t<meta property=\"og:image:width\" content=\"1707\" \/>\n\t<meta property=\"og:image:height\" content=\"2560\" \/>\n\t<meta property=\"og:image:type\" content=\"image\/jpeg\" \/>\n<meta name=\"twitter:card\" content=\"summary_large_image\" \/>\n<meta name=\"twitter:label1\" content=\"Est. reading time\" \/>\n\t<meta name=\"twitter:data1\" content=\"2 minutes\" \/>\n<script type=\"application\/ld+json\" class=\"yoast-schema-graph\">{\"@context\":\"https:\\\/\\\/schema.org\",\"@graph\":[{\"@type\":\"WebPage\",\"@id\":\"https:\\\/\\\/trece-store.com\\\/en\\\/produkt\\\/2x1-kg-matcha-green\\\/\",\"url\":\"https:\\\/\\\/trece-store.com\\\/en\\\/produkt\\\/2x1-kg-matcha-green\\\/\",\"name\":\"OBCI\u0104\u017bNIKI MATCHA GREEN 1KG - TR\u00c9CE\",\"isPartOf\":{\"@id\":\"https:\\\/\\\/trece-store.com\\\/en\\\/#website\"},\"primaryImageOfPage\":{\"@id\":\"https:\\\/\\\/trece-store.com\\\/en\\\/produkt\\\/2x1-kg-matcha-green\\\/#primaryimage\"},\"image\":{\"@id\":\"https:\\\/\\\/trece-store.com\\\/en\\\/produkt\\\/2x1-kg-matcha-green\\\/#primaryimage\"},\"thumbnailUrl\":\"https:\\\/\\\/trece-store.com\\\/wp-content\\\/uploads\\\/2025\\\/12\\\/DSC02055_VSCO-scaled.jpg\",\"datePublished\":\"2025-12-04T19:13:10+00:00\",\"dateModified\":\"2026-04-13T12:35:50+00:00\",\"description\":\"Zielone obci\u0105\u017cniki TR\u00c9CE 2\u00d71 kg w kolorze matcha green - stylowe i wygodne. Idealne do treningu, pilates, spacer\u00f3w i codziennych aktywno\u015bci. Zapi\u0119cie na kostki lub nadgarstki, wysoka jako\u015b\u0107 i komfort noszenia.\",\"breadcrumb\":{\"@id\":\"https:\\\/\\\/trece-store.com\\\/en\\\/produkt\\\/2x1-kg-matcha-green\\\/#breadcrumb\"},\"inLanguage\":\"en-US\",\"potentialAction\":[{\"@type\":\"ReadAction\",\"target\":[\"https:\\\/\\\/trece-store.com\\\/en\\\/produkt\\\/2x1-kg-matcha-green\\\/\"]}]},{\"@type\":\"ImageObject\",\"inLanguage\":\"en-US\",\"@id\":\"https:\\\/\\\/trece-store.com\\\/en\\\/produkt\\\/2x1-kg-matcha-green\\\/#primaryimage\",\"url\":\"https:\\\/\\\/trece-store.com\\\/wp-content\\\/uploads\\\/2025\\\/12\\\/DSC02055_VSCO-scaled.jpg\",\"contentUrl\":\"https:\\\/\\\/trece-store.com\\\/wp-content\\\/uploads\\\/2025\\\/12\\\/DSC02055_VSCO-scaled.jpg\",\"width\":1707,\"height\":2560},{\"@type\":\"BreadcrumbList\",\"@id\":\"https:\\\/\\\/trece-store.com\\\/en\\\/produkt\\\/2x1-kg-matcha-green\\\/#breadcrumb\",\"itemListElement\":[{\"@type\":\"ListItem\",\"position\":1,\"name\":\"Strona g\u0142\u00f3wna\",\"item\":\"https:\\\/\\\/trece-store.com\\\/en\\\/\"},{\"@type\":\"ListItem\",\"position\":2,\"name\":\"Shop\",\"item\":\"https:\\\/\\\/trece-store.com\\\/en\\\/shop\\\/\"},{\"@type\":\"ListItem\",\"position\":3,\"name\":\"OBCI\u0104\u017bNIKI MATCHA GREEN 1KG\"}]},{\"@type\":\"WebSite\",\"@id\":\"https:\\\/\\\/trece-store.com\\\/en\\\/#website\",\"url\":\"https:\\\/\\\/trece-store.com\\\/en\\\/\",\"name\":\"TR\u00c9CE\",\"description\":\"Nasz\u0105 misj\u0105 jest dostarczanie najwy\u017cszej jako\u015bci produkt\u00f3w, dzi\u0119ki kt\u00f3rym pozostaniesz w strefie komfortu, wyra\u017caj\u0105c przy tym sw\u00f3j styl i osobowo\u015b\u0107.\",\"publisher\":{\"@id\":\"https:\\\/\\\/trece-store.com\\\/en\\\/#organization\"},\"potentialAction\":[{\"@type\":\"SearchAction\",\"target\":{\"@type\":\"EntryPoint\",\"urlTemplate\":\"https:\\\/\\\/trece-store.com\\\/en\\\/?s={search_term_string}\"},\"query-input\":{\"@type\":\"PropertyValueSpecification\",\"valueRequired\":true,\"valueName\":\"search_term_string\"}}],\"inLanguage\":\"en-US\"},{\"@type\":\"Organization\",\"@id\":\"https:\\\/\\\/trece-store.com\\\/en\\\/#organization\",\"name\":\"Nasz\u0105 misj\u0105 jest dostarczanie najwy\u017cszej jako\u015bci produkt\u00f3w, dzi\u0119ki kt\u00f3rym pozostaniesz w strefie komfortu, wyra\u017caj\u0105c przy tym sw\u00f3j styl i osobowo\u015b\u0107.\",\"url\":\"https:\\\/\\\/trece-store.com\\\/en\\\/\",\"logo\":{\"@type\":\"ImageObject\",\"inLanguage\":\"en-US\",\"@id\":\"https:\\\/\\\/trece-store.com\\\/en\\\/#\\\/schema\\\/logo\\\/image\\\/\",\"url\":\"https:\\\/\\\/trece-store.com\\\/wp-content\\\/uploads\\\/2024\\\/05\\\/favicon.png\",\"contentUrl\":\"https:\\\/\\\/trece-store.com\\\/wp-content\\\/uploads\\\/2024\\\/05\\\/favicon.png\",\"width\":1024,\"height\":1024,\"caption\":\"Nasz\u0105 misj\u0105 jest dostarczanie najwy\u017cszej jako\u015bci produkt\u00f3w, dzi\u0119ki kt\u00f3rym pozostaniesz w strefie komfortu, wyra\u017caj\u0105c przy tym sw\u00f3j styl i osobowo\u015b\u0107.\"},\"image\":{\"@id\":\"https:\\\/\\\/trece-store.com\\\/en\\\/#\\\/schema\\\/logo\\\/image\\\/\"},\"sameAs\":[\"https:\\\/\\\/www.instagram.com\\\/trece.pl?igsh=anphbGVhdTJ2NzJ1&utm_source=qr\",\"https:\\\/\\\/pin.it\\\/4zE4LLDCh\",\"https:\\\/\\\/www.tiktok.com\\\/@trece_pl?_t=8mEyJAfSYYi&_r=1\"]}]}<\/script>\n<!-- \/ Yoast SEO plugin. -->","yoast_head_json":{"title":"OBCI\u0104\u017bNIKI MATCHA GREEN 1KG - TR\u00c9CE","description":"Zielone obci\u0105\u017cniki TR\u00c9CE 2\u00d71 kg w kolorze matcha green - stylowe i wygodne. Idealne do treningu, pilates, spacer\u00f3w i codziennych aktywno\u015bci. Zapi\u0119cie na kostki lub nadgarstki, wysoka jako\u015b\u0107 i komfort noszenia.","robots":{"index":"index","follow":"follow","max-snippet":"max-snippet:-1","max-image-preview":"max-image-preview:large","max-video-preview":"max-video-preview:-1"},"canonical":"https:\/\/trece-store.com\/en\/produkt\/2x1-kg-matcha-green\/","og_locale":"en_US","og_type":"article","og_title":"OBCI\u0104\u017bNIKI MATCHA GREEN 1KG - TR\u00c9CE","og_description":"Zielone obci\u0105\u017cniki TR\u00c9CE 2\u00d71 kg w kolorze matcha green - stylowe i wygodne. Idealne do treningu, pilates, spacer\u00f3w i codziennych aktywno\u015bci. Zapi\u0119cie na kostki lub nadgarstki, wysoka jako\u015b\u0107 i komfort noszenia.","og_url":"https:\/\/trece-store.com\/en\/produkt\/2x1-kg-matcha-green\/","og_site_name":"TR\u00c9CE","article_modified_time":"2026-04-13T12:35:50+00:00","og_image":[{"width":1707,"height":2560,"url":"https:\/\/trece-store.com\/wp-content\/uploads\/2025\/12\/DSC02055_VSCO-scaled.jpg","type":"image\/jpeg"}],"twitter_card":"summary_large_image","twitter_misc":{"Est. reading time":"2 minutes"},"schema":{"@context":"https:\/\/schema.org","@graph":[{"@type":"WebPage","@id":"https:\/\/trece-store.com\/en\/produkt\/2x1-kg-matcha-green\/","url":"https:\/\/trece-store.com\/en\/produkt\/2x1-kg-matcha-green\/","name":"OBCI\u0104\u017bNIKI MATCHA GREEN 1KG - TR\u00c9CE","isPartOf":{"@id":"https:\/\/trece-store.com\/en\/#website"},"primaryImageOfPage":{"@id":"https:\/\/trece-store.com\/en\/produkt\/2x1-kg-matcha-green\/#primaryimage"},"image":{"@id":"https:\/\/trece-store.com\/en\/produkt\/2x1-kg-matcha-green\/#primaryimage"},"thumbnailUrl":"https:\/\/trece-store.com\/wp-content\/uploads\/2025\/12\/DSC02055_VSCO-scaled.jpg","datePublished":"2025-12-04T19:13:10+00:00","dateModified":"2026-04-13T12:35:50+00:00","description":"Zielone obci\u0105\u017cniki TR\u00c9CE 2\u00d71 kg w kolorze matcha green - stylowe i wygodne. Idealne do treningu, pilates, spacer\u00f3w i codziennych aktywno\u015bci. Zapi\u0119cie na kostki lub nadgarstki, wysoka jako\u015b\u0107 i komfort noszenia.","breadcrumb":{"@id":"https:\/\/trece-store.com\/en\/produkt\/2x1-kg-matcha-green\/#breadcrumb"},"inLanguage":"en-US","potentialAction":[{"@type":"ReadAction","target":["https:\/\/trece-store.com\/en\/produkt\/2x1-kg-matcha-green\/"]}]},{"@type":"ImageObject","inLanguage":"en-US","@id":"https:\/\/trece-store.com\/en\/produkt\/2x1-kg-matcha-green\/#primaryimage","url":"https:\/\/trece-store.com\/wp-content\/uploads\/2025\/12\/DSC02055_VSCO-scaled.jpg","contentUrl":"https:\/\/trece-store.com\/wp-content\/uploads\/2025\/12\/DSC02055_VSCO-scaled.jpg","width":1707,"height":2560},{"@type":"BreadcrumbList","@id":"https:\/\/trece-store.com\/en\/produkt\/2x1-kg-matcha-green\/#breadcrumb","itemListElement":[{"@type":"ListItem","position":1,"name":"Strona g\u0142\u00f3wna","item":"https:\/\/trece-store.com\/en\/"},{"@type":"ListItem","position":2,"name":"Shop","item":"https:\/\/trece-store.com\/en\/shop\/"},{"@type":"ListItem","position":3,"name":"OBCI\u0104\u017bNIKI MATCHA GREEN 1KG"}]},{"@type":"WebSite","@id":"https:\/\/trece-store.com\/en\/#website","url":"https:\/\/trece-store.com\/en\/","name":"TR\u00c9CE","description":"Nasz\u0105 misj\u0105 jest dostarczanie najwy\u017cszej jako\u015bci produkt\u00f3w, dzi\u0119ki kt\u00f3rym pozostaniesz w strefie komfortu, wyra\u017caj\u0105c przy tym sw\u00f3j styl i osobowo\u015b\u0107.","publisher":{"@id":"https:\/\/trece-store.com\/en\/#organization"},"potentialAction":[{"@type":"SearchAction","target":{"@type":"EntryPoint","urlTemplate":"https:\/\/trece-store.com\/en\/?s={search_term_string}"},"query-input":{"@type":"PropertyValueSpecification","valueRequired":true,"valueName":"search_term_string"}}],"inLanguage":"en-US"},{"@type":"Organization","@id":"https:\/\/trece-store.com\/en\/#organization","name":"Nasz\u0105 misj\u0105 jest dostarczanie najwy\u017cszej jako\u015bci produkt\u00f3w, dzi\u0119ki kt\u00f3rym pozostaniesz w strefie komfortu, wyra\u017caj\u0105c przy tym sw\u00f3j styl i osobowo\u015b\u0107.","url":"https:\/\/trece-store.com\/en\/","logo":{"@type":"ImageObject","inLanguage":"en-US","@id":"https:\/\/trece-store.com\/en\/#\/schema\/logo\/image\/","url":"https:\/\/trece-store.com\/wp-content\/uploads\/2024\/05\/favicon.png","contentUrl":"https:\/\/trece-store.com\/wp-content\/uploads\/2024\/05\/favicon.png","width":1024,"height":1024,"caption":"Nasz\u0105 misj\u0105 jest dostarczanie najwy\u017cszej jako\u015bci produkt\u00f3w, dzi\u0119ki kt\u00f3rym pozostaniesz w strefie komfortu, wyra\u017caj\u0105c przy tym sw\u00f3j styl i osobowo\u015b\u0107."},"image":{"@id":"https:\/\/trece-store.com\/en\/#\/schema\/logo\/image\/"},"sameAs":["https:\/\/www.instagram.com\/trece.pl?igsh=anphbGVhdTJ2NzJ1&utm_source=qr","https:\/\/pin.it\/4zE4LLDCh","https:\/\/www.tiktok.com\/@trece_pl?_t=8mEyJAfSYYi&_r=1"]}]}},"_links":{"self":[{"href":"https:\/\/trece-store.com\/en\/wp-json\/wp\/v2\/product\/6169","targetHints":{"allow":["GET"]}}],"collection":[{"href":"https:\/\/trece-store.com\/en\/wp-json\/wp\/v2\/product"}],"about":[{"href":"https:\/\/trece-store.com\/en\/wp-json\/wp\/v2\/types\/product"}],"wp:featuredmedia":[{"embeddable":true,"href":"https:\/\/trece-store.com\/en\/wp-json\/wp\/v2\/media\/6170"}],"wp:attachment":[{"href":"https:\/\/trece-store.com\/en\/wp-json\/wp\/v2\/media?parent=6169"}],"wp:term":[{"taxonomy":"product_brand","embeddable":true,"href":"https:\/\/trece-store.com\/en\/wp-json\/wp\/v2\/product_brand?post=6169"},{"taxonomy":"product_cat","embeddable":true,"href":"https:\/\/trece-store.com\/en\/wp-json\/wp\/v2\/product_cat?post=6169"},{"taxonomy":"product_tag","embeddable":true,"href":"https:\/\/trece-store.com\/en\/wp-json\/wp\/v2\/product_tag?post=6169"}],"curies":[{"name":"wp","href":"https:\/\/api.w.org\/{rel}","templated":true}]}}