{"id":6009,"date":"2025-06-25T14:39:57","date_gmt":"2025-06-25T12:39:57","guid":{"rendered":"https:\/\/trece-store.com\/?post_type=product&#038;p=6009"},"modified":"2026-03-14T17:19:06","modified_gmt":"2026-03-14T16:19:06","slug":"maty-%e2%98%81%ef%b8%8fcloud-moonlight","status":"publish","type":"product","link":"https:\/\/trece-store.com\/en\/produkt\/maty-%e2%98%81%ef%b8%8fcloud-moonlight\/","title":{"rendered":"MATY \u2601\ufe0fCLOUD:  MOONLIGHT"},"content":{"rendered":"<p class=\"\" data-start=\"229\" data-end=\"486\">Poznaj mat\u0119 <strong data-start=\"241\" data-end=\"250\">CLOUD \u2601\ufe0f<\/strong> \u2013 nasz\u0105 najnowsz\u0105 propozycj\u0119 dla mi\u0142o\u015bnik\u00f3w \u015bwiadomej praktyki. Wykonana z biodegradowalnego kauczuku i mi\u0119kkiej, ch\u0142onnej mikrofibry z recyklingowanego plastiku (rPET), zapewnia doskona\u0142\u0105 r\u00f3wnowag\u0119 mi\u0119dzy komfortem a funkcjonalno\u015bci\u0105.<\/p>\n<p>Dost\u0119pna w pi\u0119ciu subtelnych, eleganckich kolorach:<br data-start=\"538\" data-end=\"541\" \/><strong>\ud83c\udf80 Pudrowy r\u00f3\u017c, <\/strong><\/p>\n<p>\u2615\ufe0fkolor sezonu <strong data-start=\"565\" data-end=\"581\">Mocha Mousse, <\/strong><\/p>\n<p>elegancki <strong>Cherry red \ud83c\udf52<\/strong><\/p>\n<p>ksi\u0119\u017cycowa szaro\u015b\u0107<strong> Moonlight \ud83c\udf1a<\/strong><\/p>\n<p><strong>Baltic Sea \ud83e\udebc<\/strong><\/p>\n<p class=\"\" data-start=\"830\" data-end=\"886\"><strong data-start=\"830\" data-end=\"842\">Wymiary:<\/strong> 190 x 68 cm<br data-start=\"854\" data-end=\"857\" \/><strong data-start=\"857\" data-end=\"879\">Grubo\u015b\u0107 ca\u0142kowita:<\/strong> 4,5 mm<\/p>\n<p class=\"\" data-start=\"888\" data-end=\"1143\"><strong data-start=\"798\" data-end=\"931\"><span>Du\u017cy rozmiar sprawia, \u017ce mata CLOUD zapewnia komfortow\u0105 przestrze\u0144 do ruchu i<\/span> doskonale sprawdzi si\u0119 nawet podczas najbardziej intensywnej praktyki \u2013 idealna do jogi, trening\u00f3w fitness czy pilatesu.<\/strong><\/p>\n<p class=\"\" data-start=\"888\" data-end=\"1143\"><span>Na pocz\u0105tku mo\u017ce wydawa\u0107 si\u0119 lekko \u015bliska \u2013 to ca\u0142kowicie normalne. Z ka\u017cdym u\u017cyciem mikrofibra staje si\u0119 bardziej chropowata, a przyczepno\u015b\u0107 jeszcze lepsza.<\/span><\/p>\n<p class=\"\" data-start=\"1145\" data-end=\"1240\">\u00a0<strong data-start=\"1148\" data-end=\"1160\">Pro tip:<\/strong> Spryskaj mat\u0119 wod\u0105 lub zwil\u017c d\u0142onie i stopy, by od razu zwi\u0119kszy\u0107 przyczepno\u015b\u0107.<\/p>\n<p data-start=\"1145\" data-end=\"1240\"><span>\u267b\ufe0f Produkt nadaje si\u0119 do recyklingu. <\/span><\/p>\n<h3 class=\"\" data-start=\"1242\" data-end=\"1278\"><strong data-start=\"1246\" data-end=\"1276\">Czyszczenie i piel\u0119gnacja:<\/strong><\/h3>\n<p class=\"\" data-start=\"1279\" data-end=\"1437\">Przecieraj wilgotn\u0105 \u015bciereczk\u0105 po ka\u017cdym u\u017cyciu. W razie potrzeby pierz w pralce w maks. 30\u00b0C \u2013 bez detergent\u00f3w. Nie susz w suszarce b\u0119bnowej. Susz na p\u0142asko.<\/p>\n<blockquote class=\"wp-embedded-content\" data-secret=\"OkKyub3FT1\"><p><a href=\"https:\/\/trece-store.com\/jak-czyscic-mate-z-mikrofibry-cloud\/\">Jak czy\u015bci\u0107 mat\u0119 z mikrofibry CLOUD?<\/a><\/p><\/blockquote>\n<p><iframe loading=\"lazy\" class=\"wp-embedded-content\" sandbox=\"allow-scripts\" security=\"restricted\" style=\"position: absolute; visibility: hidden;\" title=\"&#8222;Jak czy\u015bci\u0107 mat\u0119 z mikrofibry CLOUD?&#8221; &#8212; TR\u00c9CE\" src=\"https:\/\/trece-store.com\/jak-czyscic-mate-z-mikrofibry-cloud\/embed\/#?secret=mcoF7SNklR#?secret=OkKyub3FT1\" data-secret=\"OkKyub3FT1\" width=\"600\" height=\"338\" frameborder=\"0\" marginwidth=\"0\" marginheight=\"0\" scrolling=\"no\"><\/iframe><\/p>\n<p data-start=\"1234\" data-end=\"1396\"><span>Naszych dostawc\u00f3w znamy osobi\u015bcie i wsp\u00f3\u0142pracujemy wy\u0142\u0105cznie ze sprawdzonymi fabrykami, kt\u00f3re spe\u0142niaj\u0105 nasze standardy jako\u015bci.<\/span><\/p>\n<p data-start=\"1234\" data-end=\"1396\"><span>Wyprodukowano w Chinach. <\/span><\/p>\n","protected":false},"excerpt":{"rendered":"<p>Poznaj mat\u0119 CLOUD \u2601\ufe0f \u2013 nasz\u0105 najnowsz\u0105 propozycj\u0119 dla mi\u0142o\u015bnik\u00f3w \u015bwiadomej praktyki. Wykonana z biodegradowalnego kauczuku i mi\u0119kkiej, ch\u0142onnej mikrofibry z recyklingowanego plastiku (rPET), zapewnia doskona\u0142\u0105 r\u00f3wnowag\u0119 mi\u0119dzy komfortem a funkcjonalno\u015bci\u0105. Dost\u0119pna w pi\u0119ciu subtelnych, eleganckich kolorach:\ud83c\udf80 Pudrowy r\u00f3\u017c, \u2615\ufe0fkolor sezonu Mocha Mousse, elegancki Cherry red \ud83c\udf52 ksi\u0119\u017cycowa szaro\u015b\u0107 Moonlight \ud83c\udf1a Baltic Sea \ud83e\udebc Wymiary:&#8230;<\/p>\n","protected":false},"featured_media":6197,"template":"","meta":[],"product_brand":[],"product_cat":[15,143,161],"product_tag":[],"class_list":{"0":"post-6009","1":"product","2":"type-product","3":"status-publish","4":"has-post-thumbnail","6":"product_cat-chocolate","7":"product_cat-maty-treningowe","8":"product_cat-wszystkie","9":"product_shipping_class-niedopaczkomatu","11":"first","12":"instock","13":"taxable","14":"shipping-taxable","15":"purchasable","16":"product-type-simple"},"yoast_head":"<!-- This site is optimized with the Yoast SEO plugin v27.1.1 - https:\/\/yoast.com\/product\/yoast-seo-wordpress\/ -->\n<title>MATY \u2601\ufe0fCLOUD: MOONLIGHT - TR\u00c9CE<\/title>\n<meta name=\"robots\" content=\"index, follow, max-snippet:-1, max-image-preview:large, max-video-preview:-1\" \/>\n<link rel=\"canonical\" href=\"https:\/\/trece-store.com\/en\/produkt\/maty-%e2%98%81%ef%b8%8fcloud-moonlight\/\" \/>\n<meta property=\"og:locale\" content=\"en_US\" \/>\n<meta property=\"og:type\" content=\"article\" \/>\n<meta property=\"og:title\" content=\"MATY \u2601\ufe0fCLOUD: MOONLIGHT - TR\u00c9CE\" \/>\n<meta property=\"og:description\" content=\"Poznaj mat\u0119 CLOUD \u2601\ufe0f \u2013 nasz\u0105 najnowsz\u0105 propozycj\u0119 dla mi\u0142o\u015bnik\u00f3w \u015bwiadomej praktyki. Wykonana z biodegradowalnego kauczuku i mi\u0119kkiej, ch\u0142onnej mikrofibry z recyklingowanego plastiku (rPET), zapewnia doskona\u0142\u0105 r\u00f3wnowag\u0119 mi\u0119dzy komfortem a funkcjonalno\u015bci\u0105. Dost\u0119pna w pi\u0119ciu subtelnych, eleganckich kolorach:\ud83c\udf80 Pudrowy r\u00f3\u017c, \u2615\ufe0fkolor sezonu Mocha Mousse, elegancki Cherry red \ud83c\udf52 ksi\u0119\u017cycowa szaro\u015b\u0107 Moonlight \ud83c\udf1a Baltic Sea \ud83e\udebc Wymiary:...\" \/>\n<meta property=\"og:url\" content=\"https:\/\/trece-store.com\/en\/produkt\/maty-%e2%98%81%ef%b8%8fcloud-moonlight\/\" \/>\n<meta property=\"og:site_name\" content=\"TR\u00c9CE\" \/>\n<meta property=\"article:modified_time\" content=\"2026-03-14T16:19:06+00:00\" \/>\n<meta property=\"og:image\" content=\"https:\/\/trece-store.com\/wp-content\/uploads\/2025\/06\/DSC02166-scaled.jpeg\" \/>\n\t<meta property=\"og:image:width\" content=\"1707\" \/>\n\t<meta property=\"og:image:height\" content=\"2560\" \/>\n\t<meta property=\"og:image:type\" content=\"image\/jpeg\" \/>\n<meta name=\"twitter:card\" content=\"summary_large_image\" \/>\n<meta name=\"twitter:label1\" content=\"Est. reading time\" \/>\n\t<meta name=\"twitter:data1\" content=\"2 minutes\" \/>\n<script type=\"application\/ld+json\" class=\"yoast-schema-graph\">{\"@context\":\"https:\/\/schema.org\",\"@graph\":[{\"@type\":\"WebPage\",\"@id\":\"https:\/\/trece-store.com\/en\/produkt\/maty-%e2%98%81%ef%b8%8fcloud-moonlight\/\",\"url\":\"https:\/\/trece-store.com\/en\/produkt\/maty-%e2%98%81%ef%b8%8fcloud-moonlight\/\",\"name\":\"MATY \u2601\ufe0fCLOUD: MOONLIGHT - TR\u00c9CE\",\"isPartOf\":{\"@id\":\"https:\/\/trece-store.com\/en\/#website\"},\"primaryImageOfPage\":{\"@id\":\"https:\/\/trece-store.com\/en\/produkt\/maty-%e2%98%81%ef%b8%8fcloud-moonlight\/#primaryimage\"},\"image\":{\"@id\":\"https:\/\/trece-store.com\/en\/produkt\/maty-%e2%98%81%ef%b8%8fcloud-moonlight\/#primaryimage\"},\"thumbnailUrl\":\"https:\/\/trece-store.com\/wp-content\/uploads\/2025\/06\/DSC02166-scaled.jpeg\",\"datePublished\":\"2025-06-25T12:39:57+00:00\",\"dateModified\":\"2026-03-14T16:19:06+00:00\",\"breadcrumb\":{\"@id\":\"https:\/\/trece-store.com\/en\/produkt\/maty-%e2%98%81%ef%b8%8fcloud-moonlight\/#breadcrumb\"},\"inLanguage\":\"en-US\",\"potentialAction\":[{\"@type\":\"ReadAction\",\"target\":[\"https:\/\/trece-store.com\/en\/produkt\/maty-%e2%98%81%ef%b8%8fcloud-moonlight\/\"]}]},{\"@type\":\"ImageObject\",\"inLanguage\":\"en-US\",\"@id\":\"https:\/\/trece-store.com\/en\/produkt\/maty-%e2%98%81%ef%b8%8fcloud-moonlight\/#primaryimage\",\"url\":\"https:\/\/trece-store.com\/wp-content\/uploads\/2025\/06\/DSC02166-scaled.jpeg\",\"contentUrl\":\"https:\/\/trece-store.com\/wp-content\/uploads\/2025\/06\/DSC02166-scaled.jpeg\",\"width\":1707,\"height\":2560},{\"@type\":\"BreadcrumbList\",\"@id\":\"https:\/\/trece-store.com\/en\/produkt\/maty-%e2%98%81%ef%b8%8fcloud-moonlight\/#breadcrumb\",\"itemListElement\":[{\"@type\":\"ListItem\",\"position\":1,\"name\":\"Strona g\u0142\u00f3wna\",\"item\":\"https:\/\/trece-store.com\/en\/\"},{\"@type\":\"ListItem\",\"position\":2,\"name\":\"Shop\",\"item\":\"https:\/\/trece-store.com\/en\/shop\/\"},{\"@type\":\"ListItem\",\"position\":3,\"name\":\"MATY \u2601\ufe0fCLOUD: MOONLIGHT\"}]},{\"@type\":\"WebSite\",\"@id\":\"https:\/\/trece-store.com\/en\/#website\",\"url\":\"https:\/\/trece-store.com\/en\/\",\"name\":\"TR\u00c9CE\",\"description\":\"Nasz\u0105 misj\u0105 jest dostarczanie najwy\u017cszej jako\u015bci produkt\u00f3w, dzi\u0119ki kt\u00f3rym pozostaniesz w strefie komfortu, wyra\u017caj\u0105c przy tym sw\u00f3j styl i osobowo\u015b\u0107.\",\"publisher\":{\"@id\":\"https:\/\/trece-store.com\/en\/#organization\"},\"potentialAction\":[{\"@type\":\"SearchAction\",\"target\":{\"@type\":\"EntryPoint\",\"urlTemplate\":\"https:\/\/trece-store.com\/en\/?s={search_term_string}\"},\"query-input\":{\"@type\":\"PropertyValueSpecification\",\"valueRequired\":true,\"valueName\":\"search_term_string\"}}],\"inLanguage\":\"en-US\"},{\"@type\":\"Organization\",\"@id\":\"https:\/\/trece-store.com\/en\/#organization\",\"name\":\"Nasz\u0105 misj\u0105 jest dostarczanie najwy\u017cszej jako\u015bci produkt\u00f3w, dzi\u0119ki kt\u00f3rym pozostaniesz w strefie komfortu, wyra\u017caj\u0105c przy tym sw\u00f3j styl i osobowo\u015b\u0107.\",\"url\":\"https:\/\/trece-store.com\/en\/\",\"logo\":{\"@type\":\"ImageObject\",\"inLanguage\":\"en-US\",\"@id\":\"https:\/\/trece-store.com\/en\/#\/schema\/logo\/image\/\",\"url\":\"https:\/\/trece-store.com\/wp-content\/uploads\/2024\/05\/favicon.png\",\"contentUrl\":\"https:\/\/trece-store.com\/wp-content\/uploads\/2024\/05\/favicon.png\",\"width\":1024,\"height\":1024,\"caption\":\"Nasz\u0105 misj\u0105 jest dostarczanie najwy\u017cszej jako\u015bci produkt\u00f3w, dzi\u0119ki kt\u00f3rym pozostaniesz w strefie komfortu, wyra\u017caj\u0105c przy tym sw\u00f3j styl i osobowo\u015b\u0107.\"},\"image\":{\"@id\":\"https:\/\/trece-store.com\/en\/#\/schema\/logo\/image\/\"},\"sameAs\":[\"https:\/\/www.instagram.com\/trece.pl?igsh=anphbGVhdTJ2NzJ1&utm_source=qr\",\"https:\/\/pin.it\/4zE4LLDCh\",\"https:\/\/www.tiktok.com\/@trece_pl?_t=8mEyJAfSYYi&_r=1\"]}]}<\/script>\n<!-- \/ Yoast SEO plugin. -->","yoast_head_json":{"title":"MATY \u2601\ufe0fCLOUD: MOONLIGHT - TR\u00c9CE","robots":{"index":"index","follow":"follow","max-snippet":"max-snippet:-1","max-image-preview":"max-image-preview:large","max-video-preview":"max-video-preview:-1"},"canonical":"https:\/\/trece-store.com\/en\/produkt\/maty-%e2%98%81%ef%b8%8fcloud-moonlight\/","og_locale":"en_US","og_type":"article","og_title":"MATY \u2601\ufe0fCLOUD: MOONLIGHT - TR\u00c9CE","og_description":"Poznaj mat\u0119 CLOUD \u2601\ufe0f \u2013 nasz\u0105 najnowsz\u0105 propozycj\u0119 dla mi\u0142o\u015bnik\u00f3w \u015bwiadomej praktyki. Wykonana z biodegradowalnego kauczuku i mi\u0119kkiej, ch\u0142onnej mikrofibry z recyklingowanego plastiku (rPET), zapewnia doskona\u0142\u0105 r\u00f3wnowag\u0119 mi\u0119dzy komfortem a funkcjonalno\u015bci\u0105. Dost\u0119pna w pi\u0119ciu subtelnych, eleganckich kolorach:\ud83c\udf80 Pudrowy r\u00f3\u017c, \u2615\ufe0fkolor sezonu Mocha Mousse, elegancki Cherry red \ud83c\udf52 ksi\u0119\u017cycowa szaro\u015b\u0107 Moonlight \ud83c\udf1a Baltic Sea \ud83e\udebc Wymiary:...","og_url":"https:\/\/trece-store.com\/en\/produkt\/maty-%e2%98%81%ef%b8%8fcloud-moonlight\/","og_site_name":"TR\u00c9CE","article_modified_time":"2026-03-14T16:19:06+00:00","og_image":[{"width":1707,"height":2560,"url":"https:\/\/trece-store.com\/wp-content\/uploads\/2025\/06\/DSC02166-scaled.jpeg","type":"image\/jpeg"}],"twitter_card":"summary_large_image","twitter_misc":{"Est. reading time":"2 minutes"},"schema":{"@context":"https:\/\/schema.org","@graph":[{"@type":"WebPage","@id":"https:\/\/trece-store.com\/en\/produkt\/maty-%e2%98%81%ef%b8%8fcloud-moonlight\/","url":"https:\/\/trece-store.com\/en\/produkt\/maty-%e2%98%81%ef%b8%8fcloud-moonlight\/","name":"MATY \u2601\ufe0fCLOUD: MOONLIGHT - TR\u00c9CE","isPartOf":{"@id":"https:\/\/trece-store.com\/en\/#website"},"primaryImageOfPage":{"@id":"https:\/\/trece-store.com\/en\/produkt\/maty-%e2%98%81%ef%b8%8fcloud-moonlight\/#primaryimage"},"image":{"@id":"https:\/\/trece-store.com\/en\/produkt\/maty-%e2%98%81%ef%b8%8fcloud-moonlight\/#primaryimage"},"thumbnailUrl":"https:\/\/trece-store.com\/wp-content\/uploads\/2025\/06\/DSC02166-scaled.jpeg","datePublished":"2025-06-25T12:39:57+00:00","dateModified":"2026-03-14T16:19:06+00:00","breadcrumb":{"@id":"https:\/\/trece-store.com\/en\/produkt\/maty-%e2%98%81%ef%b8%8fcloud-moonlight\/#breadcrumb"},"inLanguage":"en-US","potentialAction":[{"@type":"ReadAction","target":["https:\/\/trece-store.com\/en\/produkt\/maty-%e2%98%81%ef%b8%8fcloud-moonlight\/"]}]},{"@type":"ImageObject","inLanguage":"en-US","@id":"https:\/\/trece-store.com\/en\/produkt\/maty-%e2%98%81%ef%b8%8fcloud-moonlight\/#primaryimage","url":"https:\/\/trece-store.com\/wp-content\/uploads\/2025\/06\/DSC02166-scaled.jpeg","contentUrl":"https:\/\/trece-store.com\/wp-content\/uploads\/2025\/06\/DSC02166-scaled.jpeg","width":1707,"height":2560},{"@type":"BreadcrumbList","@id":"https:\/\/trece-store.com\/en\/produkt\/maty-%e2%98%81%ef%b8%8fcloud-moonlight\/#breadcrumb","itemListElement":[{"@type":"ListItem","position":1,"name":"Strona g\u0142\u00f3wna","item":"https:\/\/trece-store.com\/en\/"},{"@type":"ListItem","position":2,"name":"Shop","item":"https:\/\/trece-store.com\/en\/shop\/"},{"@type":"ListItem","position":3,"name":"MATY \u2601\ufe0fCLOUD: MOONLIGHT"}]},{"@type":"WebSite","@id":"https:\/\/trece-store.com\/en\/#website","url":"https:\/\/trece-store.com\/en\/","name":"TR\u00c9CE","description":"Nasz\u0105 misj\u0105 jest dostarczanie najwy\u017cszej jako\u015bci produkt\u00f3w, dzi\u0119ki kt\u00f3rym pozostaniesz w strefie komfortu, wyra\u017caj\u0105c przy tym sw\u00f3j styl i osobowo\u015b\u0107.","publisher":{"@id":"https:\/\/trece-store.com\/en\/#organization"},"potentialAction":[{"@type":"SearchAction","target":{"@type":"EntryPoint","urlTemplate":"https:\/\/trece-store.com\/en\/?s={search_term_string}"},"query-input":{"@type":"PropertyValueSpecification","valueRequired":true,"valueName":"search_term_string"}}],"inLanguage":"en-US"},{"@type":"Organization","@id":"https:\/\/trece-store.com\/en\/#organization","name":"Nasz\u0105 misj\u0105 jest dostarczanie najwy\u017cszej jako\u015bci produkt\u00f3w, dzi\u0119ki kt\u00f3rym pozostaniesz w strefie komfortu, wyra\u017caj\u0105c przy tym sw\u00f3j styl i osobowo\u015b\u0107.","url":"https:\/\/trece-store.com\/en\/","logo":{"@type":"ImageObject","inLanguage":"en-US","@id":"https:\/\/trece-store.com\/en\/#\/schema\/logo\/image\/","url":"https:\/\/trece-store.com\/wp-content\/uploads\/2024\/05\/favicon.png","contentUrl":"https:\/\/trece-store.com\/wp-content\/uploads\/2024\/05\/favicon.png","width":1024,"height":1024,"caption":"Nasz\u0105 misj\u0105 jest dostarczanie najwy\u017cszej jako\u015bci produkt\u00f3w, dzi\u0119ki kt\u00f3rym pozostaniesz w strefie komfortu, wyra\u017caj\u0105c przy tym sw\u00f3j styl i osobowo\u015b\u0107."},"image":{"@id":"https:\/\/trece-store.com\/en\/#\/schema\/logo\/image\/"},"sameAs":["https:\/\/www.instagram.com\/trece.pl?igsh=anphbGVhdTJ2NzJ1&utm_source=qr","https:\/\/pin.it\/4zE4LLDCh","https:\/\/www.tiktok.com\/@trece_pl?_t=8mEyJAfSYYi&_r=1"]}]}},"_links":{"self":[{"href":"https:\/\/trece-store.com\/en\/wp-json\/wp\/v2\/product\/6009","targetHints":{"allow":["GET"]}}],"collection":[{"href":"https:\/\/trece-store.com\/en\/wp-json\/wp\/v2\/product"}],"about":[{"href":"https:\/\/trece-store.com\/en\/wp-json\/wp\/v2\/types\/product"}],"wp:featuredmedia":[{"embeddable":true,"href":"https:\/\/trece-store.com\/en\/wp-json\/wp\/v2\/media\/6197"}],"wp:attachment":[{"href":"https:\/\/trece-store.com\/en\/wp-json\/wp\/v2\/media?parent=6009"}],"wp:term":[{"taxonomy":"product_brand","embeddable":true,"href":"https:\/\/trece-store.com\/en\/wp-json\/wp\/v2\/product_brand?post=6009"},{"taxonomy":"product_cat","embeddable":true,"href":"https:\/\/trece-store.com\/en\/wp-json\/wp\/v2\/product_cat?post=6009"},{"taxonomy":"product_tag","embeddable":true,"href":"https:\/\/trece-store.com\/en\/wp-json\/wp\/v2\/product_tag?post=6009"}],"curies":[{"name":"wp","href":"https:\/\/api.w.org\/{rel}","templated":true}]}}