{"id":5965,"date":"2025-05-30T12:06:00","date_gmt":"2025-05-30T10:06:00","guid":{"rendered":"https:\/\/trece-store.com\/?post_type=product&#038;p=5965"},"modified":"2025-12-11T19:25:22","modified_gmt":"2025-12-11T18:25:22","slug":"mata-oval-frosted-%f0%9f%8c%bf-w-kolorze-matcha-green","status":"publish","type":"product","link":"https:\/\/trece-store.com\/en\/produkt\/mata-oval-frosted-%f0%9f%8c%bf-w-kolorze-matcha-green\/","title":{"rendered":"MATA OVAL FROSTED: MATCHA GREEN"},"content":{"rendered":"<section class=\"l-section wpb_row height_custom\"><div class=\"l-section-h i-cf\"><div class=\"g-cols vc_row via_flex valign_top type_default stacking_default\"><div class=\"vc_col-sm-12 wpb_column vc_column_container\"><div class=\"vc_column-inner\"><div class=\"wpb_wrapper\"><div class=\"wpb_text_column\"><div class=\"wpb_wrapper\"><p class=\"\" data-start=\"141\" data-end=\"540\">Poznaj <strong data-start=\"148\" data-end=\"165\">TRECE FROSTED<\/strong> \u2013 now\u0105 ods\u0142on\u0119 naszych bestsellerowych mat OVAL, kt\u00f3re teraz dost\u0119pne s\u0105 w <strong data-start=\"234\" data-end=\"268\">\u015bwie\u017cej palecie kolorystycznej<\/strong> i z <strong data-start=\"273\" data-end=\"304\">innowacyjn\u0105 pow\u0142ok\u0105 frosted<\/strong>. Ten matowy, lekko szroniony efekt sprawia, \u017ce mata jest <strong data-start=\"424\" data-end=\"469\">bardziej odporna na zu\u017cycie i zabrudzenia <\/strong>ni\u017c klasyczna mata PU.<\/p>\n<p class=\"\" data-start=\"542\" data-end=\"718\">Nowa kolekcja to cztery starannie dobrane kolory:<\/p>\n<p class=\"\" data-start=\"542\" data-end=\"718\"><span>\ud83d\udc06klasyczna <\/span><strong data-start=\"658\" data-end=\"668\">czarna <\/strong><\/p>\n<p class=\"\" data-start=\"542\" data-end=\"718\">\u2728\ud83c\udf80 delikatny <strong data-start=\"606\" data-end=\"619\">baby pink<\/strong><\/p>\n<p data-start=\"542\" data-end=\"718\">\u00a0oraz znana ju\u017c <strong data-start=\"703\" data-end=\"718\">milky white,<\/strong><\/p>\n<p class=\"\" data-start=\"542\" data-end=\"718\">subtelna <strong data-start=\"634\" data-end=\"644\">matcha \ud83c\udf3f\u00a0<\/strong><\/p>\n<p class=\"\" data-start=\"720\" data-end=\"874\">TRECE FROSTED to po\u0142\u0105czenie <strong data-start=\"748\" data-end=\"784\">stylu, funkcjonalno\u015bci i jako\u015bci<\/strong>, kt\u00f3re sprawdza si\u0119 zar\u00f3wno w domowym wn\u0119trzu, jak i profesjonalnym studio. Maty oferuj\u0105:<\/p>\n<ul data-start=\"876\" data-end=\"1083\">\n<li class=\"\" data-start=\"876\" data-end=\"941\">\n<p class=\"\" data-start=\"878\" data-end=\"941\"><strong data-start=\"878\" data-end=\"901\">Wysok\u0105 przyczepno\u015b\u0107<\/strong> \u2013 niezale\u017cnie od intensywno\u015bci ruchu,<\/p>\n<\/li>\n<li class=\"\" data-start=\"942\" data-end=\"1007\">\n<p class=\"\" data-start=\"944\" data-end=\"1007\"><strong data-start=\"944\" data-end=\"1004\">Skuteczne odprowadzanie wilgoci i neutralizacj\u0119 zapach\u00f3w<\/strong>,<\/p>\n<\/li>\n<li class=\"\" data-start=\"1008\" data-end=\"1083\">\n<p class=\"\" data-start=\"1010\" data-end=\"1083\"><strong data-start=\"1010\" data-end=\"1025\">Amortyzacj\u0119<\/strong>, kt\u00f3ra wspiera stawy i zapewnia komfort podczas praktyki.<\/p>\n<\/li>\n<\/ul>\n<p class=\"\" data-start=\"1085\" data-end=\"1232\">Wykonane z <strong data-start=\"1096\" data-end=\"1137\">etycznie pozyskiwanej naturalnej gumy<\/strong> i <strong data-start=\"1140\" data-end=\"1173\">biodegradowalnego poliuretanu<\/strong>, s\u0105 przyjazne zar\u00f3wno dla Twojego cia\u0142a, jak i \u015brodowiska.<\/p>\n<p class=\"\" data-start=\"1234\" data-end=\"1396\">Z wymiarami <strong data-start=\"1246\" data-end=\"1270\">185 x 68 cm x 4 mm<\/strong><\/p>\n<p data-start=\"1234\" data-end=\"1396\"><strong><a href=\"https:\/\/trece-store.com\/oval-pralines-vs-oval-frosted-ktora-mate-wybrac\/\">Oval Pralines vs Oval Frosted &#8211; kt\u00f3r\u0105 mat\u0119 wybra\u0107?<\/a><\/strong><\/p>\n<p class=\"\" data-start=\"1234\" data-end=\"1396\">TRECE FROSTED daje Ci przestrze\u0144 i stabilno\u015b\u0107, jakiej potrzebujesz \u2013 niezale\u017cnie od stylu, poziomu czy tempa Twojej praktyki.<\/p>\n<p data-start=\"1234\" data-end=\"1396\"><span>Naszych dostawc\u00f3w znamy osobi\u015bcie i wsp\u00f3\u0142pracujemy wy\u0142\u0105cznie ze sprawdzonymi fabrykami, kt\u00f3re spe\u0142niaj\u0105 nasze standardy jako\u015bci.<\/span><\/p>\n<p data-start=\"1234\" data-end=\"1396\"><span>Wyprodukowano w Chinach. <\/span><\/p>\n<\/div><\/div><\/div><\/div><\/div><\/div><\/div><\/section>\n","protected":false},"excerpt":{"rendered":"Poznaj TRECE FROSTED \u2013 now\u0105 ods\u0142on\u0119 naszych bestsellerowych mat OVAL, kt\u00f3re teraz dost\u0119pne s\u0105 w \u015bwie\u017cej palecie kolorystycznej i z innowacyjn\u0105 pow\u0142ok\u0105 frosted. Ten matowy, lekko szroniony efekt sprawia, \u017ce mata jest bardziej odporna na zu\u017cycie i zabrudzenia ni\u017c klasyczna mata PU. Nowa kolekcja to cztery starannie dobrane kolory: \ud83d\udc06klasyczna czarna \u2728\ud83c\udf80 delikatny baby pink...","protected":false},"featured_media":5970,"template":"","meta":[],"product_brand":[],"product_cat":[165,143,161],"product_tag":[],"class_list":{"0":"post-5965","1":"product","2":"type-product","3":"status-publish","4":"has-post-thumbnail","6":"product_cat-matcha-green","7":"product_cat-maty-treningowe","8":"product_cat-wszystkie","9":"product_shipping_class-niedopaczkomatu","11":"first","12":"instock","13":"sale","14":"taxable","15":"shipping-taxable","16":"purchasable","17":"product-type-simple"},"yoast_head":"<!-- This site is optimized with the Yoast SEO plugin v27.1.1 - https:\/\/yoast.com\/product\/yoast-seo-wordpress\/ -->\n<title>MATA OVAL FROSTED: MATCHA GREEN - TR\u00c9CE<\/title>\n<meta name=\"robots\" content=\"index, follow, max-snippet:-1, max-image-preview:large, max-video-preview:-1\" \/>\n<link rel=\"canonical\" href=\"https:\/\/trece-store.com\/en\/produkt\/mata-oval-frosted-%f0%9f%8c%bf-w-kolorze-matcha-green\/\" \/>\n<meta property=\"og:locale\" content=\"en_US\" \/>\n<meta property=\"og:type\" content=\"article\" \/>\n<meta property=\"og:title\" content=\"MATA OVAL FROSTED: MATCHA GREEN - TR\u00c9CE\" \/>\n<meta property=\"og:url\" content=\"https:\/\/trece-store.com\/en\/produkt\/mata-oval-frosted-%f0%9f%8c%bf-w-kolorze-matcha-green\/\" \/>\n<meta property=\"og:site_name\" content=\"TR\u00c9CE\" \/>\n<meta property=\"article:modified_time\" content=\"2025-12-11T18:25:22+00:00\" \/>\n<meta property=\"og:image\" content=\"https:\/\/trece-store.com\/wp-content\/uploads\/2025\/05\/IMG_6459-scaled.jpg\" \/>\n\t<meta property=\"og:image:width\" content=\"1705\" \/>\n\t<meta property=\"og:image:height\" content=\"2560\" \/>\n\t<meta property=\"og:image:type\" content=\"image\/jpeg\" \/>\n<meta name=\"twitter:card\" content=\"summary_large_image\" \/>\n<meta name=\"twitter:label1\" content=\"Est. reading time\" \/>\n\t<meta name=\"twitter:data1\" content=\"2 minutes\" \/>\n<script type=\"application\/ld+json\" class=\"yoast-schema-graph\">{\"@context\":\"https:\/\/schema.org\",\"@graph\":[{\"@type\":\"WebPage\",\"@id\":\"https:\/\/trece-store.com\/en\/produkt\/mata-oval-frosted-%f0%9f%8c%bf-w-kolorze-matcha-green\/\",\"url\":\"https:\/\/trece-store.com\/en\/produkt\/mata-oval-frosted-%f0%9f%8c%bf-w-kolorze-matcha-green\/\",\"name\":\"MATA OVAL FROSTED: MATCHA GREEN - TR\u00c9CE\",\"isPartOf\":{\"@id\":\"https:\/\/trece-store.com\/en\/#website\"},\"primaryImageOfPage\":{\"@id\":\"https:\/\/trece-store.com\/en\/produkt\/mata-oval-frosted-%f0%9f%8c%bf-w-kolorze-matcha-green\/#primaryimage\"},\"image\":{\"@id\":\"https:\/\/trece-store.com\/en\/produkt\/mata-oval-frosted-%f0%9f%8c%bf-w-kolorze-matcha-green\/#primaryimage\"},\"thumbnailUrl\":\"https:\/\/trece-store.com\/wp-content\/uploads\/2025\/05\/IMG_6459-scaled.jpg\",\"datePublished\":\"2025-05-30T10:06:00+00:00\",\"dateModified\":\"2025-12-11T18:25:22+00:00\",\"breadcrumb\":{\"@id\":\"https:\/\/trece-store.com\/en\/produkt\/mata-oval-frosted-%f0%9f%8c%bf-w-kolorze-matcha-green\/#breadcrumb\"},\"inLanguage\":\"en-US\",\"potentialAction\":[{\"@type\":\"ReadAction\",\"target\":[\"https:\/\/trece-store.com\/en\/produkt\/mata-oval-frosted-%f0%9f%8c%bf-w-kolorze-matcha-green\/\"]}]},{\"@type\":\"ImageObject\",\"inLanguage\":\"en-US\",\"@id\":\"https:\/\/trece-store.com\/en\/produkt\/mata-oval-frosted-%f0%9f%8c%bf-w-kolorze-matcha-green\/#primaryimage\",\"url\":\"https:\/\/trece-store.com\/wp-content\/uploads\/2025\/05\/IMG_6459-scaled.jpg\",\"contentUrl\":\"https:\/\/trece-store.com\/wp-content\/uploads\/2025\/05\/IMG_6459-scaled.jpg\",\"width\":1705,\"height\":2560},{\"@type\":\"BreadcrumbList\",\"@id\":\"https:\/\/trece-store.com\/en\/produkt\/mata-oval-frosted-%f0%9f%8c%bf-w-kolorze-matcha-green\/#breadcrumb\",\"itemListElement\":[{\"@type\":\"ListItem\",\"position\":1,\"name\":\"Strona g\u0142\u00f3wna\",\"item\":\"https:\/\/trece-store.com\/en\/\"},{\"@type\":\"ListItem\",\"position\":2,\"name\":\"Shop\",\"item\":\"https:\/\/trece-store.com\/en\/shop\/\"},{\"@type\":\"ListItem\",\"position\":3,\"name\":\"MATA OVAL FROSTED: MATCHA GREEN\"}]},{\"@type\":\"WebSite\",\"@id\":\"https:\/\/trece-store.com\/en\/#website\",\"url\":\"https:\/\/trece-store.com\/en\/\",\"name\":\"TR\u00c9CE\",\"description\":\"Nasz\u0105 misj\u0105 jest dostarczanie najwy\u017cszej jako\u015bci produkt\u00f3w, dzi\u0119ki kt\u00f3rym pozostaniesz w strefie komfortu, wyra\u017caj\u0105c przy tym sw\u00f3j styl i osobowo\u015b\u0107.\",\"publisher\":{\"@id\":\"https:\/\/trece-store.com\/en\/#organization\"},\"potentialAction\":[{\"@type\":\"SearchAction\",\"target\":{\"@type\":\"EntryPoint\",\"urlTemplate\":\"https:\/\/trece-store.com\/en\/?s={search_term_string}\"},\"query-input\":{\"@type\":\"PropertyValueSpecification\",\"valueRequired\":true,\"valueName\":\"search_term_string\"}}],\"inLanguage\":\"en-US\"},{\"@type\":\"Organization\",\"@id\":\"https:\/\/trece-store.com\/en\/#organization\",\"name\":\"Nasz\u0105 misj\u0105 jest dostarczanie najwy\u017cszej jako\u015bci produkt\u00f3w, dzi\u0119ki kt\u00f3rym pozostaniesz w strefie komfortu, wyra\u017caj\u0105c przy tym sw\u00f3j styl i osobowo\u015b\u0107.\",\"url\":\"https:\/\/trece-store.com\/en\/\",\"logo\":{\"@type\":\"ImageObject\",\"inLanguage\":\"en-US\",\"@id\":\"https:\/\/trece-store.com\/en\/#\/schema\/logo\/image\/\",\"url\":\"https:\/\/trece-store.com\/wp-content\/uploads\/2024\/05\/favicon.png\",\"contentUrl\":\"https:\/\/trece-store.com\/wp-content\/uploads\/2024\/05\/favicon.png\",\"width\":1024,\"height\":1024,\"caption\":\"Nasz\u0105 misj\u0105 jest dostarczanie najwy\u017cszej jako\u015bci produkt\u00f3w, dzi\u0119ki kt\u00f3rym pozostaniesz w strefie komfortu, wyra\u017caj\u0105c przy tym sw\u00f3j styl i osobowo\u015b\u0107.\"},\"image\":{\"@id\":\"https:\/\/trece-store.com\/en\/#\/schema\/logo\/image\/\"},\"sameAs\":[\"https:\/\/www.instagram.com\/trece.pl?igsh=anphbGVhdTJ2NzJ1&utm_source=qr\",\"https:\/\/pin.it\/4zE4LLDCh\",\"https:\/\/www.tiktok.com\/@trece_pl?_t=8mEyJAfSYYi&_r=1\"]}]}<\/script>\n<!-- \/ Yoast SEO plugin. -->","yoast_head_json":{"title":"MATA OVAL FROSTED: MATCHA GREEN - TR\u00c9CE","robots":{"index":"index","follow":"follow","max-snippet":"max-snippet:-1","max-image-preview":"max-image-preview:large","max-video-preview":"max-video-preview:-1"},"canonical":"https:\/\/trece-store.com\/en\/produkt\/mata-oval-frosted-%f0%9f%8c%bf-w-kolorze-matcha-green\/","og_locale":"en_US","og_type":"article","og_title":"MATA OVAL FROSTED: MATCHA GREEN - TR\u00c9CE","og_url":"https:\/\/trece-store.com\/en\/produkt\/mata-oval-frosted-%f0%9f%8c%bf-w-kolorze-matcha-green\/","og_site_name":"TR\u00c9CE","article_modified_time":"2025-12-11T18:25:22+00:00","og_image":[{"width":1705,"height":2560,"url":"https:\/\/trece-store.com\/wp-content\/uploads\/2025\/05\/IMG_6459-scaled.jpg","type":"image\/jpeg"}],"twitter_card":"summary_large_image","twitter_misc":{"Est. reading time":"2 minutes"},"schema":{"@context":"https:\/\/schema.org","@graph":[{"@type":"WebPage","@id":"https:\/\/trece-store.com\/en\/produkt\/mata-oval-frosted-%f0%9f%8c%bf-w-kolorze-matcha-green\/","url":"https:\/\/trece-store.com\/en\/produkt\/mata-oval-frosted-%f0%9f%8c%bf-w-kolorze-matcha-green\/","name":"MATA OVAL FROSTED: MATCHA GREEN - TR\u00c9CE","isPartOf":{"@id":"https:\/\/trece-store.com\/en\/#website"},"primaryImageOfPage":{"@id":"https:\/\/trece-store.com\/en\/produkt\/mata-oval-frosted-%f0%9f%8c%bf-w-kolorze-matcha-green\/#primaryimage"},"image":{"@id":"https:\/\/trece-store.com\/en\/produkt\/mata-oval-frosted-%f0%9f%8c%bf-w-kolorze-matcha-green\/#primaryimage"},"thumbnailUrl":"https:\/\/trece-store.com\/wp-content\/uploads\/2025\/05\/IMG_6459-scaled.jpg","datePublished":"2025-05-30T10:06:00+00:00","dateModified":"2025-12-11T18:25:22+00:00","breadcrumb":{"@id":"https:\/\/trece-store.com\/en\/produkt\/mata-oval-frosted-%f0%9f%8c%bf-w-kolorze-matcha-green\/#breadcrumb"},"inLanguage":"en-US","potentialAction":[{"@type":"ReadAction","target":["https:\/\/trece-store.com\/en\/produkt\/mata-oval-frosted-%f0%9f%8c%bf-w-kolorze-matcha-green\/"]}]},{"@type":"ImageObject","inLanguage":"en-US","@id":"https:\/\/trece-store.com\/en\/produkt\/mata-oval-frosted-%f0%9f%8c%bf-w-kolorze-matcha-green\/#primaryimage","url":"https:\/\/trece-store.com\/wp-content\/uploads\/2025\/05\/IMG_6459-scaled.jpg","contentUrl":"https:\/\/trece-store.com\/wp-content\/uploads\/2025\/05\/IMG_6459-scaled.jpg","width":1705,"height":2560},{"@type":"BreadcrumbList","@id":"https:\/\/trece-store.com\/en\/produkt\/mata-oval-frosted-%f0%9f%8c%bf-w-kolorze-matcha-green\/#breadcrumb","itemListElement":[{"@type":"ListItem","position":1,"name":"Strona g\u0142\u00f3wna","item":"https:\/\/trece-store.com\/en\/"},{"@type":"ListItem","position":2,"name":"Shop","item":"https:\/\/trece-store.com\/en\/shop\/"},{"@type":"ListItem","position":3,"name":"MATA OVAL FROSTED: MATCHA GREEN"}]},{"@type":"WebSite","@id":"https:\/\/trece-store.com\/en\/#website","url":"https:\/\/trece-store.com\/en\/","name":"TR\u00c9CE","description":"Nasz\u0105 misj\u0105 jest dostarczanie najwy\u017cszej jako\u015bci produkt\u00f3w, dzi\u0119ki kt\u00f3rym pozostaniesz w strefie komfortu, wyra\u017caj\u0105c przy tym sw\u00f3j styl i osobowo\u015b\u0107.","publisher":{"@id":"https:\/\/trece-store.com\/en\/#organization"},"potentialAction":[{"@type":"SearchAction","target":{"@type":"EntryPoint","urlTemplate":"https:\/\/trece-store.com\/en\/?s={search_term_string}"},"query-input":{"@type":"PropertyValueSpecification","valueRequired":true,"valueName":"search_term_string"}}],"inLanguage":"en-US"},{"@type":"Organization","@id":"https:\/\/trece-store.com\/en\/#organization","name":"Nasz\u0105 misj\u0105 jest dostarczanie najwy\u017cszej jako\u015bci produkt\u00f3w, dzi\u0119ki kt\u00f3rym pozostaniesz w strefie komfortu, wyra\u017caj\u0105c przy tym sw\u00f3j styl i osobowo\u015b\u0107.","url":"https:\/\/trece-store.com\/en\/","logo":{"@type":"ImageObject","inLanguage":"en-US","@id":"https:\/\/trece-store.com\/en\/#\/schema\/logo\/image\/","url":"https:\/\/trece-store.com\/wp-content\/uploads\/2024\/05\/favicon.png","contentUrl":"https:\/\/trece-store.com\/wp-content\/uploads\/2024\/05\/favicon.png","width":1024,"height":1024,"caption":"Nasz\u0105 misj\u0105 jest dostarczanie najwy\u017cszej jako\u015bci produkt\u00f3w, dzi\u0119ki kt\u00f3rym pozostaniesz w strefie komfortu, wyra\u017caj\u0105c przy tym sw\u00f3j styl i osobowo\u015b\u0107."},"image":{"@id":"https:\/\/trece-store.com\/en\/#\/schema\/logo\/image\/"},"sameAs":["https:\/\/www.instagram.com\/trece.pl?igsh=anphbGVhdTJ2NzJ1&utm_source=qr","https:\/\/pin.it\/4zE4LLDCh","https:\/\/www.tiktok.com\/@trece_pl?_t=8mEyJAfSYYi&_r=1"]}]}},"_links":{"self":[{"href":"https:\/\/trece-store.com\/en\/wp-json\/wp\/v2\/product\/5965","targetHints":{"allow":["GET"]}}],"collection":[{"href":"https:\/\/trece-store.com\/en\/wp-json\/wp\/v2\/product"}],"about":[{"href":"https:\/\/trece-store.com\/en\/wp-json\/wp\/v2\/types\/product"}],"wp:featuredmedia":[{"embeddable":true,"href":"https:\/\/trece-store.com\/en\/wp-json\/wp\/v2\/media\/5970"}],"wp:attachment":[{"href":"https:\/\/trece-store.com\/en\/wp-json\/wp\/v2\/media?parent=5965"}],"wp:term":[{"taxonomy":"product_brand","embeddable":true,"href":"https:\/\/trece-store.com\/en\/wp-json\/wp\/v2\/product_brand?post=5965"},{"taxonomy":"product_cat","embeddable":true,"href":"https:\/\/trece-store.com\/en\/wp-json\/wp\/v2\/product_cat?post=5965"},{"taxonomy":"product_tag","embeddable":true,"href":"https:\/\/trece-store.com\/en\/wp-json\/wp\/v2\/product_tag?post=5965"}],"curies":[{"name":"wp","href":"https:\/\/api.w.org\/{rel}","templated":true}]}}