{"id":5816,"date":"2025-04-22T17:58:19","date_gmt":"2025-04-22T15:58:19","guid":{"rendered":"https:\/\/trece-store.com\/?post_type=product&#038;p=5816"},"modified":"2025-12-11T13:11:52","modified_gmt":"2025-12-11T12:11:52","slug":"butelka-termiczna-smart-magsafe-%f0%9f%8e%80","status":"publish","type":"product","link":"https:\/\/trece-store.com\/en\/produkt\/butelka-termiczna-smart-magsafe-%f0%9f%8e%80\/","title":{"rendered":"Butelka termiczna: smart MagSafe"},"content":{"rendered":"<section class=\"l-section wpb_row height_custom\"><div class=\"l-section-h i-cf\"><div class=\"g-cols vc_row via_flex valign_top type_default stacking_default\"><div class=\"vc_col-sm-12 wpb_column vc_column_container\"><div class=\"vc_column-inner\"><div class=\"wpb_wrapper\"><div class=\"wpb_text_column\"><div class=\"wpb_wrapper\"><h5><strong data-start=\"185\" data-end=\"228\">Butelka termiczna z uchwytem na telefon<\/strong><span>\u00a0<\/span><\/h5>\n<h3><strong data-start=\"240\" data-end=\"270\">1L stylu i funkcjonalno\u015bci<\/strong><\/h3>\n<p><span>Wykonana z wysokiej jako\u015bci stali nierdzewnej ?, z podw\u00f3jnymi \u015bciankami i pr\u00f3\u017cni\u0105 \u2013 dba o temperatur\u0119 Twojego napoju przez wiele godzin \u2615\u2744\ufe0f<\/span><br data-start=\"413\" data-end=\"416\" \/><span>Minimalistyczny dzi\u00f3bek = komfort picia bez rozlewania ?<\/span><\/p>\n<h3 class=\"\" data-start=\"480\" data-end=\"501\"><strong>MagSafe Ring<\/strong><\/h3>\n<p class=\"\" data-start=\"502\" data-end=\"669\">Nowoczesny, magnetyczny uchwyt \u2013 zamie\u0144 butelk\u0119 w <strong data-start=\"552\" data-end=\"574\">statyw do iPhone\u2019a<\/strong><br data-start=\"574\" data-end=\"577\" \/>(iPhone 12 lub nowszy, etui MagSafe zalecane)<br data-start=\"622\" data-end=\"625\" \/>Stabilna. Pe\u0142na czy pusta \u2013 stoi jak trzeba.<\/p>\n<h3 data-start=\"502\" data-end=\"669\"><strong data-start=\"676\" data-end=\"687\">Design:<\/strong><\/h3>\n<p data-start=\"502\" data-end=\"669\">\ud83c\udfb1Carbon black<br data-start=\"699\" data-end=\"702\" \/>\ud83e\udd5b\u00a0Milkey White<br data-start=\"710\" data-end=\"713\" \/>\ud83c\udf80Pink<\/p>\n<h3 class=\"\" data-start=\"771\" data-end=\"802\"><strong>Wielokierunkowy uchwyt<\/strong><\/h3>\n<p class=\"\" data-start=\"803\" data-end=\"937\">Poziomo. Pionowo. Pod k\u0105tem.<br data-start=\"831\" data-end=\"834\" \/>Telefon zawsze tam, gdzie chcesz.<br data-start=\"867\" data-end=\"870\" \/>Bezpieczny i stabilny \u2013 nawet podczas intensywnych trening\u00f3w<\/p>\n<h3 class=\"\" data-start=\"944\" data-end=\"973\"><strong>\u00a0Gdziekolwiek jeste\u015b:<\/strong><\/h3>\n<p class=\"\" data-start=\"974\" data-end=\"1134\">nagrywaj treningi<br data-start=\"994\" data-end=\"997\" \/>prowad\u017a videocalle<br data-start=\"1018\" data-end=\"1021\" \/>ogl\u0105daj filmy w podr\u00f3\u017cy<br data-start=\"1047\" data-end=\"1050\" \/>postaw j\u0105 w biurze<br data-start=\"1071\" data-end=\"1074\" \/>zabierz na si\u0142owni\u0119<br data-start=\"1100\" data-end=\"1103\" \/>gotuj bez dotykania ekranu<\/p>\n<p data-start=\"974\" data-end=\"1134\"><strong data-start=\"1141\" data-end=\"1151\">Uwaga:<\/strong><br data-start=\"1151\" data-end=\"1154\" \/><em data-start=\"1157\" data-end=\"1178\">mycie tylko r\u0119czne! \u00a0<\/em> \u274c nie wygina\u0107 MagSafe ring w drug\u0105 stron\u0119<\/p>\n<p data-start=\"974\" data-end=\"1134\"><span>Gotowa na codzienne przygody.<\/span><br data-start=\"1214\" data-end=\"1217\" \/><strong data-start=\"1217\" data-end=\"1240\">TR\u00c9CE smart MagSafe<\/strong><span> \u2013 wi\u0119cej ni\u017c butelka.<\/span><\/p>\n<p data-start=\"1234\" data-end=\"1396\"><span>Naszych dostawc\u00f3w znamy osobi\u015bcie i wsp\u00f3\u0142pracujemy wy\u0142\u0105cznie ze sprawdzonymi fabrykami, kt\u00f3re spe\u0142niaj\u0105 nasze standardy jako\u015bci.<\/span><\/p>\n<p data-start=\"1234\" data-end=\"1396\"><span>Wyprodukowano w Chinach. <\/span><\/p>\n<\/div><\/div><\/div><\/div><\/div><\/div><\/div><\/section>\n","protected":false},"excerpt":{"rendered":"Butelka termiczna z uchwytem na telefon\u00a0 1L stylu i funkcjonalno\u015bci Wykonana z wysokiej jako\u015bci stali nierdzewnej ?, z podw\u00f3jnymi \u015bciankami i pr\u00f3\u017cni\u0105 \u2013 dba o temperatur\u0119 Twojego napoju przez wiele godzin \u2615\u2744\ufe0fMinimalistyczny dzi\u00f3bek = komfort picia bez rozlewania ? MagSafe Ring Nowoczesny, magnetyczny uchwyt \u2013 zamie\u0144 butelk\u0119 w statyw do iPhone\u2019a(iPhone 12 lub nowszy, etui...","protected":false},"featured_media":5819,"template":"","meta":[],"product_brand":[],"product_cat":[158],"product_tag":[],"class_list":{"0":"post-5816","1":"product","2":"type-product","3":"status-publish","4":"has-post-thumbnail","6":"product_cat-blush","8":"first","9":"instock","10":"taxable","11":"shipping-taxable","12":"purchasable","13":"product-type-simple"},"yoast_head":"<!-- This site is optimized with the Yoast SEO plugin v27.1.1 - https:\/\/yoast.com\/product\/yoast-seo-wordpress\/ -->\n<title>Butelka termiczna z uchwytem na telefon MagSafe | Na si\u0142owni\u0119 | TR\u00c9CE<\/title>\n<meta name=\"description\" content=\"Oto butelka termiczna na si\u0142owni\u0119 z wygodnym uchwytem na telefon. Dzi\u0119ki MagSafe mo\u017cesz bezpiecznie trzyma\u0107 smartfona w czasie treningu!\" \/>\n<meta name=\"robots\" content=\"index, follow, max-snippet:-1, max-image-preview:large, max-video-preview:-1\" \/>\n<link rel=\"canonical\" href=\"https:\/\/trece-store.com\/en\/produkt\/butelka-termiczna-smart-magsafe-%f0%9f%8e%80\/\" \/>\n<meta property=\"og:locale\" content=\"en_US\" \/>\n<meta property=\"og:type\" content=\"article\" \/>\n<meta property=\"og:title\" content=\"Butelka termiczna z uchwytem na telefon MagSafe | Na si\u0142owni\u0119 | TR\u00c9CE\" \/>\n<meta property=\"og:description\" content=\"Oto butelka termiczna na si\u0142owni\u0119 z wygodnym uchwytem na telefon. Dzi\u0119ki MagSafe mo\u017cesz bezpiecznie trzyma\u0107 smartfona w czasie treningu!\" \/>\n<meta property=\"og:url\" content=\"https:\/\/trece-store.com\/en\/produkt\/butelka-termiczna-smart-magsafe-%f0%9f%8e%80\/\" \/>\n<meta property=\"og:site_name\" content=\"TR\u00c9CE\" \/>\n<meta property=\"article:modified_time\" content=\"2025-12-11T12:11:52+00:00\" \/>\n<meta property=\"og:image\" content=\"https:\/\/trece-store.com\/wp-content\/uploads\/2025\/04\/IMG_6510-2-scaled.jpg\" \/>\n\t<meta property=\"og:image:width\" content=\"1705\" \/>\n\t<meta property=\"og:image:height\" content=\"2560\" \/>\n\t<meta property=\"og:image:type\" content=\"image\/jpeg\" \/>\n<meta name=\"twitter:card\" content=\"summary_large_image\" \/>\n<meta name=\"twitter:label1\" content=\"Est. reading time\" \/>\n\t<meta name=\"twitter:data1\" content=\"2 minutes\" \/>\n<script type=\"application\/ld+json\" class=\"yoast-schema-graph\">{\"@context\":\"https:\/\/schema.org\",\"@graph\":[{\"@type\":\"WebPage\",\"@id\":\"https:\/\/trece-store.com\/en\/produkt\/butelka-termiczna-smart-magsafe-%f0%9f%8e%80\/\",\"url\":\"https:\/\/trece-store.com\/en\/produkt\/butelka-termiczna-smart-magsafe-%f0%9f%8e%80\/\",\"name\":\"Butelka termiczna z uchwytem na telefon MagSafe | Na si\u0142owni\u0119 | TR\u00c9CE\",\"isPartOf\":{\"@id\":\"https:\/\/trece-store.com\/en\/#website\"},\"primaryImageOfPage\":{\"@id\":\"https:\/\/trece-store.com\/en\/produkt\/butelka-termiczna-smart-magsafe-%f0%9f%8e%80\/#primaryimage\"},\"image\":{\"@id\":\"https:\/\/trece-store.com\/en\/produkt\/butelka-termiczna-smart-magsafe-%f0%9f%8e%80\/#primaryimage\"},\"thumbnailUrl\":\"https:\/\/trece-store.com\/wp-content\/uploads\/2025\/04\/IMG_6510-2-scaled.jpg\",\"datePublished\":\"2025-04-22T15:58:19+00:00\",\"dateModified\":\"2025-12-11T12:11:52+00:00\",\"description\":\"Oto butelka termiczna na si\u0142owni\u0119 z wygodnym uchwytem na telefon. Dzi\u0119ki MagSafe mo\u017cesz bezpiecznie trzyma\u0107 smartfona w czasie treningu!\",\"breadcrumb\":{\"@id\":\"https:\/\/trece-store.com\/en\/produkt\/butelka-termiczna-smart-magsafe-%f0%9f%8e%80\/#breadcrumb\"},\"inLanguage\":\"en-US\",\"potentialAction\":[{\"@type\":\"ReadAction\",\"target\":[\"https:\/\/trece-store.com\/en\/produkt\/butelka-termiczna-smart-magsafe-%f0%9f%8e%80\/\"]}]},{\"@type\":\"ImageObject\",\"inLanguage\":\"en-US\",\"@id\":\"https:\/\/trece-store.com\/en\/produkt\/butelka-termiczna-smart-magsafe-%f0%9f%8e%80\/#primaryimage\",\"url\":\"https:\/\/trece-store.com\/wp-content\/uploads\/2025\/04\/IMG_6510-2-scaled.jpg\",\"contentUrl\":\"https:\/\/trece-store.com\/wp-content\/uploads\/2025\/04\/IMG_6510-2-scaled.jpg\",\"width\":1705,\"height\":2560},{\"@type\":\"BreadcrumbList\",\"@id\":\"https:\/\/trece-store.com\/en\/produkt\/butelka-termiczna-smart-magsafe-%f0%9f%8e%80\/#breadcrumb\",\"itemListElement\":[{\"@type\":\"ListItem\",\"position\":1,\"name\":\"Strona g\u0142\u00f3wna\",\"item\":\"https:\/\/trece-store.com\/en\/\"},{\"@type\":\"ListItem\",\"position\":2,\"name\":\"Shop\",\"item\":\"https:\/\/trece-store.com\/en\/shop\/\"},{\"@type\":\"ListItem\",\"position\":3,\"name\":\"Butelka termiczna: smart MagSafe\"}]},{\"@type\":\"WebSite\",\"@id\":\"https:\/\/trece-store.com\/en\/#website\",\"url\":\"https:\/\/trece-store.com\/en\/\",\"name\":\"TR\u00c9CE\",\"description\":\"Nasz\u0105 misj\u0105 jest dostarczanie najwy\u017cszej jako\u015bci produkt\u00f3w, dzi\u0119ki kt\u00f3rym pozostaniesz w strefie komfortu, wyra\u017caj\u0105c przy tym sw\u00f3j styl i osobowo\u015b\u0107.\",\"publisher\":{\"@id\":\"https:\/\/trece-store.com\/en\/#organization\"},\"potentialAction\":[{\"@type\":\"SearchAction\",\"target\":{\"@type\":\"EntryPoint\",\"urlTemplate\":\"https:\/\/trece-store.com\/en\/?s={search_term_string}\"},\"query-input\":{\"@type\":\"PropertyValueSpecification\",\"valueRequired\":true,\"valueName\":\"search_term_string\"}}],\"inLanguage\":\"en-US\"},{\"@type\":\"Organization\",\"@id\":\"https:\/\/trece-store.com\/en\/#organization\",\"name\":\"Nasz\u0105 misj\u0105 jest dostarczanie najwy\u017cszej jako\u015bci produkt\u00f3w, dzi\u0119ki kt\u00f3rym pozostaniesz w strefie komfortu, wyra\u017caj\u0105c przy tym sw\u00f3j styl i osobowo\u015b\u0107.\",\"url\":\"https:\/\/trece-store.com\/en\/\",\"logo\":{\"@type\":\"ImageObject\",\"inLanguage\":\"en-US\",\"@id\":\"https:\/\/trece-store.com\/en\/#\/schema\/logo\/image\/\",\"url\":\"https:\/\/trece-store.com\/wp-content\/uploads\/2024\/05\/favicon.png\",\"contentUrl\":\"https:\/\/trece-store.com\/wp-content\/uploads\/2024\/05\/favicon.png\",\"width\":1024,\"height\":1024,\"caption\":\"Nasz\u0105 misj\u0105 jest dostarczanie najwy\u017cszej jako\u015bci produkt\u00f3w, dzi\u0119ki kt\u00f3rym pozostaniesz w strefie komfortu, wyra\u017caj\u0105c przy tym sw\u00f3j styl i osobowo\u015b\u0107.\"},\"image\":{\"@id\":\"https:\/\/trece-store.com\/en\/#\/schema\/logo\/image\/\"},\"sameAs\":[\"https:\/\/www.instagram.com\/trece.pl?igsh=anphbGVhdTJ2NzJ1&utm_source=qr\",\"https:\/\/pin.it\/4zE4LLDCh\",\"https:\/\/www.tiktok.com\/@trece_pl?_t=8mEyJAfSYYi&_r=1\"]}]}<\/script>\n<!-- \/ Yoast SEO plugin. -->","yoast_head_json":{"title":"Butelka termiczna z uchwytem na telefon MagSafe | Na si\u0142owni\u0119 | TR\u00c9CE","description":"Oto butelka termiczna na si\u0142owni\u0119 z wygodnym uchwytem na telefon. Dzi\u0119ki MagSafe mo\u017cesz bezpiecznie trzyma\u0107 smartfona w czasie treningu!","robots":{"index":"index","follow":"follow","max-snippet":"max-snippet:-1","max-image-preview":"max-image-preview:large","max-video-preview":"max-video-preview:-1"},"canonical":"https:\/\/trece-store.com\/en\/produkt\/butelka-termiczna-smart-magsafe-%f0%9f%8e%80\/","og_locale":"en_US","og_type":"article","og_title":"Butelka termiczna z uchwytem na telefon MagSafe | Na si\u0142owni\u0119 | TR\u00c9CE","og_description":"Oto butelka termiczna na si\u0142owni\u0119 z wygodnym uchwytem na telefon. Dzi\u0119ki MagSafe mo\u017cesz bezpiecznie trzyma\u0107 smartfona w czasie treningu!","og_url":"https:\/\/trece-store.com\/en\/produkt\/butelka-termiczna-smart-magsafe-%f0%9f%8e%80\/","og_site_name":"TR\u00c9CE","article_modified_time":"2025-12-11T12:11:52+00:00","og_image":[{"width":1705,"height":2560,"url":"https:\/\/trece-store.com\/wp-content\/uploads\/2025\/04\/IMG_6510-2-scaled.jpg","type":"image\/jpeg"}],"twitter_card":"summary_large_image","twitter_misc":{"Est. reading time":"2 minutes"},"schema":{"@context":"https:\/\/schema.org","@graph":[{"@type":"WebPage","@id":"https:\/\/trece-store.com\/en\/produkt\/butelka-termiczna-smart-magsafe-%f0%9f%8e%80\/","url":"https:\/\/trece-store.com\/en\/produkt\/butelka-termiczna-smart-magsafe-%f0%9f%8e%80\/","name":"Butelka termiczna z uchwytem na telefon MagSafe | Na si\u0142owni\u0119 | TR\u00c9CE","isPartOf":{"@id":"https:\/\/trece-store.com\/en\/#website"},"primaryImageOfPage":{"@id":"https:\/\/trece-store.com\/en\/produkt\/butelka-termiczna-smart-magsafe-%f0%9f%8e%80\/#primaryimage"},"image":{"@id":"https:\/\/trece-store.com\/en\/produkt\/butelka-termiczna-smart-magsafe-%f0%9f%8e%80\/#primaryimage"},"thumbnailUrl":"https:\/\/trece-store.com\/wp-content\/uploads\/2025\/04\/IMG_6510-2-scaled.jpg","datePublished":"2025-04-22T15:58:19+00:00","dateModified":"2025-12-11T12:11:52+00:00","description":"Oto butelka termiczna na si\u0142owni\u0119 z wygodnym uchwytem na telefon. Dzi\u0119ki MagSafe mo\u017cesz bezpiecznie trzyma\u0107 smartfona w czasie treningu!","breadcrumb":{"@id":"https:\/\/trece-store.com\/en\/produkt\/butelka-termiczna-smart-magsafe-%f0%9f%8e%80\/#breadcrumb"},"inLanguage":"en-US","potentialAction":[{"@type":"ReadAction","target":["https:\/\/trece-store.com\/en\/produkt\/butelka-termiczna-smart-magsafe-%f0%9f%8e%80\/"]}]},{"@type":"ImageObject","inLanguage":"en-US","@id":"https:\/\/trece-store.com\/en\/produkt\/butelka-termiczna-smart-magsafe-%f0%9f%8e%80\/#primaryimage","url":"https:\/\/trece-store.com\/wp-content\/uploads\/2025\/04\/IMG_6510-2-scaled.jpg","contentUrl":"https:\/\/trece-store.com\/wp-content\/uploads\/2025\/04\/IMG_6510-2-scaled.jpg","width":1705,"height":2560},{"@type":"BreadcrumbList","@id":"https:\/\/trece-store.com\/en\/produkt\/butelka-termiczna-smart-magsafe-%f0%9f%8e%80\/#breadcrumb","itemListElement":[{"@type":"ListItem","position":1,"name":"Strona g\u0142\u00f3wna","item":"https:\/\/trece-store.com\/en\/"},{"@type":"ListItem","position":2,"name":"Shop","item":"https:\/\/trece-store.com\/en\/shop\/"},{"@type":"ListItem","position":3,"name":"Butelka termiczna: smart MagSafe"}]},{"@type":"WebSite","@id":"https:\/\/trece-store.com\/en\/#website","url":"https:\/\/trece-store.com\/en\/","name":"TR\u00c9CE","description":"Nasz\u0105 misj\u0105 jest dostarczanie najwy\u017cszej jako\u015bci produkt\u00f3w, dzi\u0119ki kt\u00f3rym pozostaniesz w strefie komfortu, wyra\u017caj\u0105c przy tym sw\u00f3j styl i osobowo\u015b\u0107.","publisher":{"@id":"https:\/\/trece-store.com\/en\/#organization"},"potentialAction":[{"@type":"SearchAction","target":{"@type":"EntryPoint","urlTemplate":"https:\/\/trece-store.com\/en\/?s={search_term_string}"},"query-input":{"@type":"PropertyValueSpecification","valueRequired":true,"valueName":"search_term_string"}}],"inLanguage":"en-US"},{"@type":"Organization","@id":"https:\/\/trece-store.com\/en\/#organization","name":"Nasz\u0105 misj\u0105 jest dostarczanie najwy\u017cszej jako\u015bci produkt\u00f3w, dzi\u0119ki kt\u00f3rym pozostaniesz w strefie komfortu, wyra\u017caj\u0105c przy tym sw\u00f3j styl i osobowo\u015b\u0107.","url":"https:\/\/trece-store.com\/en\/","logo":{"@type":"ImageObject","inLanguage":"en-US","@id":"https:\/\/trece-store.com\/en\/#\/schema\/logo\/image\/","url":"https:\/\/trece-store.com\/wp-content\/uploads\/2024\/05\/favicon.png","contentUrl":"https:\/\/trece-store.com\/wp-content\/uploads\/2024\/05\/favicon.png","width":1024,"height":1024,"caption":"Nasz\u0105 misj\u0105 jest dostarczanie najwy\u017cszej jako\u015bci produkt\u00f3w, dzi\u0119ki kt\u00f3rym pozostaniesz w strefie komfortu, wyra\u017caj\u0105c przy tym sw\u00f3j styl i osobowo\u015b\u0107."},"image":{"@id":"https:\/\/trece-store.com\/en\/#\/schema\/logo\/image\/"},"sameAs":["https:\/\/www.instagram.com\/trece.pl?igsh=anphbGVhdTJ2NzJ1&utm_source=qr","https:\/\/pin.it\/4zE4LLDCh","https:\/\/www.tiktok.com\/@trece_pl?_t=8mEyJAfSYYi&_r=1"]}]}},"_links":{"self":[{"href":"https:\/\/trece-store.com\/en\/wp-json\/wp\/v2\/product\/5816","targetHints":{"allow":["GET"]}}],"collection":[{"href":"https:\/\/trece-store.com\/en\/wp-json\/wp\/v2\/product"}],"about":[{"href":"https:\/\/trece-store.com\/en\/wp-json\/wp\/v2\/types\/product"}],"wp:featuredmedia":[{"embeddable":true,"href":"https:\/\/trece-store.com\/en\/wp-json\/wp\/v2\/media\/5819"}],"wp:attachment":[{"href":"https:\/\/trece-store.com\/en\/wp-json\/wp\/v2\/media?parent=5816"}],"wp:term":[{"taxonomy":"product_brand","embeddable":true,"href":"https:\/\/trece-store.com\/en\/wp-json\/wp\/v2\/product_brand?post=5816"},{"taxonomy":"product_cat","embeddable":true,"href":"https:\/\/trece-store.com\/en\/wp-json\/wp\/v2\/product_cat?post=5816"},{"taxonomy":"product_tag","embeddable":true,"href":"https:\/\/trece-store.com\/en\/wp-json\/wp\/v2\/product_tag?post=5816"}],"curies":[{"name":"wp","href":"https:\/\/api.w.org\/{rel}","templated":true}]}}