{"id":5767,"date":"2025-04-22T19:11:06","date_gmt":"2025-04-22T17:11:06","guid":{"rendered":"https:\/\/trece-store.com\/?post_type=product&#038;p=5767"},"modified":"2026-03-13T00:57:56","modified_gmt":"2026-03-12T23:57:56","slug":"mat-strap-pasek-do-noszenia-maty-w-kolorze","status":"publish","type":"product","link":"https:\/\/trece-store.com\/en\/produkt\/mat-strap-pasek-do-noszenia-maty-w-kolorze\/","title":{"rendered":"MAT STRAP: PASEK DO NOSZENIA MATY W KOLORZE"},"content":{"rendered":"<p class=\"\" data-start=\"185\" data-end=\"248\"><strong data-start=\"185\" data-end=\"211\">Pasek do noszenia maty<\/strong> | Wykonany z nylonu <b>pochodz\u0105cego<\/b> z recyklingu<\/p>\n<h3 class=\"\" data-start=\"255\" data-end=\"298\">? \u015awiadomy wyb\u00f3r, funkcjonalna forma<\/h3>\n<p class=\"\" data-start=\"299\" data-end=\"444\">Przemy\u015blany dodatek do Twojej praktyki.<br data-start=\"338\" data-end=\"341\" \/>Pasek do maty wykonany z <b>nylonu, <\/b>\u00a0zaprojektowany z my\u015bl\u0105 o trwa\u0142o\u015bci, komforcie i planecie.<\/p>\n<h3 class=\"\" data-start=\"451\" data-end=\"482\">?\u200d\u2640\ufe0f Idealny na co dzie\u0144<\/h3>\n<p class=\"\" data-start=\"483\" data-end=\"650\">\u00a0Stabilnie utrzymuje mat\u0119 w rulonie<\/p>\n<p class=\"\" data-start=\"483\" data-end=\"650\">U\u0142atwia transport \u2013 do studia, parku, podr\u00f3\u017cy<\/p>\n<p class=\"\" data-start=\"483\" data-end=\"650\">\u00a0Mi\u0119kki, ale wytrzyma\u0142y materia\u0142 \u2013 przyjemny w dotyku i odporny na zu\u017cycie<\/p>\n<h3 class=\"\" data-start=\"657\" data-end=\"692\">\u2728 Detale, kt\u00f3re robi\u0105 r\u00f3\u017cnic\u0119<\/h3>\n<p class=\"\" data-start=\"693\" data-end=\"813\">? <strong data-start=\"696\" data-end=\"717\">Gumowe logo TRECE<\/strong> \u2013 minimalistyczne i stylowe<br data-start=\"763\" data-end=\"766\" \/>? Dost\u0119pny w dw\u00f3ch kolorach<\/p>\n<h3 class=\"\" data-start=\"820\" data-end=\"836\">? Wymiary<\/h3>\n<p class=\"\" data-start=\"837\" data-end=\"883\">Standardowa, regulowana d\u0142ugo\u015b\u0107 \u2013 pasuje do wi\u0119kszo\u015bci mat<\/p>\n<p data-start=\"1234\" data-end=\"1396\"><span>Naszych dostawc\u00f3w znamy osobi\u015bcie i wsp\u00f3\u0142pracujemy wy\u0142\u0105cznie ze sprawdzonymi fabrykami, kt\u00f3re spe\u0142niaj\u0105 nasze standardy jako\u015bci.<\/span><\/p>\n<p data-start=\"1234\" data-end=\"1396\"><span>Wyprodukowano w Chinach. <\/span><\/p>\n<p class=\"\" data-start=\"890\" data-end=\"1005\">\n","protected":false},"excerpt":{"rendered":"<p>Pasek do noszenia maty | Wykonany z nylonu pochodz\u0105cego z recyklingu ? \u015awiadomy wyb\u00f3r, funkcjonalna forma Przemy\u015blany dodatek do Twojej praktyki.Pasek do maty wykonany z nylonu, \u00a0zaprojektowany z my\u015bl\u0105 o trwa\u0142o\u015bci, komforcie i planecie. ?\u200d\u2640\ufe0f Idealny na co dzie\u0144 \u00a0Stabilnie utrzymuje mat\u0119 w rulonie U\u0142atwia transport \u2013 do studia, parku, podr\u00f3\u017cy \u00a0Mi\u0119kki, ale wytrzyma\u0142y materia\u0142&#8230;<\/p>\n","protected":false},"featured_media":5791,"template":"","meta":[],"product_brand":[],"product_cat":[158,156,161],"product_tag":[],"class_list":{"0":"post-5767","1":"product","2":"type-product","3":"status-publish","4":"has-post-thumbnail","6":"product_cat-blush","7":"product_cat-torby-i-inne-akcesoria","8":"product_cat-wszystkie","10":"first","11":"instock","12":"taxable","13":"shipping-taxable","14":"purchasable","15":"product-type-simple"},"yoast_head":"<!-- This site is optimized with the Yoast SEO plugin v27.1.1 - https:\/\/yoast.com\/product\/yoast-seo-wordpress\/ -->\n<title>MAT STRAP: PASEK DO NOSZENIA MATY W KOLORZE - TR\u00c9CE<\/title>\n<meta name=\"robots\" content=\"index, follow, max-snippet:-1, max-image-preview:large, max-video-preview:-1\" \/>\n<link rel=\"canonical\" href=\"https:\/\/trece-store.com\/en\/produkt\/mat-strap-pasek-do-noszenia-maty-w-kolorze\/\" \/>\n<meta property=\"og:locale\" content=\"en_US\" \/>\n<meta property=\"og:type\" content=\"article\" \/>\n<meta property=\"og:title\" content=\"MAT STRAP: PASEK DO NOSZENIA MATY W KOLORZE - TR\u00c9CE\" \/>\n<meta property=\"og:description\" content=\"Pasek do noszenia maty | Wykonany z nylonu pochodz\u0105cego z recyklingu ? \u015awiadomy wyb\u00f3r, funkcjonalna forma Przemy\u015blany dodatek do Twojej praktyki.Pasek do maty wykonany z nylonu, \u00a0zaprojektowany z my\u015bl\u0105 o trwa\u0142o\u015bci, komforcie i planecie. ?\u200d\u2640\ufe0f Idealny na co dzie\u0144 \u00a0Stabilnie utrzymuje mat\u0119 w rulonie U\u0142atwia transport \u2013 do studia, parku, podr\u00f3\u017cy \u00a0Mi\u0119kki, ale wytrzyma\u0142y materia\u0142...\" \/>\n<meta property=\"og:url\" content=\"https:\/\/trece-store.com\/en\/produkt\/mat-strap-pasek-do-noszenia-maty-w-kolorze\/\" \/>\n<meta property=\"og:site_name\" content=\"TR\u00c9CE\" \/>\n<meta property=\"article:modified_time\" content=\"2026-03-12T23:57:56+00:00\" \/>\n<meta property=\"og:image\" content=\"https:\/\/trece-store.com\/wp-content\/uploads\/2025\/04\/IMG_6516-scaled.jpg\" \/>\n\t<meta property=\"og:image:width\" content=\"1705\" \/>\n\t<meta property=\"og:image:height\" content=\"2560\" \/>\n\t<meta property=\"og:image:type\" content=\"image\/jpeg\" \/>\n<meta name=\"twitter:card\" content=\"summary_large_image\" \/>\n<meta name=\"twitter:label1\" content=\"Est. reading time\" \/>\n\t<meta name=\"twitter:data1\" content=\"1 minute\" \/>\n<script type=\"application\/ld+json\" class=\"yoast-schema-graph\">{\"@context\":\"https:\/\/schema.org\",\"@graph\":[{\"@type\":\"WebPage\",\"@id\":\"https:\/\/trece-store.com\/en\/produkt\/mat-strap-pasek-do-noszenia-maty-w-kolorze\/\",\"url\":\"https:\/\/trece-store.com\/en\/produkt\/mat-strap-pasek-do-noszenia-maty-w-kolorze\/\",\"name\":\"MAT STRAP: PASEK DO NOSZENIA MATY W KOLORZE - TR\u00c9CE\",\"isPartOf\":{\"@id\":\"https:\/\/trece-store.com\/en\/#website\"},\"primaryImageOfPage\":{\"@id\":\"https:\/\/trece-store.com\/en\/produkt\/mat-strap-pasek-do-noszenia-maty-w-kolorze\/#primaryimage\"},\"image\":{\"@id\":\"https:\/\/trece-store.com\/en\/produkt\/mat-strap-pasek-do-noszenia-maty-w-kolorze\/#primaryimage\"},\"thumbnailUrl\":\"https:\/\/trece-store.com\/wp-content\/uploads\/2025\/04\/IMG_6516-scaled.jpg\",\"datePublished\":\"2025-04-22T17:11:06+00:00\",\"dateModified\":\"2026-03-12T23:57:56+00:00\",\"breadcrumb\":{\"@id\":\"https:\/\/trece-store.com\/en\/produkt\/mat-strap-pasek-do-noszenia-maty-w-kolorze\/#breadcrumb\"},\"inLanguage\":\"en-US\",\"potentialAction\":[{\"@type\":\"ReadAction\",\"target\":[\"https:\/\/trece-store.com\/en\/produkt\/mat-strap-pasek-do-noszenia-maty-w-kolorze\/\"]}]},{\"@type\":\"ImageObject\",\"inLanguage\":\"en-US\",\"@id\":\"https:\/\/trece-store.com\/en\/produkt\/mat-strap-pasek-do-noszenia-maty-w-kolorze\/#primaryimage\",\"url\":\"https:\/\/trece-store.com\/wp-content\/uploads\/2025\/04\/IMG_6516-scaled.jpg\",\"contentUrl\":\"https:\/\/trece-store.com\/wp-content\/uploads\/2025\/04\/IMG_6516-scaled.jpg\",\"width\":1705,\"height\":2560},{\"@type\":\"BreadcrumbList\",\"@id\":\"https:\/\/trece-store.com\/en\/produkt\/mat-strap-pasek-do-noszenia-maty-w-kolorze\/#breadcrumb\",\"itemListElement\":[{\"@type\":\"ListItem\",\"position\":1,\"name\":\"Strona g\u0142\u00f3wna\",\"item\":\"https:\/\/trece-store.com\/en\/\"},{\"@type\":\"ListItem\",\"position\":2,\"name\":\"Shop\",\"item\":\"https:\/\/trece-store.com\/en\/shop\/\"},{\"@type\":\"ListItem\",\"position\":3,\"name\":\"MAT STRAP: PASEK DO NOSZENIA MATY W KOLORZE\"}]},{\"@type\":\"WebSite\",\"@id\":\"https:\/\/trece-store.com\/en\/#website\",\"url\":\"https:\/\/trece-store.com\/en\/\",\"name\":\"TR\u00c9CE\",\"description\":\"Nasz\u0105 misj\u0105 jest dostarczanie najwy\u017cszej jako\u015bci produkt\u00f3w, dzi\u0119ki kt\u00f3rym pozostaniesz w strefie komfortu, wyra\u017caj\u0105c przy tym sw\u00f3j styl i osobowo\u015b\u0107.\",\"publisher\":{\"@id\":\"https:\/\/trece-store.com\/en\/#organization\"},\"potentialAction\":[{\"@type\":\"SearchAction\",\"target\":{\"@type\":\"EntryPoint\",\"urlTemplate\":\"https:\/\/trece-store.com\/en\/?s={search_term_string}\"},\"query-input\":{\"@type\":\"PropertyValueSpecification\",\"valueRequired\":true,\"valueName\":\"search_term_string\"}}],\"inLanguage\":\"en-US\"},{\"@type\":\"Organization\",\"@id\":\"https:\/\/trece-store.com\/en\/#organization\",\"name\":\"Nasz\u0105 misj\u0105 jest dostarczanie najwy\u017cszej jako\u015bci produkt\u00f3w, dzi\u0119ki kt\u00f3rym pozostaniesz w strefie komfortu, wyra\u017caj\u0105c przy tym sw\u00f3j styl i osobowo\u015b\u0107.\",\"url\":\"https:\/\/trece-store.com\/en\/\",\"logo\":{\"@type\":\"ImageObject\",\"inLanguage\":\"en-US\",\"@id\":\"https:\/\/trece-store.com\/en\/#\/schema\/logo\/image\/\",\"url\":\"https:\/\/trece-store.com\/wp-content\/uploads\/2024\/05\/favicon.png\",\"contentUrl\":\"https:\/\/trece-store.com\/wp-content\/uploads\/2024\/05\/favicon.png\",\"width\":1024,\"height\":1024,\"caption\":\"Nasz\u0105 misj\u0105 jest dostarczanie najwy\u017cszej jako\u015bci produkt\u00f3w, dzi\u0119ki kt\u00f3rym pozostaniesz w strefie komfortu, wyra\u017caj\u0105c przy tym sw\u00f3j styl i osobowo\u015b\u0107.\"},\"image\":{\"@id\":\"https:\/\/trece-store.com\/en\/#\/schema\/logo\/image\/\"},\"sameAs\":[\"https:\/\/www.instagram.com\/trece.pl?igsh=anphbGVhdTJ2NzJ1&utm_source=qr\",\"https:\/\/pin.it\/4zE4LLDCh\",\"https:\/\/www.tiktok.com\/@trece_pl?_t=8mEyJAfSYYi&_r=1\"]}]}<\/script>\n<!-- \/ Yoast SEO plugin. -->","yoast_head_json":{"title":"MAT STRAP: PASEK DO NOSZENIA MATY W KOLORZE - TR\u00c9CE","robots":{"index":"index","follow":"follow","max-snippet":"max-snippet:-1","max-image-preview":"max-image-preview:large","max-video-preview":"max-video-preview:-1"},"canonical":"https:\/\/trece-store.com\/en\/produkt\/mat-strap-pasek-do-noszenia-maty-w-kolorze\/","og_locale":"en_US","og_type":"article","og_title":"MAT STRAP: PASEK DO NOSZENIA MATY W KOLORZE - TR\u00c9CE","og_description":"Pasek do noszenia maty | Wykonany z nylonu pochodz\u0105cego z recyklingu ? \u015awiadomy wyb\u00f3r, funkcjonalna forma Przemy\u015blany dodatek do Twojej praktyki.Pasek do maty wykonany z nylonu, \u00a0zaprojektowany z my\u015bl\u0105 o trwa\u0142o\u015bci, komforcie i planecie. ?\u200d\u2640\ufe0f Idealny na co dzie\u0144 \u00a0Stabilnie utrzymuje mat\u0119 w rulonie U\u0142atwia transport \u2013 do studia, parku, podr\u00f3\u017cy \u00a0Mi\u0119kki, ale wytrzyma\u0142y materia\u0142...","og_url":"https:\/\/trece-store.com\/en\/produkt\/mat-strap-pasek-do-noszenia-maty-w-kolorze\/","og_site_name":"TR\u00c9CE","article_modified_time":"2026-03-12T23:57:56+00:00","og_image":[{"width":1705,"height":2560,"url":"https:\/\/trece-store.com\/wp-content\/uploads\/2025\/04\/IMG_6516-scaled.jpg","type":"image\/jpeg"}],"twitter_card":"summary_large_image","twitter_misc":{"Est. reading time":"1 minute"},"schema":{"@context":"https:\/\/schema.org","@graph":[{"@type":"WebPage","@id":"https:\/\/trece-store.com\/en\/produkt\/mat-strap-pasek-do-noszenia-maty-w-kolorze\/","url":"https:\/\/trece-store.com\/en\/produkt\/mat-strap-pasek-do-noszenia-maty-w-kolorze\/","name":"MAT STRAP: PASEK DO NOSZENIA MATY W KOLORZE - TR\u00c9CE","isPartOf":{"@id":"https:\/\/trece-store.com\/en\/#website"},"primaryImageOfPage":{"@id":"https:\/\/trece-store.com\/en\/produkt\/mat-strap-pasek-do-noszenia-maty-w-kolorze\/#primaryimage"},"image":{"@id":"https:\/\/trece-store.com\/en\/produkt\/mat-strap-pasek-do-noszenia-maty-w-kolorze\/#primaryimage"},"thumbnailUrl":"https:\/\/trece-store.com\/wp-content\/uploads\/2025\/04\/IMG_6516-scaled.jpg","datePublished":"2025-04-22T17:11:06+00:00","dateModified":"2026-03-12T23:57:56+00:00","breadcrumb":{"@id":"https:\/\/trece-store.com\/en\/produkt\/mat-strap-pasek-do-noszenia-maty-w-kolorze\/#breadcrumb"},"inLanguage":"en-US","potentialAction":[{"@type":"ReadAction","target":["https:\/\/trece-store.com\/en\/produkt\/mat-strap-pasek-do-noszenia-maty-w-kolorze\/"]}]},{"@type":"ImageObject","inLanguage":"en-US","@id":"https:\/\/trece-store.com\/en\/produkt\/mat-strap-pasek-do-noszenia-maty-w-kolorze\/#primaryimage","url":"https:\/\/trece-store.com\/wp-content\/uploads\/2025\/04\/IMG_6516-scaled.jpg","contentUrl":"https:\/\/trece-store.com\/wp-content\/uploads\/2025\/04\/IMG_6516-scaled.jpg","width":1705,"height":2560},{"@type":"BreadcrumbList","@id":"https:\/\/trece-store.com\/en\/produkt\/mat-strap-pasek-do-noszenia-maty-w-kolorze\/#breadcrumb","itemListElement":[{"@type":"ListItem","position":1,"name":"Strona g\u0142\u00f3wna","item":"https:\/\/trece-store.com\/en\/"},{"@type":"ListItem","position":2,"name":"Shop","item":"https:\/\/trece-store.com\/en\/shop\/"},{"@type":"ListItem","position":3,"name":"MAT STRAP: PASEK DO NOSZENIA MATY W KOLORZE"}]},{"@type":"WebSite","@id":"https:\/\/trece-store.com\/en\/#website","url":"https:\/\/trece-store.com\/en\/","name":"TR\u00c9CE","description":"Nasz\u0105 misj\u0105 jest dostarczanie najwy\u017cszej jako\u015bci produkt\u00f3w, dzi\u0119ki kt\u00f3rym pozostaniesz w strefie komfortu, wyra\u017caj\u0105c przy tym sw\u00f3j styl i osobowo\u015b\u0107.","publisher":{"@id":"https:\/\/trece-store.com\/en\/#organization"},"potentialAction":[{"@type":"SearchAction","target":{"@type":"EntryPoint","urlTemplate":"https:\/\/trece-store.com\/en\/?s={search_term_string}"},"query-input":{"@type":"PropertyValueSpecification","valueRequired":true,"valueName":"search_term_string"}}],"inLanguage":"en-US"},{"@type":"Organization","@id":"https:\/\/trece-store.com\/en\/#organization","name":"Nasz\u0105 misj\u0105 jest dostarczanie najwy\u017cszej jako\u015bci produkt\u00f3w, dzi\u0119ki kt\u00f3rym pozostaniesz w strefie komfortu, wyra\u017caj\u0105c przy tym sw\u00f3j styl i osobowo\u015b\u0107.","url":"https:\/\/trece-store.com\/en\/","logo":{"@type":"ImageObject","inLanguage":"en-US","@id":"https:\/\/trece-store.com\/en\/#\/schema\/logo\/image\/","url":"https:\/\/trece-store.com\/wp-content\/uploads\/2024\/05\/favicon.png","contentUrl":"https:\/\/trece-store.com\/wp-content\/uploads\/2024\/05\/favicon.png","width":1024,"height":1024,"caption":"Nasz\u0105 misj\u0105 jest dostarczanie najwy\u017cszej jako\u015bci produkt\u00f3w, dzi\u0119ki kt\u00f3rym pozostaniesz w strefie komfortu, wyra\u017caj\u0105c przy tym sw\u00f3j styl i osobowo\u015b\u0107."},"image":{"@id":"https:\/\/trece-store.com\/en\/#\/schema\/logo\/image\/"},"sameAs":["https:\/\/www.instagram.com\/trece.pl?igsh=anphbGVhdTJ2NzJ1&utm_source=qr","https:\/\/pin.it\/4zE4LLDCh","https:\/\/www.tiktok.com\/@trece_pl?_t=8mEyJAfSYYi&_r=1"]}]}},"_links":{"self":[{"href":"https:\/\/trece-store.com\/en\/wp-json\/wp\/v2\/product\/5767","targetHints":{"allow":["GET"]}}],"collection":[{"href":"https:\/\/trece-store.com\/en\/wp-json\/wp\/v2\/product"}],"about":[{"href":"https:\/\/trece-store.com\/en\/wp-json\/wp\/v2\/types\/product"}],"wp:featuredmedia":[{"embeddable":true,"href":"https:\/\/trece-store.com\/en\/wp-json\/wp\/v2\/media\/5791"}],"wp:attachment":[{"href":"https:\/\/trece-store.com\/en\/wp-json\/wp\/v2\/media?parent=5767"}],"wp:term":[{"taxonomy":"product_brand","embeddable":true,"href":"https:\/\/trece-store.com\/en\/wp-json\/wp\/v2\/product_brand?post=5767"},{"taxonomy":"product_cat","embeddable":true,"href":"https:\/\/trece-store.com\/en\/wp-json\/wp\/v2\/product_cat?post=5767"},{"taxonomy":"product_tag","embeddable":true,"href":"https:\/\/trece-store.com\/en\/wp-json\/wp\/v2\/product_tag?post=5767"}],"curies":[{"name":"wp","href":"https:\/\/api.w.org\/{rel}","templated":true}]}}