{"id":5765,"date":"2025-05-08T15:24:52","date_gmt":"2025-05-08T13:24:52","guid":{"rendered":"https:\/\/trece-store.com\/?post_type=product&#038;p=5765"},"modified":"2026-01-14T21:53:03","modified_gmt":"2026-01-14T20:53:03","slug":"obciazniki-carbon-1kg-%f0%9f%8e%b1","status":"publish","type":"product","link":"https:\/\/trece-store.com\/en\/produkt\/obciazniki-carbon-1kg-%f0%9f%8e%b1\/","title":{"rendered":"OBCI\u0104\u017bNIKI CARBON 1KG"},"content":{"rendered":"<section class=\"l-section wpb_row height_custom\"><div class=\"l-section-h i-cf\"><div class=\"g-cols vc_row via_flex valign_top type_default stacking_default\"><div class=\"vc_col-sm-12 wpb_column vc_column_container\"><div class=\"vc_column-inner\"><div class=\"wpb_wrapper\"><div class=\"wpb_text_column\"><div class=\"wpb_wrapper\"><p><span>Wykonane z <\/span><strong data-start=\"235\" data-end=\"253\">solidnej stali<\/strong><span> pokrytej mi\u0119kkim <\/span><strong data-start=\"271\" data-end=\"291\">\u201ebaby silikonem\u201d<\/strong><span> w czterech odcieniach:<\/span><br data-start=\"312\" data-end=\"315\" \/><span>\ud83e\udd5b\u00a0<\/span><em data-start=\"318\" data-end=\"326\">almond<\/em><span>, \ud83e\udeb5<\/span><span>\u00a0<\/span><em data-start=\"331\" data-end=\"340\">natural<\/em><span>, \ud83c\udf6b\u00a0<\/span><em data-start=\"345\" data-end=\"354\">brownie i \ud83c\udfb1\u00a0carbon<\/em><\/p>\n<p>Prezentujemy c<span>zarne obci\u0105\u017cniki TR\u00c9CE &#8211; mocniejszy akcent w Twoim treningu, zar\u00f3wno wizualnie, jak i fizycznie.<\/span> 1 kilogramowe obci\u0105\u017cniki wykonane s\u0105 ze stali i pokryte przyjemnym w dotyku \u201ebaby silikonem\u201d.<\/p>\n<p>Stanowi\u0105 doskona\u0142y dodatek do trening\u00f3w.<\/p>\n<p><span>Na ka\u017cdym z ci\u0119\u017cark\u00f3w znajduje si\u0119 <strong data-start=\"457\" data-end=\"477\">grawerowane logo<\/strong>, kt\u00f3re dodaje ekskluzywnego charakteru i minimalistycznego stylu: <\/span><strong>1 komplet ( 2 szt.)<\/strong><\/p>\n<h2>Stylowe obci\u0105\u017cniki 1 kg<\/h2>\n<p>Dbamy o to, by oferowane przez nas produkty by\u0142y nie tylko u\u017cyteczne, ale te\u017c efektowne. Starannie wykonane ci\u0119\u017carki na kostki i nadgarstki 1 kg s\u0105 dost\u0119pne w czterech kolorach: almond, natural, brownie i carbon. S\u0105 ozdobione grawerowanym logo TR\u00c9CE, kt\u00f3re nadaje im presti\u017cowego charakteru. Elastyczna, czarna opaska z zapi\u0119ciami na rzepy to klasyczne, minimalistyczne rozwi\u0105zanie. Ka\u017cdy mo\u017ce \u0142atwo dopasowa\u0107 je zar\u00f3wno do nadgarstk\u00f3w, jak i kostek. Elegancki, ekskluzywny wygl\u0105d obci\u0105\u017cnik\u00f3w na r\u0119ce i kostki 1 kg sprawia, \u017ce mo\u017cna je nosi\u0107 na co dzie\u0144. Niezwyk\u0142e po\u0142\u0105czenie funkcjonalno\u015bci i stylu &#8211; idealne dla ka\u017cdego planuj\u0105cego intensyfikacj\u0119 swojego treningu.<\/p>\n<h2>Ci\u0119\u017carki na kostki i nadgarstki 1 kg<\/h2>\n<p>Ci\u0119\u017carki na kostki i nadgarstki 1 kg to rozwi\u0105zanie, po kt\u00f3re si\u0119gaj\u0105 osoby lubi\u0105ce wyzwania. Ich minimalistyczny design doskonale pasuje do innych produkt\u00f3w TR\u00c9CE. Stylowe wyposa\u017cenie mo\u017ce przyczyni\u0107 si\u0119 do dodatkowej przyjemno\u015bci p\u0142yn\u0105cej z trening\u00f3w.<\/p>\n<p>W asortymencie naszego sklepu mo\u017cna znale\u017a\u0107 r\u00f3wnie\u017c inne kolory, a tak\u017ce wag\u0119 0,5 kg.<\/p>\n<p data-start=\"1234\" data-end=\"1396\"><span>Naszych dostawc\u00f3w znamy osobi\u015bcie i wsp\u00f3\u0142pracujemy wy\u0142\u0105cznie ze sprawdzonymi fabrykami, kt\u00f3re spe\u0142niaj\u0105 nasze standardy jako\u015bci.<\/span><\/p>\n<p data-start=\"1234\" data-end=\"1396\"><span>Wyprodukowano w Chinach.<\/span><\/p>\n<p>\u00a0<\/p>\n<\/div><\/div><\/div><\/div><\/div><\/div><\/div><\/section>\n","protected":false},"excerpt":{"rendered":"Wykonane z solidnej stali pokrytej mi\u0119kkim \u201ebaby silikonem\u201d w czterech odcieniach:\ud83e\udd5b\u00a0almond, \ud83e\udeb5\u00a0natural, \ud83c\udf6b\u00a0brownie i \ud83c\udfb1\u00a0carbon Prezentujemy czarne obci\u0105\u017cniki TR\u00c9CE &#8211; mocniejszy akcent w Twoim treningu, zar\u00f3wno wizualnie, jak i fizycznie. 1 kilogramowe obci\u0105\u017cniki wykonane s\u0105 ze stali i pokryte przyjemnym w dotyku \u201ebaby silikonem\u201d. Stanowi\u0105 doskona\u0142y dodatek do trening\u00f3w. Na ka\u017cdym z ci\u0119\u017cark\u00f3w znajduje si\u0119...","protected":false},"featured_media":5884,"template":"","meta":[],"product_brand":[],"product_cat":[159,144,161],"product_tag":[],"class_list":{"0":"post-5765","1":"product","2":"type-product","3":"status-publish","4":"has-post-thumbnail","6":"product_cat-carbon","7":"product_cat-obciazniki","8":"product_cat-wszystkie","10":"first","11":"instock","12":"taxable","13":"shipping-taxable","14":"purchasable","15":"product-type-simple"},"yoast_head":"<!-- This site is optimized with the Yoast SEO plugin v27.1.1 - https:\/\/yoast.com\/product\/yoast-seo-wordpress\/ -->\n<title>OBCI\u0104\u017bNIKI CARBON 1KG - TR\u00c9CE<\/title>\n<meta name=\"robots\" content=\"index, follow, max-snippet:-1, max-image-preview:large, max-video-preview:-1\" \/>\n<link rel=\"canonical\" href=\"https:\/\/trece-store.com\/en\/produkt\/obciazniki-carbon-1kg-%f0%9f%8e%b1\/\" \/>\n<meta property=\"og:locale\" content=\"en_US\" \/>\n<meta property=\"og:type\" content=\"article\" \/>\n<meta property=\"og:title\" content=\"OBCI\u0104\u017bNIKI CARBON 1KG - TR\u00c9CE\" \/>\n<meta property=\"og:url\" content=\"https:\/\/trece-store.com\/en\/produkt\/obciazniki-carbon-1kg-%f0%9f%8e%b1\/\" \/>\n<meta property=\"og:site_name\" content=\"TR\u00c9CE\" \/>\n<meta property=\"article:modified_time\" content=\"2026-01-14T20:53:03+00:00\" \/>\n<meta property=\"og:image\" content=\"https:\/\/trece-store.com\/wp-content\/uploads\/2025\/04\/IMG_6478-scaled.jpg\" \/>\n\t<meta property=\"og:image:width\" content=\"1705\" \/>\n\t<meta property=\"og:image:height\" content=\"2560\" \/>\n\t<meta property=\"og:image:type\" content=\"image\/jpeg\" \/>\n<meta name=\"twitter:card\" content=\"summary_large_image\" \/>\n<meta name=\"twitter:label1\" content=\"Est. reading time\" \/>\n\t<meta name=\"twitter:data1\" content=\"2 minutes\" \/>\n<script type=\"application\/ld+json\" class=\"yoast-schema-graph\">{\"@context\":\"https:\/\/schema.org\",\"@graph\":[{\"@type\":\"WebPage\",\"@id\":\"https:\/\/trece-store.com\/en\/produkt\/obciazniki-carbon-1kg-%f0%9f%8e%b1\/\",\"url\":\"https:\/\/trece-store.com\/en\/produkt\/obciazniki-carbon-1kg-%f0%9f%8e%b1\/\",\"name\":\"OBCI\u0104\u017bNIKI CARBON 1KG - TR\u00c9CE\",\"isPartOf\":{\"@id\":\"https:\/\/trece-store.com\/en\/#website\"},\"primaryImageOfPage\":{\"@id\":\"https:\/\/trece-store.com\/en\/produkt\/obciazniki-carbon-1kg-%f0%9f%8e%b1\/#primaryimage\"},\"image\":{\"@id\":\"https:\/\/trece-store.com\/en\/produkt\/obciazniki-carbon-1kg-%f0%9f%8e%b1\/#primaryimage\"},\"thumbnailUrl\":\"https:\/\/trece-store.com\/wp-content\/uploads\/2025\/04\/IMG_6478-scaled.jpg\",\"datePublished\":\"2025-05-08T13:24:52+00:00\",\"dateModified\":\"2026-01-14T20:53:03+00:00\",\"breadcrumb\":{\"@id\":\"https:\/\/trece-store.com\/en\/produkt\/obciazniki-carbon-1kg-%f0%9f%8e%b1\/#breadcrumb\"},\"inLanguage\":\"en-US\",\"potentialAction\":[{\"@type\":\"ReadAction\",\"target\":[\"https:\/\/trece-store.com\/en\/produkt\/obciazniki-carbon-1kg-%f0%9f%8e%b1\/\"]}]},{\"@type\":\"ImageObject\",\"inLanguage\":\"en-US\",\"@id\":\"https:\/\/trece-store.com\/en\/produkt\/obciazniki-carbon-1kg-%f0%9f%8e%b1\/#primaryimage\",\"url\":\"https:\/\/trece-store.com\/wp-content\/uploads\/2025\/04\/IMG_6478-scaled.jpg\",\"contentUrl\":\"https:\/\/trece-store.com\/wp-content\/uploads\/2025\/04\/IMG_6478-scaled.jpg\",\"width\":1705,\"height\":2560},{\"@type\":\"BreadcrumbList\",\"@id\":\"https:\/\/trece-store.com\/en\/produkt\/obciazniki-carbon-1kg-%f0%9f%8e%b1\/#breadcrumb\",\"itemListElement\":[{\"@type\":\"ListItem\",\"position\":1,\"name\":\"Strona g\u0142\u00f3wna\",\"item\":\"https:\/\/trece-store.com\/en\/\"},{\"@type\":\"ListItem\",\"position\":2,\"name\":\"Shop\",\"item\":\"https:\/\/trece-store.com\/en\/shop\/\"},{\"@type\":\"ListItem\",\"position\":3,\"name\":\"OBCI\u0104\u017bNIKI CARBON 1KG\"}]},{\"@type\":\"WebSite\",\"@id\":\"https:\/\/trece-store.com\/en\/#website\",\"url\":\"https:\/\/trece-store.com\/en\/\",\"name\":\"TR\u00c9CE\",\"description\":\"Nasz\u0105 misj\u0105 jest dostarczanie najwy\u017cszej jako\u015bci produkt\u00f3w, dzi\u0119ki kt\u00f3rym pozostaniesz w strefie komfortu, wyra\u017caj\u0105c przy tym sw\u00f3j styl i osobowo\u015b\u0107.\",\"publisher\":{\"@id\":\"https:\/\/trece-store.com\/en\/#organization\"},\"potentialAction\":[{\"@type\":\"SearchAction\",\"target\":{\"@type\":\"EntryPoint\",\"urlTemplate\":\"https:\/\/trece-store.com\/en\/?s={search_term_string}\"},\"query-input\":{\"@type\":\"PropertyValueSpecification\",\"valueRequired\":true,\"valueName\":\"search_term_string\"}}],\"inLanguage\":\"en-US\"},{\"@type\":\"Organization\",\"@id\":\"https:\/\/trece-store.com\/en\/#organization\",\"name\":\"Nasz\u0105 misj\u0105 jest dostarczanie najwy\u017cszej jako\u015bci produkt\u00f3w, dzi\u0119ki kt\u00f3rym pozostaniesz w strefie komfortu, wyra\u017caj\u0105c przy tym sw\u00f3j styl i osobowo\u015b\u0107.\",\"url\":\"https:\/\/trece-store.com\/en\/\",\"logo\":{\"@type\":\"ImageObject\",\"inLanguage\":\"en-US\",\"@id\":\"https:\/\/trece-store.com\/en\/#\/schema\/logo\/image\/\",\"url\":\"https:\/\/trece-store.com\/wp-content\/uploads\/2024\/05\/favicon.png\",\"contentUrl\":\"https:\/\/trece-store.com\/wp-content\/uploads\/2024\/05\/favicon.png\",\"width\":1024,\"height\":1024,\"caption\":\"Nasz\u0105 misj\u0105 jest dostarczanie najwy\u017cszej jako\u015bci produkt\u00f3w, dzi\u0119ki kt\u00f3rym pozostaniesz w strefie komfortu, wyra\u017caj\u0105c przy tym sw\u00f3j styl i osobowo\u015b\u0107.\"},\"image\":{\"@id\":\"https:\/\/trece-store.com\/en\/#\/schema\/logo\/image\/\"},\"sameAs\":[\"https:\/\/www.instagram.com\/trece.pl?igsh=anphbGVhdTJ2NzJ1&utm_source=qr\",\"https:\/\/pin.it\/4zE4LLDCh\",\"https:\/\/www.tiktok.com\/@trece_pl?_t=8mEyJAfSYYi&_r=1\"]}]}<\/script>\n<!-- \/ Yoast SEO plugin. -->","yoast_head_json":{"title":"OBCI\u0104\u017bNIKI CARBON 1KG - TR\u00c9CE","robots":{"index":"index","follow":"follow","max-snippet":"max-snippet:-1","max-image-preview":"max-image-preview:large","max-video-preview":"max-video-preview:-1"},"canonical":"https:\/\/trece-store.com\/en\/produkt\/obciazniki-carbon-1kg-%f0%9f%8e%b1\/","og_locale":"en_US","og_type":"article","og_title":"OBCI\u0104\u017bNIKI CARBON 1KG - TR\u00c9CE","og_url":"https:\/\/trece-store.com\/en\/produkt\/obciazniki-carbon-1kg-%f0%9f%8e%b1\/","og_site_name":"TR\u00c9CE","article_modified_time":"2026-01-14T20:53:03+00:00","og_image":[{"width":1705,"height":2560,"url":"https:\/\/trece-store.com\/wp-content\/uploads\/2025\/04\/IMG_6478-scaled.jpg","type":"image\/jpeg"}],"twitter_card":"summary_large_image","twitter_misc":{"Est. reading time":"2 minutes"},"schema":{"@context":"https:\/\/schema.org","@graph":[{"@type":"WebPage","@id":"https:\/\/trece-store.com\/en\/produkt\/obciazniki-carbon-1kg-%f0%9f%8e%b1\/","url":"https:\/\/trece-store.com\/en\/produkt\/obciazniki-carbon-1kg-%f0%9f%8e%b1\/","name":"OBCI\u0104\u017bNIKI CARBON 1KG - TR\u00c9CE","isPartOf":{"@id":"https:\/\/trece-store.com\/en\/#website"},"primaryImageOfPage":{"@id":"https:\/\/trece-store.com\/en\/produkt\/obciazniki-carbon-1kg-%f0%9f%8e%b1\/#primaryimage"},"image":{"@id":"https:\/\/trece-store.com\/en\/produkt\/obciazniki-carbon-1kg-%f0%9f%8e%b1\/#primaryimage"},"thumbnailUrl":"https:\/\/trece-store.com\/wp-content\/uploads\/2025\/04\/IMG_6478-scaled.jpg","datePublished":"2025-05-08T13:24:52+00:00","dateModified":"2026-01-14T20:53:03+00:00","breadcrumb":{"@id":"https:\/\/trece-store.com\/en\/produkt\/obciazniki-carbon-1kg-%f0%9f%8e%b1\/#breadcrumb"},"inLanguage":"en-US","potentialAction":[{"@type":"ReadAction","target":["https:\/\/trece-store.com\/en\/produkt\/obciazniki-carbon-1kg-%f0%9f%8e%b1\/"]}]},{"@type":"ImageObject","inLanguage":"en-US","@id":"https:\/\/trece-store.com\/en\/produkt\/obciazniki-carbon-1kg-%f0%9f%8e%b1\/#primaryimage","url":"https:\/\/trece-store.com\/wp-content\/uploads\/2025\/04\/IMG_6478-scaled.jpg","contentUrl":"https:\/\/trece-store.com\/wp-content\/uploads\/2025\/04\/IMG_6478-scaled.jpg","width":1705,"height":2560},{"@type":"BreadcrumbList","@id":"https:\/\/trece-store.com\/en\/produkt\/obciazniki-carbon-1kg-%f0%9f%8e%b1\/#breadcrumb","itemListElement":[{"@type":"ListItem","position":1,"name":"Strona g\u0142\u00f3wna","item":"https:\/\/trece-store.com\/en\/"},{"@type":"ListItem","position":2,"name":"Shop","item":"https:\/\/trece-store.com\/en\/shop\/"},{"@type":"ListItem","position":3,"name":"OBCI\u0104\u017bNIKI CARBON 1KG"}]},{"@type":"WebSite","@id":"https:\/\/trece-store.com\/en\/#website","url":"https:\/\/trece-store.com\/en\/","name":"TR\u00c9CE","description":"Nasz\u0105 misj\u0105 jest dostarczanie najwy\u017cszej jako\u015bci produkt\u00f3w, dzi\u0119ki kt\u00f3rym pozostaniesz w strefie komfortu, wyra\u017caj\u0105c przy tym sw\u00f3j styl i osobowo\u015b\u0107.","publisher":{"@id":"https:\/\/trece-store.com\/en\/#organization"},"potentialAction":[{"@type":"SearchAction","target":{"@type":"EntryPoint","urlTemplate":"https:\/\/trece-store.com\/en\/?s={search_term_string}"},"query-input":{"@type":"PropertyValueSpecification","valueRequired":true,"valueName":"search_term_string"}}],"inLanguage":"en-US"},{"@type":"Organization","@id":"https:\/\/trece-store.com\/en\/#organization","name":"Nasz\u0105 misj\u0105 jest dostarczanie najwy\u017cszej jako\u015bci produkt\u00f3w, dzi\u0119ki kt\u00f3rym pozostaniesz w strefie komfortu, wyra\u017caj\u0105c przy tym sw\u00f3j styl i osobowo\u015b\u0107.","url":"https:\/\/trece-store.com\/en\/","logo":{"@type":"ImageObject","inLanguage":"en-US","@id":"https:\/\/trece-store.com\/en\/#\/schema\/logo\/image\/","url":"https:\/\/trece-store.com\/wp-content\/uploads\/2024\/05\/favicon.png","contentUrl":"https:\/\/trece-store.com\/wp-content\/uploads\/2024\/05\/favicon.png","width":1024,"height":1024,"caption":"Nasz\u0105 misj\u0105 jest dostarczanie najwy\u017cszej jako\u015bci produkt\u00f3w, dzi\u0119ki kt\u00f3rym pozostaniesz w strefie komfortu, wyra\u017caj\u0105c przy tym sw\u00f3j styl i osobowo\u015b\u0107."},"image":{"@id":"https:\/\/trece-store.com\/en\/#\/schema\/logo\/image\/"},"sameAs":["https:\/\/www.instagram.com\/trece.pl?igsh=anphbGVhdTJ2NzJ1&utm_source=qr","https:\/\/pin.it\/4zE4LLDCh","https:\/\/www.tiktok.com\/@trece_pl?_t=8mEyJAfSYYi&_r=1"]}]}},"_links":{"self":[{"href":"https:\/\/trece-store.com\/en\/wp-json\/wp\/v2\/product\/5765","targetHints":{"allow":["GET"]}}],"collection":[{"href":"https:\/\/trece-store.com\/en\/wp-json\/wp\/v2\/product"}],"about":[{"href":"https:\/\/trece-store.com\/en\/wp-json\/wp\/v2\/types\/product"}],"wp:featuredmedia":[{"embeddable":true,"href":"https:\/\/trece-store.com\/en\/wp-json\/wp\/v2\/media\/5884"}],"wp:attachment":[{"href":"https:\/\/trece-store.com\/en\/wp-json\/wp\/v2\/media?parent=5765"}],"wp:term":[{"taxonomy":"product_brand","embeddable":true,"href":"https:\/\/trece-store.com\/en\/wp-json\/wp\/v2\/product_brand?post=5765"},{"taxonomy":"product_cat","embeddable":true,"href":"https:\/\/trece-store.com\/en\/wp-json\/wp\/v2\/product_cat?post=5765"},{"taxonomy":"product_tag","embeddable":true,"href":"https:\/\/trece-store.com\/en\/wp-json\/wp\/v2\/product_tag?post=5765"}],"curies":[{"name":"wp","href":"https:\/\/api.w.org\/{rel}","templated":true}]}}