{"id":5737,"date":"2025-04-22T19:31:12","date_gmt":"2025-04-22T17:31:12","guid":{"rendered":"https:\/\/trece-store.com\/?post_type=product&#038;p=5737"},"modified":"2025-12-11T13:09:12","modified_gmt":"2025-12-11T12:09:12","slug":"cloud","status":"publish","type":"product","link":"https:\/\/trece-store.com\/en\/produkt\/cloud\/","title":{"rendered":"MATY CLOUD: BABY PINK"},"content":{"rendered":"<section class=\"l-section wpb_row height_custom\"><div class=\"l-section-h i-cf\"><div class=\"g-cols vc_row via_flex valign_top type_default stacking_default\"><div class=\"vc_col-sm-12 wpb_column vc_column_container\"><div class=\"vc_column-inner\"><div class=\"wpb_wrapper\"><div class=\"wpb_text_column\"><div class=\"wpb_wrapper\"><p class=\"\" data-start=\"229\" data-end=\"486\">Poznaj mat\u0119 <strong data-start=\"241\" data-end=\"250\">CLOUD \u2601\ufe0f<\/strong> \u2013 nasz\u0105 najnowsz\u0105 propozycj\u0119 dla mi\u0142o\u015bnik\u00f3w \u015bwiadomej praktyki. Wykonana z biodegradowalnego kauczuku i mi\u0119kkiej, ch\u0142onnej mikrofibry z recyklingowanego plastiku (rPET), zapewnia doskona\u0142\u0105 r\u00f3wnowag\u0119 mi\u0119dzy komfortem a funkcjonalno\u015bci\u0105.<\/p>\n<h3 data-start=\"229\" data-end=\"486\">Dost\u0119pna w \u00a0subtelnych, eleganckich kolorach:<\/h3>\n<p data-start=\"229\" data-end=\"486\"><strong data-start=\"544\" data-end=\"559\">\ud83c\udf80Pudrowy r\u00f3\u017c, <\/strong><\/p>\n<p data-start=\"229\" data-end=\"486\">kolor sezonu <strong data-start=\"565\" data-end=\"581\">Mocha Mousse,<\/strong><strong data-start=\"565\" data-end=\"581\">\u00a0<\/strong><\/p>\n<p data-start=\"229\" data-end=\"486\"><strong>Gwiezdna szaro\u015b\u0107<\/strong>,<\/p>\n<p data-start=\"229\" data-end=\"486\"><strong>Cherry Red<\/strong><\/p>\n<p class=\"\" data-start=\"830\" data-end=\"886\"><strong data-start=\"830\" data-end=\"842\">Wymiary:<\/strong> 190 x 68 cm<br data-start=\"854\" data-end=\"857\" \/><strong data-start=\"857\" data-end=\"879\">Grubo\u015b\u0107 ca\u0142kowita:<\/strong> 3,5 mm<\/p>\n<p class=\"\" data-start=\"888\" data-end=\"1143\"><strong data-start=\"798\" data-end=\"931\"><span>Du\u017cy rozmiar sprawia, \u017ce mata CLOUD zapewnia komfortow\u0105 przestrze\u0144 do ruchu i<\/span>\u00a0doskonale sprawdzi si\u0119 nawet podczas najbardziej intensywnej praktyki \u2013 idealna do jogi, pilatesu i trening\u00f3w fitness.<\/strong><span> <\/span><\/p>\n<p class=\"\" data-start=\"888\" data-end=\"1143\"><span>Na pocz\u0105tku mo\u017ce wydawa\u0107 si\u0119 lekko \u015bliska \u2013 to ca\u0142kowicie normalne. Z ka\u017cdym u\u017cyciem mikrofibra staje si\u0119 bardziej chropowata, a przyczepno\u015b\u0107 jeszcze lepsza.<\/span><\/p>\n<p class=\"\" data-start=\"1145\" data-end=\"1240\"><strong data-start=\"1148\" data-end=\"1160\">Pro tip:<\/strong> Spryskaj mat\u0119 wod\u0105 lub zwil\u017c d\u0142onie i stopy, by od razu zwi\u0119kszy\u0107 przyczepno\u015b\u0107.<\/p>\n<p data-start=\"1145\" data-end=\"1240\"><span>\u267b\ufe0f Produkt nadaje si\u0119 do recyklingu. <\/span><\/p>\n<h3 class=\"\" data-start=\"1242\" data-end=\"1278\"><strong data-start=\"1246\" data-end=\"1276\">Czyszczenie i piel\u0119gnacja:<\/strong><\/h3>\n<p class=\"\" data-start=\"1279\" data-end=\"1437\">Przecieraj wilgotn\u0105 \u015bciereczk\u0105 po ka\u017cdym u\u017cyciu. W razie potrzeby pierz w pralce w maks. 30\u00b0C \u2013 bez detergent\u00f3w. Nie susz w suszarce b\u0119bnowej. Susz na p\u0142asko.<\/p>\n<p data-start=\"1234\" data-end=\"1396\"><span>Naszych dostawc\u00f3w znamy osobi\u015bcie i wsp\u00f3\u0142pracujemy wy\u0142\u0105cznie ze sprawdzonymi fabrykami, kt\u00f3re spe\u0142niaj\u0105 nasze standardy jako\u015bci.<\/span><\/p>\n<p data-start=\"1234\" data-end=\"1396\"><span>Wyprodukowano w Chinach. <\/span><\/p>\n<\/div><\/div><\/div><\/div><\/div><\/div><\/div><\/section>\n","protected":false},"excerpt":{"rendered":"Poznaj mat\u0119 CLOUD \u2601\ufe0f \u2013 nasz\u0105 najnowsz\u0105 propozycj\u0119 dla mi\u0142o\u015bnik\u00f3w \u015bwiadomej praktyki. Wykonana z biodegradowalnego kauczuku i mi\u0119kkiej, ch\u0142onnej mikrofibry z recyklingowanego plastiku (rPET), zapewnia doskona\u0142\u0105 r\u00f3wnowag\u0119 mi\u0119dzy komfortem a funkcjonalno\u015bci\u0105. Dost\u0119pna w \u00a0subtelnych, eleganckich kolorach: \ud83c\udf80Pudrowy r\u00f3\u017c, kolor sezonu Mocha Mousse,\u00a0 Gwiezdna szaro\u015b\u0107, Cherry Red Wymiary: 190 x 68 cmGrubo\u015b\u0107 ca\u0142kowita: 3,5 mm Du\u017cy...","protected":false},"featured_media":5805,"template":"","meta":[],"product_brand":[],"product_cat":[158,143,161],"product_tag":[],"class_list":{"0":"post-5737","1":"product","2":"type-product","3":"status-publish","4":"has-post-thumbnail","6":"product_cat-blush","7":"product_cat-maty-treningowe","8":"product_cat-wszystkie","9":"product_shipping_class-niedopaczkomatu","11":"first","12":"instock","13":"taxable","14":"shipping-taxable","15":"purchasable","16":"product-type-simple"},"yoast_head":"<!-- This site is optimized with the Yoast SEO plugin v27.1.1 - https:\/\/yoast.com\/product\/yoast-seo-wordpress\/ -->\n<title>MATY CLOUD: BABY PINK - TR\u00c9CE<\/title>\n<meta name=\"robots\" content=\"index, follow, max-snippet:-1, max-image-preview:large, max-video-preview:-1\" \/>\n<link rel=\"canonical\" href=\"https:\/\/trece-store.com\/en\/produkt\/cloud\/\" \/>\n<meta property=\"og:locale\" content=\"en_US\" \/>\n<meta property=\"og:type\" content=\"article\" \/>\n<meta property=\"og:title\" content=\"MATY CLOUD: BABY PINK - TR\u00c9CE\" \/>\n<meta property=\"og:url\" content=\"https:\/\/trece-store.com\/en\/produkt\/cloud\/\" \/>\n<meta property=\"og:site_name\" content=\"TR\u00c9CE\" \/>\n<meta property=\"article:modified_time\" content=\"2025-12-11T12:09:12+00:00\" \/>\n<meta property=\"og:image\" content=\"https:\/\/trece-store.com\/wp-content\/uploads\/2025\/04\/\u0421\u0435\u0441\u0441\u0438\u044f-\u0431\u0435\u0437-\u043d\u0430\u0437\u0432\u0430\u043d\u0438\u044f15598-scaled.jpeg\" \/>\n\t<meta property=\"og:image:width\" content=\"1705\" \/>\n\t<meta property=\"og:image:height\" content=\"2560\" \/>\n\t<meta property=\"og:image:type\" content=\"image\/jpeg\" \/>\n<meta name=\"twitter:card\" content=\"summary_large_image\" \/>\n<meta name=\"twitter:label1\" content=\"Est. reading time\" \/>\n\t<meta name=\"twitter:data1\" content=\"2 minutes\" \/>\n<script type=\"application\/ld+json\" class=\"yoast-schema-graph\">{\"@context\":\"https:\/\/schema.org\",\"@graph\":[{\"@type\":\"WebPage\",\"@id\":\"https:\/\/trece-store.com\/en\/produkt\/cloud\/\",\"url\":\"https:\/\/trece-store.com\/en\/produkt\/cloud\/\",\"name\":\"MATY CLOUD: BABY PINK - TR\u00c9CE\",\"isPartOf\":{\"@id\":\"https:\/\/trece-store.com\/en\/#website\"},\"primaryImageOfPage\":{\"@id\":\"https:\/\/trece-store.com\/en\/produkt\/cloud\/#primaryimage\"},\"image\":{\"@id\":\"https:\/\/trece-store.com\/en\/produkt\/cloud\/#primaryimage\"},\"thumbnailUrl\":\"https:\/\/trece-store.com\/wp-content\/uploads\/2025\/04\/\u0421\u0435\u0441\u0441\u0438\u044f-\u0431\u0435\u0437-\u043d\u0430\u0437\u0432\u0430\u043d\u0438\u044f15598-scaled.jpeg\",\"datePublished\":\"2025-04-22T17:31:12+00:00\",\"dateModified\":\"2025-12-11T12:09:12+00:00\",\"breadcrumb\":{\"@id\":\"https:\/\/trece-store.com\/en\/produkt\/cloud\/#breadcrumb\"},\"inLanguage\":\"en-US\",\"potentialAction\":[{\"@type\":\"ReadAction\",\"target\":[\"https:\/\/trece-store.com\/en\/produkt\/cloud\/\"]}]},{\"@type\":\"ImageObject\",\"inLanguage\":\"en-US\",\"@id\":\"https:\/\/trece-store.com\/en\/produkt\/cloud\/#primaryimage\",\"url\":\"https:\/\/trece-store.com\/wp-content\/uploads\/2025\/04\/\u0421\u0435\u0441\u0441\u0438\u044f-\u0431\u0435\u0437-\u043d\u0430\u0437\u0432\u0430\u043d\u0438\u044f15598-scaled.jpeg\",\"contentUrl\":\"https:\/\/trece-store.com\/wp-content\/uploads\/2025\/04\/\u0421\u0435\u0441\u0441\u0438\u044f-\u0431\u0435\u0437-\u043d\u0430\u0437\u0432\u0430\u043d\u0438\u044f15598-scaled.jpeg\",\"width\":1705,\"height\":2560},{\"@type\":\"BreadcrumbList\",\"@id\":\"https:\/\/trece-store.com\/en\/produkt\/cloud\/#breadcrumb\",\"itemListElement\":[{\"@type\":\"ListItem\",\"position\":1,\"name\":\"Strona g\u0142\u00f3wna\",\"item\":\"https:\/\/trece-store.com\/en\/\"},{\"@type\":\"ListItem\",\"position\":2,\"name\":\"Shop\",\"item\":\"https:\/\/trece-store.com\/en\/shop\/\"},{\"@type\":\"ListItem\",\"position\":3,\"name\":\"MATY CLOUD: BABY PINK\"}]},{\"@type\":\"WebSite\",\"@id\":\"https:\/\/trece-store.com\/en\/#website\",\"url\":\"https:\/\/trece-store.com\/en\/\",\"name\":\"TR\u00c9CE\",\"description\":\"Nasz\u0105 misj\u0105 jest dostarczanie najwy\u017cszej jako\u015bci produkt\u00f3w, dzi\u0119ki kt\u00f3rym pozostaniesz w strefie komfortu, wyra\u017caj\u0105c przy tym sw\u00f3j styl i osobowo\u015b\u0107.\",\"publisher\":{\"@id\":\"https:\/\/trece-store.com\/en\/#organization\"},\"potentialAction\":[{\"@type\":\"SearchAction\",\"target\":{\"@type\":\"EntryPoint\",\"urlTemplate\":\"https:\/\/trece-store.com\/en\/?s={search_term_string}\"},\"query-input\":{\"@type\":\"PropertyValueSpecification\",\"valueRequired\":true,\"valueName\":\"search_term_string\"}}],\"inLanguage\":\"en-US\"},{\"@type\":\"Organization\",\"@id\":\"https:\/\/trece-store.com\/en\/#organization\",\"name\":\"Nasz\u0105 misj\u0105 jest dostarczanie najwy\u017cszej jako\u015bci produkt\u00f3w, dzi\u0119ki kt\u00f3rym pozostaniesz w strefie komfortu, wyra\u017caj\u0105c przy tym sw\u00f3j styl i osobowo\u015b\u0107.\",\"url\":\"https:\/\/trece-store.com\/en\/\",\"logo\":{\"@type\":\"ImageObject\",\"inLanguage\":\"en-US\",\"@id\":\"https:\/\/trece-store.com\/en\/#\/schema\/logo\/image\/\",\"url\":\"https:\/\/trece-store.com\/wp-content\/uploads\/2024\/05\/favicon.png\",\"contentUrl\":\"https:\/\/trece-store.com\/wp-content\/uploads\/2024\/05\/favicon.png\",\"width\":1024,\"height\":1024,\"caption\":\"Nasz\u0105 misj\u0105 jest dostarczanie najwy\u017cszej jako\u015bci produkt\u00f3w, dzi\u0119ki kt\u00f3rym pozostaniesz w strefie komfortu, wyra\u017caj\u0105c przy tym sw\u00f3j styl i osobowo\u015b\u0107.\"},\"image\":{\"@id\":\"https:\/\/trece-store.com\/en\/#\/schema\/logo\/image\/\"},\"sameAs\":[\"https:\/\/www.instagram.com\/trece.pl?igsh=anphbGVhdTJ2NzJ1&utm_source=qr\",\"https:\/\/pin.it\/4zE4LLDCh\",\"https:\/\/www.tiktok.com\/@trece_pl?_t=8mEyJAfSYYi&_r=1\"]}]}<\/script>\n<!-- \/ Yoast SEO plugin. -->","yoast_head_json":{"title":"MATY CLOUD: BABY PINK - TR\u00c9CE","robots":{"index":"index","follow":"follow","max-snippet":"max-snippet:-1","max-image-preview":"max-image-preview:large","max-video-preview":"max-video-preview:-1"},"canonical":"https:\/\/trece-store.com\/en\/produkt\/cloud\/","og_locale":"en_US","og_type":"article","og_title":"MATY CLOUD: BABY PINK - TR\u00c9CE","og_url":"https:\/\/trece-store.com\/en\/produkt\/cloud\/","og_site_name":"TR\u00c9CE","article_modified_time":"2025-12-11T12:09:12+00:00","og_image":[{"width":1705,"height":2560,"url":"https:\/\/trece-store.com\/wp-content\/uploads\/2025\/04\/\u0421\u0435\u0441\u0441\u0438\u044f-\u0431\u0435\u0437-\u043d\u0430\u0437\u0432\u0430\u043d\u0438\u044f15598-scaled.jpeg","type":"image\/jpeg"}],"twitter_card":"summary_large_image","twitter_misc":{"Est. reading time":"2 minutes"},"schema":{"@context":"https:\/\/schema.org","@graph":[{"@type":"WebPage","@id":"https:\/\/trece-store.com\/en\/produkt\/cloud\/","url":"https:\/\/trece-store.com\/en\/produkt\/cloud\/","name":"MATY CLOUD: BABY PINK - TR\u00c9CE","isPartOf":{"@id":"https:\/\/trece-store.com\/en\/#website"},"primaryImageOfPage":{"@id":"https:\/\/trece-store.com\/en\/produkt\/cloud\/#primaryimage"},"image":{"@id":"https:\/\/trece-store.com\/en\/produkt\/cloud\/#primaryimage"},"thumbnailUrl":"https:\/\/trece-store.com\/wp-content\/uploads\/2025\/04\/\u0421\u0435\u0441\u0441\u0438\u044f-\u0431\u0435\u0437-\u043d\u0430\u0437\u0432\u0430\u043d\u0438\u044f15598-scaled.jpeg","datePublished":"2025-04-22T17:31:12+00:00","dateModified":"2025-12-11T12:09:12+00:00","breadcrumb":{"@id":"https:\/\/trece-store.com\/en\/produkt\/cloud\/#breadcrumb"},"inLanguage":"en-US","potentialAction":[{"@type":"ReadAction","target":["https:\/\/trece-store.com\/en\/produkt\/cloud\/"]}]},{"@type":"ImageObject","inLanguage":"en-US","@id":"https:\/\/trece-store.com\/en\/produkt\/cloud\/#primaryimage","url":"https:\/\/trece-store.com\/wp-content\/uploads\/2025\/04\/\u0421\u0435\u0441\u0441\u0438\u044f-\u0431\u0435\u0437-\u043d\u0430\u0437\u0432\u0430\u043d\u0438\u044f15598-scaled.jpeg","contentUrl":"https:\/\/trece-store.com\/wp-content\/uploads\/2025\/04\/\u0421\u0435\u0441\u0441\u0438\u044f-\u0431\u0435\u0437-\u043d\u0430\u0437\u0432\u0430\u043d\u0438\u044f15598-scaled.jpeg","width":1705,"height":2560},{"@type":"BreadcrumbList","@id":"https:\/\/trece-store.com\/en\/produkt\/cloud\/#breadcrumb","itemListElement":[{"@type":"ListItem","position":1,"name":"Strona g\u0142\u00f3wna","item":"https:\/\/trece-store.com\/en\/"},{"@type":"ListItem","position":2,"name":"Shop","item":"https:\/\/trece-store.com\/en\/shop\/"},{"@type":"ListItem","position":3,"name":"MATY CLOUD: BABY PINK"}]},{"@type":"WebSite","@id":"https:\/\/trece-store.com\/en\/#website","url":"https:\/\/trece-store.com\/en\/","name":"TR\u00c9CE","description":"Nasz\u0105 misj\u0105 jest dostarczanie najwy\u017cszej jako\u015bci produkt\u00f3w, dzi\u0119ki kt\u00f3rym pozostaniesz w strefie komfortu, wyra\u017caj\u0105c przy tym sw\u00f3j styl i osobowo\u015b\u0107.","publisher":{"@id":"https:\/\/trece-store.com\/en\/#organization"},"potentialAction":[{"@type":"SearchAction","target":{"@type":"EntryPoint","urlTemplate":"https:\/\/trece-store.com\/en\/?s={search_term_string}"},"query-input":{"@type":"PropertyValueSpecification","valueRequired":true,"valueName":"search_term_string"}}],"inLanguage":"en-US"},{"@type":"Organization","@id":"https:\/\/trece-store.com\/en\/#organization","name":"Nasz\u0105 misj\u0105 jest dostarczanie najwy\u017cszej jako\u015bci produkt\u00f3w, dzi\u0119ki kt\u00f3rym pozostaniesz w strefie komfortu, wyra\u017caj\u0105c przy tym sw\u00f3j styl i osobowo\u015b\u0107.","url":"https:\/\/trece-store.com\/en\/","logo":{"@type":"ImageObject","inLanguage":"en-US","@id":"https:\/\/trece-store.com\/en\/#\/schema\/logo\/image\/","url":"https:\/\/trece-store.com\/wp-content\/uploads\/2024\/05\/favicon.png","contentUrl":"https:\/\/trece-store.com\/wp-content\/uploads\/2024\/05\/favicon.png","width":1024,"height":1024,"caption":"Nasz\u0105 misj\u0105 jest dostarczanie najwy\u017cszej jako\u015bci produkt\u00f3w, dzi\u0119ki kt\u00f3rym pozostaniesz w strefie komfortu, wyra\u017caj\u0105c przy tym sw\u00f3j styl i osobowo\u015b\u0107."},"image":{"@id":"https:\/\/trece-store.com\/en\/#\/schema\/logo\/image\/"},"sameAs":["https:\/\/www.instagram.com\/trece.pl?igsh=anphbGVhdTJ2NzJ1&utm_source=qr","https:\/\/pin.it\/4zE4LLDCh","https:\/\/www.tiktok.com\/@trece_pl?_t=8mEyJAfSYYi&_r=1"]}]}},"_links":{"self":[{"href":"https:\/\/trece-store.com\/en\/wp-json\/wp\/v2\/product\/5737","targetHints":{"allow":["GET"]}}],"collection":[{"href":"https:\/\/trece-store.com\/en\/wp-json\/wp\/v2\/product"}],"about":[{"href":"https:\/\/trece-store.com\/en\/wp-json\/wp\/v2\/types\/product"}],"wp:featuredmedia":[{"embeddable":true,"href":"https:\/\/trece-store.com\/en\/wp-json\/wp\/v2\/media\/5805"}],"wp:attachment":[{"href":"https:\/\/trece-store.com\/en\/wp-json\/wp\/v2\/media?parent=5737"}],"wp:term":[{"taxonomy":"product_brand","embeddable":true,"href":"https:\/\/trece-store.com\/en\/wp-json\/wp\/v2\/product_brand?post=5737"},{"taxonomy":"product_cat","embeddable":true,"href":"https:\/\/trece-store.com\/en\/wp-json\/wp\/v2\/product_cat?post=5737"},{"taxonomy":"product_tag","embeddable":true,"href":"https:\/\/trece-store.com\/en\/wp-json\/wp\/v2\/product_tag?post=5737"}],"curies":[{"name":"wp","href":"https:\/\/api.w.org\/{rel}","templated":true}]}}