{"id":5242,"date":"2024-07-30T13:14:26","date_gmt":"2024-07-30T11:14:26","guid":{"rendered":"https:\/\/trece-store.com\/?post_type=product&#038;p=5242"},"modified":"2026-04-13T19:16:39","modified_gmt":"2026-04-13T17:16:39","slug":"kubek-termiczny","status":"publish","type":"product","link":"https:\/\/trece-store.com\/en\/produkt\/kubek-termiczny\/","title":{"rendered":"KUBEK TERMICZNY"},"content":{"rendered":"<section class=\"l-section wpb_row height_custom\"><div class=\"l-section-h i-cf\"><div class=\"g-cols vc_row via_flex valign_top type_default stacking_default\"><div class=\"vc_col-sm-12 wpb_column vc_column_container\"><div class=\"vc_column-inner\"><div class=\"wpb_wrapper\"><div class=\"wpb_text_column\"><div class=\"wpb_wrapper\"><p><strong data-start=\"166\" data-end=\"192\">Kubek termiczny 710 ml<\/strong><br data-start=\"192\" data-end=\"195\" \/><span>stal nierdzewna \u2022 ograniczona ilo\u015b\u0107 \u2022\u00a0<\/span><\/p>\n<p><span>Tw\u00f3j nap\u00f3j, zawsze w idealnej temperaturze:<\/span><br data-start=\"313\" data-end=\"316\" \/><span>\ud83d\udd25<\/span><strong data-start=\"319\" data-end=\"336\">do 12h ciep\u0142a<\/strong><br data-start=\"336\" data-end=\"339\" \/><span>\u2744\ufe0f <\/span><strong data-start=\"342\" data-end=\"359\">do 24h ch\u0142odu<\/strong><br data-start=\"359\" data-end=\"362\" \/><span>Perfekcyjny do kawy, herbaty lub lemoniady w letni dzie\u0144.<\/span><\/p>\n<h3 class=\"\" data-start=\"426\" data-end=\"451\">\u00a0Dwie opcje picia<\/h3>\n<p class=\"\" data-start=\"452\" data-end=\"597\">Wybierz to, co dla Ciebie wygodniejsze:<br data-start=\"491\" data-end=\"494\" \/>\u27a4 <strong data-start=\"496\" data-end=\"506\">Ustnik<\/strong> \u2013 szybki \u0142yk w biegu<br data-start=\"527\" data-end=\"530\" \/>\u27a4 <strong data-start=\"532\" data-end=\"542\">S\u0142omka<\/strong> \u2013 powolne s\u0105czenie, bez wysi\u0142ku (do\u0142\u0105czona do zestawu)<\/p>\n<h3 class=\"\" data-start=\"604\" data-end=\"638\">Kolory edycji limitowanej<\/h3>\n<p class=\"\" data-start=\"639\" data-end=\"753\"><strong data-start=\"642\" data-end=\"651\">\ud83e\udebbLilia<\/strong><br data-start=\"651\" data-end=\"654\" \/><strong data-start=\"657\" data-end=\"674\">\ud83e\uddc8Butter Yellow<\/strong>Subtelne, delikatne, inne ni\u017c wszystkie. Dost\u0119pno\u015b\u0107? <strong data-start=\"730\" data-end=\"753\">Bardzo ograniczona.<\/strong><\/p>\n<h3 class=\"\" data-start=\"760\" data-end=\"801\">Praktyczno\u015b\u0107, kt\u00f3ra ma znaczenie<\/h3>\n<p class=\"\" data-start=\"802\" data-end=\"962\">\u2714\ufe0f Pasuje do uchwytu samochodowego<br data-start=\"836\" data-end=\"839\" \/>\u2714\ufe0f Stabilna silikonowa podstawka \u2013 zero przesuwania, zero frustracji<br data-start=\"907\" data-end=\"910\" \/>\u2714\ufe0f W biurze, w domu, w drodze \u2013 zawsze tam, gdzie Ty<\/p>\n<h3 class=\"\" data-start=\"969\" data-end=\"985\">\ud83d\udccf\u00a0Wymiary<\/h3>\n<p class=\"\" data-start=\"986\" data-end=\"1084\">Wysoko\u015b\u0107: 22.5 cm<br data-start=\"1006\" data-end=\"1009\" \/>Szeroko\u015b\u0107 podstawy: 7.4 cm<br data-start=\"1038\" data-end=\"1041\" \/>Pojemno\u015b\u0107: 710 ml<br data-start=\"1061\" data-end=\"1064\" \/>S\u0142omka w zestawie<\/p>\n<p data-start=\"1234\" data-end=\"1396\"><span>Wyprodukowano w Chinach. <\/span><\/p>\n<\/div><\/div><\/div><\/div><\/div><\/div><\/div><\/section>\n","protected":false},"excerpt":{"rendered":"Kubek termiczny 710 mlstal nierdzewna \u2022 ograniczona ilo\u015b\u0107 \u2022\u00a0 Tw\u00f3j nap\u00f3j, zawsze w idealnej temperaturze:\ud83d\udd25do 12h ciep\u0142a\u2744\ufe0f do 24h ch\u0142oduPerfekcyjny do kawy, herbaty lub lemoniady w letni dzie\u0144. \u00a0Dwie opcje picia Wybierz to, co dla Ciebie wygodniejsze:\u27a4 Ustnik \u2013 szybki \u0142yk w biegu\u27a4 S\u0142omka \u2013 powolne s\u0105czenie, bez wysi\u0142ku (do\u0142\u0105czona do zestawu) Kolory edycji limitowanej...","protected":false},"featured_media":5257,"template":"","meta":[],"product_brand":[],"product_cat":[145,168,161],"product_tag":[],"class_list":{"0":"post-5242","1":"product","2":"type-product","3":"status-publish","4":"has-post-thumbnail","6":"product_cat-butelki-termiczne","7":"product_cat-sale","8":"product_cat-wszystkie","10":"first","11":"instock","12":"sale","13":"taxable","14":"shipping-taxable","15":"purchasable","16":"product-type-variable"},"yoast_head":"<!-- This site is optimized with the Yoast SEO plugin v27.3 - https:\/\/yoast.com\/product\/yoast-seo-wordpress\/ -->\n<title>KUBEK TERMICZNY - TR\u00c9CE<\/title>\n<meta name=\"description\" content=\"Limitowany kubek termiczny ze stali nierdzewnej 710 ml z podw\u00f3jn\u0105 opcj\u0105 picia, pasuj\u0105cy do uchwyt\u00f3w samochodowych, w kolorach jagodowym i bananowym.\" \/>\n<meta name=\"robots\" content=\"index, follow, max-snippet:-1, max-image-preview:large, max-video-preview:-1\" \/>\n<link rel=\"canonical\" href=\"https:\/\/trece-store.com\/en\/produkt\/kubek-termiczny\/\" \/>\n<meta property=\"og:locale\" content=\"en_US\" \/>\n<meta property=\"og:type\" content=\"article\" \/>\n<meta property=\"og:title\" content=\"KUBEK TERMICZNY - TR\u00c9CE\" \/>\n<meta property=\"og:description\" content=\"Limitowany kubek termiczny ze stali nierdzewnej 710 ml z podw\u00f3jn\u0105 opcj\u0105 picia, pasuj\u0105cy do uchwyt\u00f3w samochodowych, w kolorach jagodowym i bananowym.\" \/>\n<meta property=\"og:url\" content=\"https:\/\/trece-store.com\/en\/produkt\/kubek-termiczny\/\" \/>\n<meta property=\"og:site_name\" content=\"TR\u00c9CE\" \/>\n<meta property=\"article:modified_time\" content=\"2026-04-13T17:16:39+00:00\" \/>\n<meta property=\"og:image\" content=\"https:\/\/trece-store.com\/wp-content\/uploads\/2024\/07\/kubki-2-3.jpg\" \/>\n\t<meta property=\"og:image:width\" content=\"1705\" \/>\n\t<meta property=\"og:image:height\" content=\"2560\" \/>\n\t<meta property=\"og:image:type\" content=\"image\/jpeg\" \/>\n<meta name=\"twitter:card\" content=\"summary_large_image\" \/>\n<meta name=\"twitter:label1\" content=\"Est. reading time\" \/>\n\t<meta name=\"twitter:data1\" content=\"1 minute\" \/>\n<script type=\"application\/ld+json\" class=\"yoast-schema-graph\">{\"@context\":\"https:\\\/\\\/schema.org\",\"@graph\":[{\"@type\":\"WebPage\",\"@id\":\"https:\\\/\\\/trece-store.com\\\/en\\\/produkt\\\/kubek-termiczny\\\/\",\"url\":\"https:\\\/\\\/trece-store.com\\\/en\\\/produkt\\\/kubek-termiczny\\\/\",\"name\":\"KUBEK TERMICZNY - TR\u00c9CE\",\"isPartOf\":{\"@id\":\"https:\\\/\\\/trece-store.com\\\/en\\\/#website\"},\"primaryImageOfPage\":{\"@id\":\"https:\\\/\\\/trece-store.com\\\/en\\\/produkt\\\/kubek-termiczny\\\/#primaryimage\"},\"image\":{\"@id\":\"https:\\\/\\\/trece-store.com\\\/en\\\/produkt\\\/kubek-termiczny\\\/#primaryimage\"},\"thumbnailUrl\":\"https:\\\/\\\/trece-store.com\\\/wp-content\\\/uploads\\\/2024\\\/07\\\/kubki-2-3.jpg\",\"datePublished\":\"2024-07-30T11:14:26+00:00\",\"dateModified\":\"2026-04-13T17:16:39+00:00\",\"description\":\"Limitowany kubek termiczny ze stali nierdzewnej 710 ml z podw\u00f3jn\u0105 opcj\u0105 picia, pasuj\u0105cy do uchwyt\u00f3w samochodowych, w kolorach jagodowym i bananowym.\",\"breadcrumb\":{\"@id\":\"https:\\\/\\\/trece-store.com\\\/en\\\/produkt\\\/kubek-termiczny\\\/#breadcrumb\"},\"inLanguage\":\"en-US\",\"potentialAction\":[{\"@type\":\"ReadAction\",\"target\":[\"https:\\\/\\\/trece-store.com\\\/en\\\/produkt\\\/kubek-termiczny\\\/\"]}]},{\"@type\":\"ImageObject\",\"inLanguage\":\"en-US\",\"@id\":\"https:\\\/\\\/trece-store.com\\\/en\\\/produkt\\\/kubek-termiczny\\\/#primaryimage\",\"url\":\"https:\\\/\\\/trece-store.com\\\/wp-content\\\/uploads\\\/2024\\\/07\\\/kubki-2-3.jpg\",\"contentUrl\":\"https:\\\/\\\/trece-store.com\\\/wp-content\\\/uploads\\\/2024\\\/07\\\/kubki-2-3.jpg\",\"width\":1705,\"height\":2560},{\"@type\":\"BreadcrumbList\",\"@id\":\"https:\\\/\\\/trece-store.com\\\/en\\\/produkt\\\/kubek-termiczny\\\/#breadcrumb\",\"itemListElement\":[{\"@type\":\"ListItem\",\"position\":1,\"name\":\"Strona g\u0142\u00f3wna\",\"item\":\"https:\\\/\\\/trece-store.com\\\/en\\\/\"},{\"@type\":\"ListItem\",\"position\":2,\"name\":\"Shop\",\"item\":\"https:\\\/\\\/trece-store.com\\\/en\\\/shop\\\/\"},{\"@type\":\"ListItem\",\"position\":3,\"name\":\"KUBEK TERMICZNY\"}]},{\"@type\":\"WebSite\",\"@id\":\"https:\\\/\\\/trece-store.com\\\/en\\\/#website\",\"url\":\"https:\\\/\\\/trece-store.com\\\/en\\\/\",\"name\":\"TR\u00c9CE\",\"description\":\"Nasz\u0105 misj\u0105 jest dostarczanie najwy\u017cszej jako\u015bci produkt\u00f3w, dzi\u0119ki kt\u00f3rym pozostaniesz w strefie komfortu, wyra\u017caj\u0105c przy tym sw\u00f3j styl i osobowo\u015b\u0107.\",\"publisher\":{\"@id\":\"https:\\\/\\\/trece-store.com\\\/en\\\/#organization\"},\"potentialAction\":[{\"@type\":\"SearchAction\",\"target\":{\"@type\":\"EntryPoint\",\"urlTemplate\":\"https:\\\/\\\/trece-store.com\\\/en\\\/?s={search_term_string}\"},\"query-input\":{\"@type\":\"PropertyValueSpecification\",\"valueRequired\":true,\"valueName\":\"search_term_string\"}}],\"inLanguage\":\"en-US\"},{\"@type\":\"Organization\",\"@id\":\"https:\\\/\\\/trece-store.com\\\/en\\\/#organization\",\"name\":\"Nasz\u0105 misj\u0105 jest dostarczanie najwy\u017cszej jako\u015bci produkt\u00f3w, dzi\u0119ki kt\u00f3rym pozostaniesz w strefie komfortu, wyra\u017caj\u0105c przy tym sw\u00f3j styl i osobowo\u015b\u0107.\",\"url\":\"https:\\\/\\\/trece-store.com\\\/en\\\/\",\"logo\":{\"@type\":\"ImageObject\",\"inLanguage\":\"en-US\",\"@id\":\"https:\\\/\\\/trece-store.com\\\/en\\\/#\\\/schema\\\/logo\\\/image\\\/\",\"url\":\"https:\\\/\\\/trece-store.com\\\/wp-content\\\/uploads\\\/2024\\\/05\\\/favicon.png\",\"contentUrl\":\"https:\\\/\\\/trece-store.com\\\/wp-content\\\/uploads\\\/2024\\\/05\\\/favicon.png\",\"width\":1024,\"height\":1024,\"caption\":\"Nasz\u0105 misj\u0105 jest dostarczanie najwy\u017cszej jako\u015bci produkt\u00f3w, dzi\u0119ki kt\u00f3rym pozostaniesz w strefie komfortu, wyra\u017caj\u0105c przy tym sw\u00f3j styl i osobowo\u015b\u0107.\"},\"image\":{\"@id\":\"https:\\\/\\\/trece-store.com\\\/en\\\/#\\\/schema\\\/logo\\\/image\\\/\"},\"sameAs\":[\"https:\\\/\\\/www.instagram.com\\\/trece.pl?igsh=anphbGVhdTJ2NzJ1&utm_source=qr\",\"https:\\\/\\\/pin.it\\\/4zE4LLDCh\",\"https:\\\/\\\/www.tiktok.com\\\/@trece_pl?_t=8mEyJAfSYYi&_r=1\"]}]}<\/script>\n<!-- \/ Yoast SEO plugin. -->","yoast_head_json":{"title":"KUBEK TERMICZNY - TR\u00c9CE","description":"Limitowany kubek termiczny ze stali nierdzewnej 710 ml z podw\u00f3jn\u0105 opcj\u0105 picia, pasuj\u0105cy do uchwyt\u00f3w samochodowych, w kolorach jagodowym i bananowym.","robots":{"index":"index","follow":"follow","max-snippet":"max-snippet:-1","max-image-preview":"max-image-preview:large","max-video-preview":"max-video-preview:-1"},"canonical":"https:\/\/trece-store.com\/en\/produkt\/kubek-termiczny\/","og_locale":"en_US","og_type":"article","og_title":"KUBEK TERMICZNY - TR\u00c9CE","og_description":"Limitowany kubek termiczny ze stali nierdzewnej 710 ml z podw\u00f3jn\u0105 opcj\u0105 picia, pasuj\u0105cy do uchwyt\u00f3w samochodowych, w kolorach jagodowym i bananowym.","og_url":"https:\/\/trece-store.com\/en\/produkt\/kubek-termiczny\/","og_site_name":"TR\u00c9CE","article_modified_time":"2026-04-13T17:16:39+00:00","og_image":[{"width":1705,"height":2560,"url":"https:\/\/trece-store.com\/wp-content\/uploads\/2024\/07\/kubki-2-3.jpg","type":"image\/jpeg"}],"twitter_card":"summary_large_image","twitter_misc":{"Est. reading time":"1 minute"},"schema":{"@context":"https:\/\/schema.org","@graph":[{"@type":"WebPage","@id":"https:\/\/trece-store.com\/en\/produkt\/kubek-termiczny\/","url":"https:\/\/trece-store.com\/en\/produkt\/kubek-termiczny\/","name":"KUBEK TERMICZNY - TR\u00c9CE","isPartOf":{"@id":"https:\/\/trece-store.com\/en\/#website"},"primaryImageOfPage":{"@id":"https:\/\/trece-store.com\/en\/produkt\/kubek-termiczny\/#primaryimage"},"image":{"@id":"https:\/\/trece-store.com\/en\/produkt\/kubek-termiczny\/#primaryimage"},"thumbnailUrl":"https:\/\/trece-store.com\/wp-content\/uploads\/2024\/07\/kubki-2-3.jpg","datePublished":"2024-07-30T11:14:26+00:00","dateModified":"2026-04-13T17:16:39+00:00","description":"Limitowany kubek termiczny ze stali nierdzewnej 710 ml z podw\u00f3jn\u0105 opcj\u0105 picia, pasuj\u0105cy do uchwyt\u00f3w samochodowych, w kolorach jagodowym i bananowym.","breadcrumb":{"@id":"https:\/\/trece-store.com\/en\/produkt\/kubek-termiczny\/#breadcrumb"},"inLanguage":"en-US","potentialAction":[{"@type":"ReadAction","target":["https:\/\/trece-store.com\/en\/produkt\/kubek-termiczny\/"]}]},{"@type":"ImageObject","inLanguage":"en-US","@id":"https:\/\/trece-store.com\/en\/produkt\/kubek-termiczny\/#primaryimage","url":"https:\/\/trece-store.com\/wp-content\/uploads\/2024\/07\/kubki-2-3.jpg","contentUrl":"https:\/\/trece-store.com\/wp-content\/uploads\/2024\/07\/kubki-2-3.jpg","width":1705,"height":2560},{"@type":"BreadcrumbList","@id":"https:\/\/trece-store.com\/en\/produkt\/kubek-termiczny\/#breadcrumb","itemListElement":[{"@type":"ListItem","position":1,"name":"Strona g\u0142\u00f3wna","item":"https:\/\/trece-store.com\/en\/"},{"@type":"ListItem","position":2,"name":"Shop","item":"https:\/\/trece-store.com\/en\/shop\/"},{"@type":"ListItem","position":3,"name":"KUBEK TERMICZNY"}]},{"@type":"WebSite","@id":"https:\/\/trece-store.com\/en\/#website","url":"https:\/\/trece-store.com\/en\/","name":"TR\u00c9CE","description":"Nasz\u0105 misj\u0105 jest dostarczanie najwy\u017cszej jako\u015bci produkt\u00f3w, dzi\u0119ki kt\u00f3rym pozostaniesz w strefie komfortu, wyra\u017caj\u0105c przy tym sw\u00f3j styl i osobowo\u015b\u0107.","publisher":{"@id":"https:\/\/trece-store.com\/en\/#organization"},"potentialAction":[{"@type":"SearchAction","target":{"@type":"EntryPoint","urlTemplate":"https:\/\/trece-store.com\/en\/?s={search_term_string}"},"query-input":{"@type":"PropertyValueSpecification","valueRequired":true,"valueName":"search_term_string"}}],"inLanguage":"en-US"},{"@type":"Organization","@id":"https:\/\/trece-store.com\/en\/#organization","name":"Nasz\u0105 misj\u0105 jest dostarczanie najwy\u017cszej jako\u015bci produkt\u00f3w, dzi\u0119ki kt\u00f3rym pozostaniesz w strefie komfortu, wyra\u017caj\u0105c przy tym sw\u00f3j styl i osobowo\u015b\u0107.","url":"https:\/\/trece-store.com\/en\/","logo":{"@type":"ImageObject","inLanguage":"en-US","@id":"https:\/\/trece-store.com\/en\/#\/schema\/logo\/image\/","url":"https:\/\/trece-store.com\/wp-content\/uploads\/2024\/05\/favicon.png","contentUrl":"https:\/\/trece-store.com\/wp-content\/uploads\/2024\/05\/favicon.png","width":1024,"height":1024,"caption":"Nasz\u0105 misj\u0105 jest dostarczanie najwy\u017cszej jako\u015bci produkt\u00f3w, dzi\u0119ki kt\u00f3rym pozostaniesz w strefie komfortu, wyra\u017caj\u0105c przy tym sw\u00f3j styl i osobowo\u015b\u0107."},"image":{"@id":"https:\/\/trece-store.com\/en\/#\/schema\/logo\/image\/"},"sameAs":["https:\/\/www.instagram.com\/trece.pl?igsh=anphbGVhdTJ2NzJ1&utm_source=qr","https:\/\/pin.it\/4zE4LLDCh","https:\/\/www.tiktok.com\/@trece_pl?_t=8mEyJAfSYYi&_r=1"]}]}},"_links":{"self":[{"href":"https:\/\/trece-store.com\/en\/wp-json\/wp\/v2\/product\/5242","targetHints":{"allow":["GET"]}}],"collection":[{"href":"https:\/\/trece-store.com\/en\/wp-json\/wp\/v2\/product"}],"about":[{"href":"https:\/\/trece-store.com\/en\/wp-json\/wp\/v2\/types\/product"}],"wp:featuredmedia":[{"embeddable":true,"href":"https:\/\/trece-store.com\/en\/wp-json\/wp\/v2\/media\/5257"}],"wp:attachment":[{"href":"https:\/\/trece-store.com\/en\/wp-json\/wp\/v2\/media?parent=5242"}],"wp:term":[{"taxonomy":"product_brand","embeddable":true,"href":"https:\/\/trece-store.com\/en\/wp-json\/wp\/v2\/product_brand?post=5242"},{"taxonomy":"product_cat","embeddable":true,"href":"https:\/\/trece-store.com\/en\/wp-json\/wp\/v2\/product_cat?post=5242"},{"taxonomy":"product_tag","embeddable":true,"href":"https:\/\/trece-store.com\/en\/wp-json\/wp\/v2\/product_tag?post=5242"}],"curies":[{"name":"wp","href":"https:\/\/api.w.org\/{rel}","templated":true}]}}