{"id":4929,"date":"2023-12-22T14:56:45","date_gmt":"2023-12-22T13:56:45","guid":{"rendered":"https:\/\/trece-store.com\/?post_type=product&#038;p=4929"},"modified":"2024-06-10T10:33:55","modified_gmt":"2024-06-10T08:33:55","slug":"thermal-bottle","status":"publish","type":"product","link":"https:\/\/trece-store.com\/en\/produkt\/thermal-bottle\/","title":{"rendered":"THERMAL BOTTLE"},"content":{"rendered":"<section class=\"l-section wpb_row height_custom\"><div class=\"l-section-h i-cf\"><div class=\"g-cols vc_row via_flex valign_top type_default stacking_default\"><div class=\"vc_col-sm-12 wpb_column vc_column_container\"><div class=\"vc_column-inner\"><div class=\"wpb_wrapper\"><div class=\"wpb_text_column\" id=\"opis\"><div class=\"wpb_wrapper\"><p>Take care of your comfort, health, and the environment \u2013 choose a thermal bottle that not only meets your expectations in terms of functionality and aesthetics but is also a responsible choice for you and the planet!<\/p>\n<p>These bottles have a capacity of 1 liter and are made from stainless steel, featuring double walls with a vacuum in between, which not only ensures durability but also maintains the appropriate temperature; heat is retained for up to 12 hours, while the outer coating remains at room temperature.<\/p>\n<p>Their design makes them extremely handy, an additional handle makes it easier to carry the bottle, even when it is full, and the screw cap ensures 100% leak-proof. It does not release harmful substances into the drink and is BPA-free.<\/p>\n<p>Available in ivory and light brown.<\/p>\n<p>The bottles should be washed by hand.<\/p>\n<p>Sharp objects can damage the bottle&#8217;s external, velvety coating.<\/p>\n<p>Note: Colors may vary slightly in reality due to individual monitor settings \u2013 we recommend viewing the products on our Instagram @trece.pl<\/p>\n<p>Dimensions: 26 cm x 9 cm<\/p>\n<p>Capacity: 1 liter<\/p>\n<p>Weight: 421g<\/p>\n<\/div><\/div><\/div><\/div><\/div><\/div><\/div><\/section>\n","protected":false},"excerpt":{"rendered":"Take care of your comfort, health, and the environment \u2013 choose a thermal bottle that not only meets your expectations in terms of functionality and aesthetics but is also a responsible choice for you and the planet! These bottles have a capacity of 1 liter and are made from stainless steel, featuring double walls with...","protected":false},"featured_media":4860,"template":"","meta":[],"product_brand":[],"product_cat":[15],"product_tag":[],"class_list":{"0":"post-4929","1":"product","2":"type-product","3":"status-publish","4":"has-post-thumbnail","6":"product_cat-chocolate","8":"first","9":"instock","10":"taxable","11":"shipping-taxable","12":"purchasable","13":"product-type-variable"},"yoast_head":"<!-- This site is optimized with the Yoast SEO plugin v27.1.1 - https:\/\/yoast.com\/product\/yoast-seo-wordpress\/ -->\n<title>THERMAL BOTTLE - TR\u00c9CE<\/title>\n<meta name=\"robots\" content=\"index, follow, max-snippet:-1, max-image-preview:large, max-video-preview:-1\" \/>\n<link rel=\"canonical\" href=\"https:\/\/trece-store.com\/en\/produkt\/thermal-bottle\/\" \/>\n<meta property=\"og:locale\" content=\"en_US\" \/>\n<meta property=\"og:type\" content=\"article\" \/>\n<meta property=\"og:title\" content=\"THERMAL BOTTLE - TR\u00c9CE\" \/>\n<meta property=\"og:url\" content=\"https:\/\/trece-store.com\/en\/produkt\/thermal-bottle\/\" \/>\n<meta property=\"og:site_name\" content=\"TR\u00c9CE\" \/>\n<meta property=\"article:modified_time\" content=\"2024-06-10T08:33:55+00:00\" \/>\n<meta property=\"og:image\" content=\"https:\/\/trece-store.com\/wp-content\/uploads\/2023\/12\/IMG_0453-scaled.jpg\" \/>\n\t<meta property=\"og:image:width\" content=\"1705\" \/>\n\t<meta property=\"og:image:height\" content=\"2560\" \/>\n\t<meta property=\"og:image:type\" content=\"image\/jpeg\" \/>\n<meta name=\"twitter:card\" content=\"summary_large_image\" \/>\n<meta name=\"twitter:label1\" content=\"Est. reading time\" \/>\n\t<meta name=\"twitter:data1\" content=\"1 minute\" \/>\n<script type=\"application\/ld+json\" class=\"yoast-schema-graph\">{\"@context\":\"https:\/\/schema.org\",\"@graph\":[{\"@type\":\"WebPage\",\"@id\":\"https:\/\/trece-store.com\/en\/produkt\/thermal-bottle\/\",\"url\":\"https:\/\/trece-store.com\/en\/produkt\/thermal-bottle\/\",\"name\":\"THERMAL BOTTLE - TR\u00c9CE\",\"isPartOf\":{\"@id\":\"https:\/\/trece-store.com\/en\/#website\"},\"primaryImageOfPage\":{\"@id\":\"https:\/\/trece-store.com\/en\/produkt\/thermal-bottle\/#primaryimage\"},\"image\":{\"@id\":\"https:\/\/trece-store.com\/en\/produkt\/thermal-bottle\/#primaryimage\"},\"thumbnailUrl\":\"https:\/\/trece-store.com\/wp-content\/uploads\/2023\/12\/IMG_0453-scaled.jpg\",\"datePublished\":\"2023-12-22T13:56:45+00:00\",\"dateModified\":\"2024-06-10T08:33:55+00:00\",\"breadcrumb\":{\"@id\":\"https:\/\/trece-store.com\/en\/produkt\/thermal-bottle\/#breadcrumb\"},\"inLanguage\":\"en-US\",\"potentialAction\":[{\"@type\":\"ReadAction\",\"target\":[\"https:\/\/trece-store.com\/en\/produkt\/thermal-bottle\/\"]}]},{\"@type\":\"ImageObject\",\"inLanguage\":\"en-US\",\"@id\":\"https:\/\/trece-store.com\/en\/produkt\/thermal-bottle\/#primaryimage\",\"url\":\"https:\/\/trece-store.com\/wp-content\/uploads\/2023\/12\/IMG_0453-scaled.jpg\",\"contentUrl\":\"https:\/\/trece-store.com\/wp-content\/uploads\/2023\/12\/IMG_0453-scaled.jpg\",\"width\":1705,\"height\":2560},{\"@type\":\"BreadcrumbList\",\"@id\":\"https:\/\/trece-store.com\/en\/produkt\/thermal-bottle\/#breadcrumb\",\"itemListElement\":[{\"@type\":\"ListItem\",\"position\":1,\"name\":\"Strona g\u0142\u00f3wna\",\"item\":\"https:\/\/trece-store.com\/en\/\"},{\"@type\":\"ListItem\",\"position\":2,\"name\":\"Shop\",\"item\":\"https:\/\/trece-store.com\/en\/shop\/\"},{\"@type\":\"ListItem\",\"position\":3,\"name\":\"THERMAL BOTTLE\"}]},{\"@type\":\"WebSite\",\"@id\":\"https:\/\/trece-store.com\/en\/#website\",\"url\":\"https:\/\/trece-store.com\/en\/\",\"name\":\"TR\u00c9CE\",\"description\":\"Nasz\u0105 misj\u0105 jest dostarczanie najwy\u017cszej jako\u015bci produkt\u00f3w, dzi\u0119ki kt\u00f3rym pozostaniesz w strefie komfortu, wyra\u017caj\u0105c przy tym sw\u00f3j styl i osobowo\u015b\u0107.\",\"publisher\":{\"@id\":\"https:\/\/trece-store.com\/en\/#organization\"},\"potentialAction\":[{\"@type\":\"SearchAction\",\"target\":{\"@type\":\"EntryPoint\",\"urlTemplate\":\"https:\/\/trece-store.com\/en\/?s={search_term_string}\"},\"query-input\":{\"@type\":\"PropertyValueSpecification\",\"valueRequired\":true,\"valueName\":\"search_term_string\"}}],\"inLanguage\":\"en-US\"},{\"@type\":\"Organization\",\"@id\":\"https:\/\/trece-store.com\/en\/#organization\",\"name\":\"Nasz\u0105 misj\u0105 jest dostarczanie najwy\u017cszej jako\u015bci produkt\u00f3w, dzi\u0119ki kt\u00f3rym pozostaniesz w strefie komfortu, wyra\u017caj\u0105c przy tym sw\u00f3j styl i osobowo\u015b\u0107.\",\"url\":\"https:\/\/trece-store.com\/en\/\",\"logo\":{\"@type\":\"ImageObject\",\"inLanguage\":\"en-US\",\"@id\":\"https:\/\/trece-store.com\/en\/#\/schema\/logo\/image\/\",\"url\":\"https:\/\/trece-store.com\/wp-content\/uploads\/2024\/05\/favicon.png\",\"contentUrl\":\"https:\/\/trece-store.com\/wp-content\/uploads\/2024\/05\/favicon.png\",\"width\":1024,\"height\":1024,\"caption\":\"Nasz\u0105 misj\u0105 jest dostarczanie najwy\u017cszej jako\u015bci produkt\u00f3w, dzi\u0119ki kt\u00f3rym pozostaniesz w strefie komfortu, wyra\u017caj\u0105c przy tym sw\u00f3j styl i osobowo\u015b\u0107.\"},\"image\":{\"@id\":\"https:\/\/trece-store.com\/en\/#\/schema\/logo\/image\/\"},\"sameAs\":[\"https:\/\/www.instagram.com\/trece.pl?igsh=anphbGVhdTJ2NzJ1&utm_source=qr\",\"https:\/\/pin.it\/4zE4LLDCh\",\"https:\/\/www.tiktok.com\/@trece_pl?_t=8mEyJAfSYYi&_r=1\"]}]}<\/script>\n<!-- \/ Yoast SEO plugin. -->","yoast_head_json":{"title":"THERMAL BOTTLE - TR\u00c9CE","robots":{"index":"index","follow":"follow","max-snippet":"max-snippet:-1","max-image-preview":"max-image-preview:large","max-video-preview":"max-video-preview:-1"},"canonical":"https:\/\/trece-store.com\/en\/produkt\/thermal-bottle\/","og_locale":"en_US","og_type":"article","og_title":"THERMAL BOTTLE - TR\u00c9CE","og_url":"https:\/\/trece-store.com\/en\/produkt\/thermal-bottle\/","og_site_name":"TR\u00c9CE","article_modified_time":"2024-06-10T08:33:55+00:00","og_image":[{"width":1705,"height":2560,"url":"https:\/\/trece-store.com\/wp-content\/uploads\/2023\/12\/IMG_0453-scaled.jpg","type":"image\/jpeg"}],"twitter_card":"summary_large_image","twitter_misc":{"Est. reading time":"1 minute"},"schema":{"@context":"https:\/\/schema.org","@graph":[{"@type":"WebPage","@id":"https:\/\/trece-store.com\/en\/produkt\/thermal-bottle\/","url":"https:\/\/trece-store.com\/en\/produkt\/thermal-bottle\/","name":"THERMAL BOTTLE - TR\u00c9CE","isPartOf":{"@id":"https:\/\/trece-store.com\/en\/#website"},"primaryImageOfPage":{"@id":"https:\/\/trece-store.com\/en\/produkt\/thermal-bottle\/#primaryimage"},"image":{"@id":"https:\/\/trece-store.com\/en\/produkt\/thermal-bottle\/#primaryimage"},"thumbnailUrl":"https:\/\/trece-store.com\/wp-content\/uploads\/2023\/12\/IMG_0453-scaled.jpg","datePublished":"2023-12-22T13:56:45+00:00","dateModified":"2024-06-10T08:33:55+00:00","breadcrumb":{"@id":"https:\/\/trece-store.com\/en\/produkt\/thermal-bottle\/#breadcrumb"},"inLanguage":"en-US","potentialAction":[{"@type":"ReadAction","target":["https:\/\/trece-store.com\/en\/produkt\/thermal-bottle\/"]}]},{"@type":"ImageObject","inLanguage":"en-US","@id":"https:\/\/trece-store.com\/en\/produkt\/thermal-bottle\/#primaryimage","url":"https:\/\/trece-store.com\/wp-content\/uploads\/2023\/12\/IMG_0453-scaled.jpg","contentUrl":"https:\/\/trece-store.com\/wp-content\/uploads\/2023\/12\/IMG_0453-scaled.jpg","width":1705,"height":2560},{"@type":"BreadcrumbList","@id":"https:\/\/trece-store.com\/en\/produkt\/thermal-bottle\/#breadcrumb","itemListElement":[{"@type":"ListItem","position":1,"name":"Strona g\u0142\u00f3wna","item":"https:\/\/trece-store.com\/en\/"},{"@type":"ListItem","position":2,"name":"Shop","item":"https:\/\/trece-store.com\/en\/shop\/"},{"@type":"ListItem","position":3,"name":"THERMAL BOTTLE"}]},{"@type":"WebSite","@id":"https:\/\/trece-store.com\/en\/#website","url":"https:\/\/trece-store.com\/en\/","name":"TR\u00c9CE","description":"Nasz\u0105 misj\u0105 jest dostarczanie najwy\u017cszej jako\u015bci produkt\u00f3w, dzi\u0119ki kt\u00f3rym pozostaniesz w strefie komfortu, wyra\u017caj\u0105c przy tym sw\u00f3j styl i osobowo\u015b\u0107.","publisher":{"@id":"https:\/\/trece-store.com\/en\/#organization"},"potentialAction":[{"@type":"SearchAction","target":{"@type":"EntryPoint","urlTemplate":"https:\/\/trece-store.com\/en\/?s={search_term_string}"},"query-input":{"@type":"PropertyValueSpecification","valueRequired":true,"valueName":"search_term_string"}}],"inLanguage":"en-US"},{"@type":"Organization","@id":"https:\/\/trece-store.com\/en\/#organization","name":"Nasz\u0105 misj\u0105 jest dostarczanie najwy\u017cszej jako\u015bci produkt\u00f3w, dzi\u0119ki kt\u00f3rym pozostaniesz w strefie komfortu, wyra\u017caj\u0105c przy tym sw\u00f3j styl i osobowo\u015b\u0107.","url":"https:\/\/trece-store.com\/en\/","logo":{"@type":"ImageObject","inLanguage":"en-US","@id":"https:\/\/trece-store.com\/en\/#\/schema\/logo\/image\/","url":"https:\/\/trece-store.com\/wp-content\/uploads\/2024\/05\/favicon.png","contentUrl":"https:\/\/trece-store.com\/wp-content\/uploads\/2024\/05\/favicon.png","width":1024,"height":1024,"caption":"Nasz\u0105 misj\u0105 jest dostarczanie najwy\u017cszej jako\u015bci produkt\u00f3w, dzi\u0119ki kt\u00f3rym pozostaniesz w strefie komfortu, wyra\u017caj\u0105c przy tym sw\u00f3j styl i osobowo\u015b\u0107."},"image":{"@id":"https:\/\/trece-store.com\/en\/#\/schema\/logo\/image\/"},"sameAs":["https:\/\/www.instagram.com\/trece.pl?igsh=anphbGVhdTJ2NzJ1&utm_source=qr","https:\/\/pin.it\/4zE4LLDCh","https:\/\/www.tiktok.com\/@trece_pl?_t=8mEyJAfSYYi&_r=1"]}]}},"_links":{"self":[{"href":"https:\/\/trece-store.com\/en\/wp-json\/wp\/v2\/product\/4929","targetHints":{"allow":["GET"]}}],"collection":[{"href":"https:\/\/trece-store.com\/en\/wp-json\/wp\/v2\/product"}],"about":[{"href":"https:\/\/trece-store.com\/en\/wp-json\/wp\/v2\/types\/product"}],"wp:featuredmedia":[{"embeddable":true,"href":"https:\/\/trece-store.com\/en\/wp-json\/wp\/v2\/media\/4860"}],"wp:attachment":[{"href":"https:\/\/trece-store.com\/en\/wp-json\/wp\/v2\/media?parent=4929"}],"wp:term":[{"taxonomy":"product_brand","embeddable":true,"href":"https:\/\/trece-store.com\/en\/wp-json\/wp\/v2\/product_brand?post=4929"},{"taxonomy":"product_cat","embeddable":true,"href":"https:\/\/trece-store.com\/en\/wp-json\/wp\/v2\/product_cat?post=4929"},{"taxonomy":"product_tag","embeddable":true,"href":"https:\/\/trece-store.com\/en\/wp-json\/wp\/v2\/product_tag?post=4929"}],"curies":[{"name":"wp","href":"https:\/\/api.w.org\/{rel}","templated":true}]}}