{"id":4926,"date":"2024-05-20T17:22:12","date_gmt":"2024-05-20T15:22:12","guid":{"rendered":"https:\/\/trece-store.com\/?post_type=product&#038;p=4926"},"modified":"2024-06-10T10:32:54","modified_gmt":"2024-06-10T08:32:54","slug":"almond-weights-0-5kg","status":"publish","type":"product","link":"https:\/\/trece-store.com\/en\/produkt\/almond-weights-0-5kg\/","title":{"rendered":"ALMOND WEIGHTS 0.5kg"},"content":{"rendered":"<p>The TR\u00c9CE ankle or wrist weights, made of solid steel and covered with soft &#8220;baby silicone&#8221; in three color shades: almond, natural, and brownie, are not only functional but also incredibly stylish. Each weight features an engraved logo that adds an exclusive character and minimalist style. Flexible straps and Velcro closures ensure a perfect fit.<\/p>\n<p>Available in weights of approximately 0.5 kg or 1 kg, our weights are an excellent addition to home workouts, Pilates classes, fitness, or even everyday activities. You can wear them on both wrists and ankles, providing an additional challenge and intensifying the effects of your workout.<\/p>\n<p>Moreover, our weights allow for weight adjustment, so you can tailor them to your individual training needs.<\/p>\n","protected":false},"excerpt":{"rendered":"<p>The TR\u00c9CE ankle or wrist weights, made of solid steel and covered with soft &#8220;baby silicone&#8221; in three color shades: almond, natural, and brownie, are not only functional but also incredibly stylish. Each weight features an engraved logo that adds an exclusive character and minimalist style. Flexible straps and Velcro closures ensure a perfect fit&#8230;.<\/p>\n","protected":false},"featured_media":4876,"template":"","meta":[],"product_brand":[],"product_cat":[15],"product_tag":[],"class_list":{"0":"post-4926","1":"product","2":"type-product","3":"status-publish","4":"has-post-thumbnail","6":"product_cat-chocolate","8":"first","9":"instock","10":"taxable","11":"shipping-taxable","12":"purchasable","13":"product-type-simple"},"yoast_head":"<!-- This site is optimized with the Yoast SEO plugin v27.1.1 - https:\/\/yoast.com\/product\/yoast-seo-wordpress\/ -->\n<title>ALMOND WEIGHTS 0.5kg - TR\u00c9CE<\/title>\n<meta name=\"robots\" content=\"index, follow, max-snippet:-1, max-image-preview:large, max-video-preview:-1\" \/>\n<link rel=\"canonical\" href=\"https:\/\/trece-store.com\/en\/produkt\/almond-weights-0-5kg\/\" \/>\n<meta property=\"og:locale\" content=\"en_US\" \/>\n<meta property=\"og:type\" content=\"article\" \/>\n<meta property=\"og:title\" content=\"ALMOND WEIGHTS 0.5kg - TR\u00c9CE\" \/>\n<meta property=\"og:description\" content=\"The TR\u00c9CE ankle or wrist weights, made of solid steel and covered with soft &#8220;baby silicone&#8221; in three color shades: almond, natural, and brownie, are not only functional but also incredibly stylish. Each weight features an engraved logo that adds an exclusive character and minimalist style. Flexible straps and Velcro closures ensure a perfect fit....\" \/>\n<meta property=\"og:url\" content=\"https:\/\/trece-store.com\/en\/produkt\/almond-weights-0-5kg\/\" \/>\n<meta property=\"og:site_name\" content=\"TR\u00c9CE\" \/>\n<meta property=\"article:modified_time\" content=\"2024-06-10T08:32:54+00:00\" \/>\n<meta property=\"og:image\" content=\"https:\/\/trece-store.com\/wp-content\/uploads\/2023\/12\/IMG_0444-scaled.jpg\" \/>\n\t<meta property=\"og:image:width\" content=\"1705\" \/>\n\t<meta property=\"og:image:height\" content=\"2560\" \/>\n\t<meta property=\"og:image:type\" content=\"image\/jpeg\" \/>\n<meta name=\"twitter:card\" content=\"summary_large_image\" \/>\n<script type=\"application\/ld+json\" class=\"yoast-schema-graph\">{\"@context\":\"https:\/\/schema.org\",\"@graph\":[{\"@type\":\"WebPage\",\"@id\":\"https:\/\/trece-store.com\/en\/produkt\/almond-weights-0-5kg\/\",\"url\":\"https:\/\/trece-store.com\/en\/produkt\/almond-weights-0-5kg\/\",\"name\":\"ALMOND WEIGHTS 0.5kg - TR\u00c9CE\",\"isPartOf\":{\"@id\":\"https:\/\/trece-store.com\/en\/#website\"},\"primaryImageOfPage\":{\"@id\":\"https:\/\/trece-store.com\/en\/produkt\/almond-weights-0-5kg\/#primaryimage\"},\"image\":{\"@id\":\"https:\/\/trece-store.com\/en\/produkt\/almond-weights-0-5kg\/#primaryimage\"},\"thumbnailUrl\":\"https:\/\/trece-store.com\/wp-content\/uploads\/2023\/12\/IMG_0444-scaled.jpg\",\"datePublished\":\"2024-05-20T15:22:12+00:00\",\"dateModified\":\"2024-06-10T08:32:54+00:00\",\"breadcrumb\":{\"@id\":\"https:\/\/trece-store.com\/en\/produkt\/almond-weights-0-5kg\/#breadcrumb\"},\"inLanguage\":\"en-US\",\"potentialAction\":[{\"@type\":\"ReadAction\",\"target\":[\"https:\/\/trece-store.com\/en\/produkt\/almond-weights-0-5kg\/\"]}]},{\"@type\":\"ImageObject\",\"inLanguage\":\"en-US\",\"@id\":\"https:\/\/trece-store.com\/en\/produkt\/almond-weights-0-5kg\/#primaryimage\",\"url\":\"https:\/\/trece-store.com\/wp-content\/uploads\/2023\/12\/IMG_0444-scaled.jpg\",\"contentUrl\":\"https:\/\/trece-store.com\/wp-content\/uploads\/2023\/12\/IMG_0444-scaled.jpg\",\"width\":1705,\"height\":2560},{\"@type\":\"BreadcrumbList\",\"@id\":\"https:\/\/trece-store.com\/en\/produkt\/almond-weights-0-5kg\/#breadcrumb\",\"itemListElement\":[{\"@type\":\"ListItem\",\"position\":1,\"name\":\"Strona g\u0142\u00f3wna\",\"item\":\"https:\/\/trece-store.com\/en\/\"},{\"@type\":\"ListItem\",\"position\":2,\"name\":\"Shop\",\"item\":\"https:\/\/trece-store.com\/en\/shop\/\"},{\"@type\":\"ListItem\",\"position\":3,\"name\":\"ALMOND WEIGHTS 0.5kg\"}]},{\"@type\":\"WebSite\",\"@id\":\"https:\/\/trece-store.com\/en\/#website\",\"url\":\"https:\/\/trece-store.com\/en\/\",\"name\":\"TR\u00c9CE\",\"description\":\"Nasz\u0105 misj\u0105 jest dostarczanie najwy\u017cszej jako\u015bci produkt\u00f3w, dzi\u0119ki kt\u00f3rym pozostaniesz w strefie komfortu, wyra\u017caj\u0105c przy tym sw\u00f3j styl i osobowo\u015b\u0107.\",\"publisher\":{\"@id\":\"https:\/\/trece-store.com\/en\/#organization\"},\"potentialAction\":[{\"@type\":\"SearchAction\",\"target\":{\"@type\":\"EntryPoint\",\"urlTemplate\":\"https:\/\/trece-store.com\/en\/?s={search_term_string}\"},\"query-input\":{\"@type\":\"PropertyValueSpecification\",\"valueRequired\":true,\"valueName\":\"search_term_string\"}}],\"inLanguage\":\"en-US\"},{\"@type\":\"Organization\",\"@id\":\"https:\/\/trece-store.com\/en\/#organization\",\"name\":\"Nasz\u0105 misj\u0105 jest dostarczanie najwy\u017cszej jako\u015bci produkt\u00f3w, dzi\u0119ki kt\u00f3rym pozostaniesz w strefie komfortu, wyra\u017caj\u0105c przy tym sw\u00f3j styl i osobowo\u015b\u0107.\",\"url\":\"https:\/\/trece-store.com\/en\/\",\"logo\":{\"@type\":\"ImageObject\",\"inLanguage\":\"en-US\",\"@id\":\"https:\/\/trece-store.com\/en\/#\/schema\/logo\/image\/\",\"url\":\"https:\/\/trece-store.com\/wp-content\/uploads\/2024\/05\/favicon.png\",\"contentUrl\":\"https:\/\/trece-store.com\/wp-content\/uploads\/2024\/05\/favicon.png\",\"width\":1024,\"height\":1024,\"caption\":\"Nasz\u0105 misj\u0105 jest dostarczanie najwy\u017cszej jako\u015bci produkt\u00f3w, dzi\u0119ki kt\u00f3rym pozostaniesz w strefie komfortu, wyra\u017caj\u0105c przy tym sw\u00f3j styl i osobowo\u015b\u0107.\"},\"image\":{\"@id\":\"https:\/\/trece-store.com\/en\/#\/schema\/logo\/image\/\"},\"sameAs\":[\"https:\/\/www.instagram.com\/trece.pl?igsh=anphbGVhdTJ2NzJ1&utm_source=qr\",\"https:\/\/pin.it\/4zE4LLDCh\",\"https:\/\/www.tiktok.com\/@trece_pl?_t=8mEyJAfSYYi&_r=1\"]}]}<\/script>\n<!-- \/ Yoast SEO plugin. -->","yoast_head_json":{"title":"ALMOND WEIGHTS 0.5kg - TR\u00c9CE","robots":{"index":"index","follow":"follow","max-snippet":"max-snippet:-1","max-image-preview":"max-image-preview:large","max-video-preview":"max-video-preview:-1"},"canonical":"https:\/\/trece-store.com\/en\/produkt\/almond-weights-0-5kg\/","og_locale":"en_US","og_type":"article","og_title":"ALMOND WEIGHTS 0.5kg - TR\u00c9CE","og_description":"The TR\u00c9CE ankle or wrist weights, made of solid steel and covered with soft &#8220;baby silicone&#8221; in three color shades: almond, natural, and brownie, are not only functional but also incredibly stylish. Each weight features an engraved logo that adds an exclusive character and minimalist style. Flexible straps and Velcro closures ensure a perfect fit....","og_url":"https:\/\/trece-store.com\/en\/produkt\/almond-weights-0-5kg\/","og_site_name":"TR\u00c9CE","article_modified_time":"2024-06-10T08:32:54+00:00","og_image":[{"width":1705,"height":2560,"url":"https:\/\/trece-store.com\/wp-content\/uploads\/2023\/12\/IMG_0444-scaled.jpg","type":"image\/jpeg"}],"twitter_card":"summary_large_image","schema":{"@context":"https:\/\/schema.org","@graph":[{"@type":"WebPage","@id":"https:\/\/trece-store.com\/en\/produkt\/almond-weights-0-5kg\/","url":"https:\/\/trece-store.com\/en\/produkt\/almond-weights-0-5kg\/","name":"ALMOND WEIGHTS 0.5kg - TR\u00c9CE","isPartOf":{"@id":"https:\/\/trece-store.com\/en\/#website"},"primaryImageOfPage":{"@id":"https:\/\/trece-store.com\/en\/produkt\/almond-weights-0-5kg\/#primaryimage"},"image":{"@id":"https:\/\/trece-store.com\/en\/produkt\/almond-weights-0-5kg\/#primaryimage"},"thumbnailUrl":"https:\/\/trece-store.com\/wp-content\/uploads\/2023\/12\/IMG_0444-scaled.jpg","datePublished":"2024-05-20T15:22:12+00:00","dateModified":"2024-06-10T08:32:54+00:00","breadcrumb":{"@id":"https:\/\/trece-store.com\/en\/produkt\/almond-weights-0-5kg\/#breadcrumb"},"inLanguage":"en-US","potentialAction":[{"@type":"ReadAction","target":["https:\/\/trece-store.com\/en\/produkt\/almond-weights-0-5kg\/"]}]},{"@type":"ImageObject","inLanguage":"en-US","@id":"https:\/\/trece-store.com\/en\/produkt\/almond-weights-0-5kg\/#primaryimage","url":"https:\/\/trece-store.com\/wp-content\/uploads\/2023\/12\/IMG_0444-scaled.jpg","contentUrl":"https:\/\/trece-store.com\/wp-content\/uploads\/2023\/12\/IMG_0444-scaled.jpg","width":1705,"height":2560},{"@type":"BreadcrumbList","@id":"https:\/\/trece-store.com\/en\/produkt\/almond-weights-0-5kg\/#breadcrumb","itemListElement":[{"@type":"ListItem","position":1,"name":"Strona g\u0142\u00f3wna","item":"https:\/\/trece-store.com\/en\/"},{"@type":"ListItem","position":2,"name":"Shop","item":"https:\/\/trece-store.com\/en\/shop\/"},{"@type":"ListItem","position":3,"name":"ALMOND WEIGHTS 0.5kg"}]},{"@type":"WebSite","@id":"https:\/\/trece-store.com\/en\/#website","url":"https:\/\/trece-store.com\/en\/","name":"TR\u00c9CE","description":"Nasz\u0105 misj\u0105 jest dostarczanie najwy\u017cszej jako\u015bci produkt\u00f3w, dzi\u0119ki kt\u00f3rym pozostaniesz w strefie komfortu, wyra\u017caj\u0105c przy tym sw\u00f3j styl i osobowo\u015b\u0107.","publisher":{"@id":"https:\/\/trece-store.com\/en\/#organization"},"potentialAction":[{"@type":"SearchAction","target":{"@type":"EntryPoint","urlTemplate":"https:\/\/trece-store.com\/en\/?s={search_term_string}"},"query-input":{"@type":"PropertyValueSpecification","valueRequired":true,"valueName":"search_term_string"}}],"inLanguage":"en-US"},{"@type":"Organization","@id":"https:\/\/trece-store.com\/en\/#organization","name":"Nasz\u0105 misj\u0105 jest dostarczanie najwy\u017cszej jako\u015bci produkt\u00f3w, dzi\u0119ki kt\u00f3rym pozostaniesz w strefie komfortu, wyra\u017caj\u0105c przy tym sw\u00f3j styl i osobowo\u015b\u0107.","url":"https:\/\/trece-store.com\/en\/","logo":{"@type":"ImageObject","inLanguage":"en-US","@id":"https:\/\/trece-store.com\/en\/#\/schema\/logo\/image\/","url":"https:\/\/trece-store.com\/wp-content\/uploads\/2024\/05\/favicon.png","contentUrl":"https:\/\/trece-store.com\/wp-content\/uploads\/2024\/05\/favicon.png","width":1024,"height":1024,"caption":"Nasz\u0105 misj\u0105 jest dostarczanie najwy\u017cszej jako\u015bci produkt\u00f3w, dzi\u0119ki kt\u00f3rym pozostaniesz w strefie komfortu, wyra\u017caj\u0105c przy tym sw\u00f3j styl i osobowo\u015b\u0107."},"image":{"@id":"https:\/\/trece-store.com\/en\/#\/schema\/logo\/image\/"},"sameAs":["https:\/\/www.instagram.com\/trece.pl?igsh=anphbGVhdTJ2NzJ1&utm_source=qr","https:\/\/pin.it\/4zE4LLDCh","https:\/\/www.tiktok.com\/@trece_pl?_t=8mEyJAfSYYi&_r=1"]}]}},"_links":{"self":[{"href":"https:\/\/trece-store.com\/en\/wp-json\/wp\/v2\/product\/4926","targetHints":{"allow":["GET"]}}],"collection":[{"href":"https:\/\/trece-store.com\/en\/wp-json\/wp\/v2\/product"}],"about":[{"href":"https:\/\/trece-store.com\/en\/wp-json\/wp\/v2\/types\/product"}],"wp:featuredmedia":[{"embeddable":true,"href":"https:\/\/trece-store.com\/en\/wp-json\/wp\/v2\/media\/4876"}],"wp:attachment":[{"href":"https:\/\/trece-store.com\/en\/wp-json\/wp\/v2\/media?parent=4926"}],"wp:term":[{"taxonomy":"product_brand","embeddable":true,"href":"https:\/\/trece-store.com\/en\/wp-json\/wp\/v2\/product_brand?post=4926"},{"taxonomy":"product_cat","embeddable":true,"href":"https:\/\/trece-store.com\/en\/wp-json\/wp\/v2\/product_cat?post=4926"},{"taxonomy":"product_tag","embeddable":true,"href":"https:\/\/trece-store.com\/en\/wp-json\/wp\/v2\/product_tag?post=4926"}],"curies":[{"name":"wp","href":"https:\/\/api.w.org\/{rel}","templated":true}]}}